{"id":1652,"date":"2023-03-13T12:00:37","date_gmt":"2023-03-13T11:00:37","guid":{"rendered":"https:\/\/politicasocial.vinaros.es\/servicios\/atencion-primaria-basica\/promocion-de-la-autonomia\/sad-dependencia\/"},"modified":"2023-03-17T12:53:43","modified_gmt":"2023-03-17T11:53:43","slug":"sad-dependencia","status":"publish","type":"page","link":"https:\/\/politicasocial.vinaros.es\/es\/servicios\/atencion-primaria-basica\/promocion-de-la-autonomia\/sad-dependencia\/","title":{"rendered":"SAD Depend\u00e8ncia"},"content":{"rendered":"\n<h2 class=\"wp-block-heading\">\u00bfQu\u00e9 es?<\/h2>\n\n<p>El servicio de ayuda a domicilio lo constituye el conjunto de actuaciones llevadas a cabo en el domicilio de las personas en situaci\u00f3n de dependencia con el fin de atender sus necesidades b\u00e1sicas de la vida diaria e incrementar su autonom\u00eda, posibilitando su permanencia al domicilio. Este servicio, comprende la atenci\u00f3n personal en la realizaci\u00f3n de las actividades de la vida diaria y la cobertura de las necesidades dom\u00e9sticas. <\/p>\n\n<h2 class=\"wp-block-heading\">Servicios prestados<\/h2>\n\n<p>El servicio se prestar\u00e1 dentro del horario ordinario (de 8:00 a 22:00 horas de lunes a viernes) Puntualmente, previo informe del profesional t\u00e9cnico de referencia se prestar\u00e1 en d\u00edas festivos o fuera del horario ordinario.<\/p>\n\n<p>La concreci\u00f3n de las franjas temporales de prestaci\u00f3n del servicio corresponde a la entidad adjudicataria, atendiendo a las tareas, necesidades, situaci\u00f3n de la persona usuaria y horarios generales de los cuadrantes de los auxiliares, salvo situaciones excepcionales y motivadas que ser\u00e1n acordadas con el Ayuntamiento.<\/p>\n\n<p>Seg\u00fan la Disposici\u00f3n Transitoria Primera del Decreto 102\/2022, hasta el 31\/12\/2022 el servicio de car\u00e1cter personal y dom\u00e9stico se prestar\u00e1 con las intensidades detalladas en la Resoluci\u00f3n PIA emitida por la Conseller\u00eda de Inclusi\u00f3n y Pol\u00edticas Inclusivas de la siguiente manera:<\/p>\n\n<ul class=\"wp-block-list\">\n<li>Grado I: m\u00e1ximo 20 horas\/mes<\/li>\n\n\n\n<li>Grado II: entre 21 y 45 horas\/mes<\/li>\n\n\n\n<li>Grado III: entre 46 y 70 horas\/mes<\/li>\n<\/ul>\n\n<p>El servicio de ayuda a domicilio tendr\u00e1 que prestarlo la entidad o empresa acreditada para esta funci\u00f3n, y podr\u00e1 concretarse en:<\/p>\n\n<ul class=\"wp-block-list\">\n<li>Servicios relacionados con la atenci\u00f3n personal en la realizaci\u00f3n de las actividades de la vida diaria (apoyo a la marcha diaria, ayuda para levantarse, acostarse y desplazarse dentro del domicilio, seguimiento de medicaci\u00f3n, alimentaci\u00f3n, u otros determinados por el t\u00e9cnico de referencia).<\/li>\n\n\n\n<li>Servicios relacionados con la atenci\u00f3n de las necesidades dom\u00e9sticas o del hogar: compra, cocina, limpieza, plancha, lavado, u otros determinados por el t\u00e9cnico de referencia. Estos servicios solo podr\u00e1n prestarse juntamente con los se\u00f1alados en el apartado anterior.<\/li>\n<\/ul>\n\n<h2 class=\"wp-block-heading\">\u00bfQui\u00e9n puede acceder?<\/h2>\n\n<p>Ser\u00e1n beneficiarias de este servicio, aquellas personas en situaci\u00f3n de dependencia y con resoluci\u00f3n PIA que contempla como modalidad de intervenci\u00f3n m\u00e1s adecuada a sus necesidades y a su grado de dependencia, el servicio de ayuda a domicilio.<\/p>\n\n<h2 class=\"wp-block-heading\">\u00bfC\u00f3mo solicitarlo?<\/h2>\n\n<p>Aprobada por el \u00f3rgano competente la resoluci\u00f3n PIA donde se determina la prestaci\u00f3n SAD Dependencia, el profesional t\u00e9cnico de referencia del \u00e1rea de Acci\u00f3n Social del Ayuntamiento de Vinar\u00f2s ser\u00e1 el encargado comunicar la orden de alta y dar las instrucciones necesarias a la empresa adjudicataria para efectuar el dise\u00f1o de la intervenci\u00f3n, concretando las actuaciones que considere oportunas para el cumplimiento de los objetivos determinados. Ser\u00e1 as\u00ed mismo la persona responsable de la evaluaci\u00f3n continuada, de los cambios derivados de ella y de la conclusi\u00f3n del caso.<\/p>\n","protected":false},"excerpt":{"rendered":"<p>\u00bfQu\u00e9 es? El servicio de ayuda a domicilio lo constituye el conjunto de actuaciones llevadas a cabo en el domicilio de las personas en situaci\u00f3n de dependencia con el fin de atender sus necesidades b\u00e1sicas de la vida diaria e incrementar su autonom\u00eda, posibilitando su permanencia al domicilio. Este servicio, comprende la atenci\u00f3n personal en [&hellip;]<\/p>\n","protected":false},"author":1,"featured_media":0,"parent":498,"menu_order":1,"comment_status":"closed","ping_status":"closed","template":"","meta":{"_acf_changed":false,"inline_featured_image":false,"footnotes":""},"class_list":["post-1652","page","type-page","status-publish","hentry"],"acf":[],"yoast_head":"<!-- This site is optimized with the Yoast SEO plugin v27.0 - https:\/\/yoast.com\/product\/yoast-seo-wordpress\/ -->\n<title>SAD Depend\u00e8ncia - Pol\u00edtica Social - Ajuntament de Vinar\u00f2s<\/title>\n<meta name=\"robots\" content=\"index, follow, max-snippet:-1, max-image-preview:large, max-video-preview:-1\" \/>\n<link rel=\"canonical\" href=\"https:\/\/politicasocial.vinaros.es\/es\/servicios\/atencion-primaria-basica\/promocion-de-la-autonomia\/sad-dependencia\/\" \/>\n<meta property=\"og:locale\" content=\"es_ES\" \/>\n<meta property=\"og:type\" content=\"article\" \/>\n<meta property=\"og:title\" content=\"SAD Depend\u00e8ncia - Pol\u00edtica Social - Ajuntament de Vinar\u00f2s\" \/>\n<meta property=\"og:description\" content=\"\u00bfQu\u00e9 es? El servicio de ayuda a domicilio lo constituye el conjunto de actuaciones llevadas a cabo en el domicilio de las personas en situaci\u00f3n de dependencia con el fin de atender sus necesidades b\u00e1sicas de la vida diaria e incrementar su autonom\u00eda, posibilitando su permanencia al domicilio. Este servicio, comprende la atenci\u00f3n personal en [&hellip;]\" \/>\n<meta property=\"og:url\" content=\"https:\/\/politicasocial.vinaros.es\/es\/servicios\/atencion-primaria-basica\/promocion-de-la-autonomia\/sad-dependencia\/\" \/>\n<meta property=\"og:site_name\" content=\"Pol\u00edtica Social - Ajuntament de Vinar\u00f2s\" \/>\n<meta property=\"article:modified_time\" content=\"2023-03-17T11:53:43+00:00\" \/>\n<meta name=\"twitter:card\" content=\"summary_large_image\" \/>\n<meta name=\"twitter:label1\" content=\"Tiempo de lectura\" \/>\n\t<meta name=\"twitter:data1\" content=\"2 minutos\" \/>\n<script type=\"application\/ld+json\" class=\"yoast-schema-graph\">{\"@context\":\"https:\/\/schema.org\",\"@graph\":[{\"@type\":\"WebPage\",\"@id\":\"https:\/\/politicasocial.vinaros.es\/es\/servicios\/atencion-primaria-basica\/promocion-de-la-autonomia\/sad-dependencia\/\",\"url\":\"https:\/\/politicasocial.vinaros.es\/es\/servicios\/atencion-primaria-basica\/promocion-de-la-autonomia\/sad-dependencia\/\",\"name\":\"SAD Depend\u00e8ncia - Pol\u00edtica Social - Ajuntament de Vinar\u00f2s\",\"isPartOf\":{\"@id\":\"https:\/\/politicasocial.vinaros.es\/es\/#website\"},\"datePublished\":\"2023-03-13T11:00:37+00:00\",\"dateModified\":\"2023-03-17T11:53:43+00:00\",\"breadcrumb\":{\"@id\":\"https:\/\/politicasocial.vinaros.es\/es\/servicios\/atencion-primaria-basica\/promocion-de-la-autonomia\/sad-dependencia\/#breadcrumb\"},\"inLanguage\":\"es\",\"potentialAction\":[{\"@type\":\"ReadAction\",\"target\":[\"https:\/\/politicasocial.vinaros.es\/es\/servicios\/atencion-primaria-basica\/promocion-de-la-autonomia\/sad-dependencia\/\"]}]},{\"@type\":\"BreadcrumbList\",\"@id\":\"https:\/\/politicasocial.vinaros.es\/es\/servicios\/atencion-primaria-basica\/promocion-de-la-autonomia\/sad-dependencia\/#breadcrumb\",\"itemListElement\":[{\"@type\":\"ListItem\",\"position\":1,\"name\":\"Inicio\",\"item\":\"https:\/\/politicasocial.vinaros.es\/es\/\"},{\"@type\":\"ListItem\",\"position\":2,\"name\":\"Servicios\",\"item\":\"https:\/\/politicasocial.vinaros.es\/es\/serveis\/\"},{\"@type\":\"ListItem\",\"position\":3,\"name\":\"Atenci\u00f3n primaria b\u00e1sica\",\"item\":\"https:\/\/politicasocial.vinaros.es\/es\/serveis\/atencio-primaria-basica\/\"},{\"@type\":\"ListItem\",\"position\":4,\"name\":\"Promoci\u00f3n de la autonom\u00eda\",\"item\":\"https:\/\/politicasocial.vinaros.es\/es\/serveis\/atencio-primaria-basica\/promocio-de-lautonomia\/\"},{\"@type\":\"ListItem\",\"position\":5,\"name\":\"SAD Depend\u00e8ncia\"}]},{\"@type\":\"WebSite\",\"@id\":\"https:\/\/politicasocial.vinaros.es\/es\/#website\",\"url\":\"https:\/\/politicasocial.vinaros.es\/es\/\",\"name\":\"Pol\u00edtica Social - Ajuntament de Vinar\u00f2s\",\"description\":\"Regidoria de Pol\u00edtica Social\",\"potentialAction\":[{\"@type\":\"SearchAction\",\"target\":{\"@type\":\"EntryPoint\",\"urlTemplate\":\"https:\/\/politicasocial.vinaros.es\/es\/?s={search_term_string}\"},\"query-input\":{\"@type\":\"PropertyValueSpecification\",\"valueRequired\":true,\"valueName\":\"search_term_string\"}}],\"inLanguage\":\"es\"}]}<\/script>\n<!-- \/ Yoast SEO plugin. -->","yoast_head_json":{"title":"SAD Depend\u00e8ncia - Pol\u00edtica Social - Ajuntament de Vinar\u00f2s","robots":{"index":"index","follow":"follow","max-snippet":"max-snippet:-1","max-image-preview":"max-image-preview:large","max-video-preview":"max-video-preview:-1"},"canonical":"https:\/\/politicasocial.vinaros.es\/es\/servicios\/atencion-primaria-basica\/promocion-de-la-autonomia\/sad-dependencia\/","og_locale":"es_ES","og_type":"article","og_title":"SAD Depend\u00e8ncia - Pol\u00edtica Social - Ajuntament de Vinar\u00f2s","og_description":"\u00bfQu\u00e9 es? El servicio de ayuda a domicilio lo constituye el conjunto de actuaciones llevadas a cabo en el domicilio de las personas en situaci\u00f3n de dependencia con el fin de atender sus necesidades b\u00e1sicas de la vida diaria e incrementar su autonom\u00eda, posibilitando su permanencia al domicilio. Este servicio, comprende la atenci\u00f3n personal en [&hellip;]","og_url":"https:\/\/politicasocial.vinaros.es\/es\/servicios\/atencion-primaria-basica\/promocion-de-la-autonomia\/sad-dependencia\/","og_site_name":"Pol\u00edtica Social - Ajuntament de Vinar\u00f2s","article_modified_time":"2023-03-17T11:53:43+00:00","twitter_card":"summary_large_image","twitter_misc":{"Tiempo de lectura":"2 minutos"},"schema":{"@context":"https:\/\/schema.org","@graph":[{"@type":"WebPage","@id":"https:\/\/politicasocial.vinaros.es\/es\/servicios\/atencion-primaria-basica\/promocion-de-la-autonomia\/sad-dependencia\/","url":"https:\/\/politicasocial.vinaros.es\/es\/servicios\/atencion-primaria-basica\/promocion-de-la-autonomia\/sad-dependencia\/","name":"SAD Depend\u00e8ncia - Pol\u00edtica Social - Ajuntament de Vinar\u00f2s","isPartOf":{"@id":"https:\/\/politicasocial.vinaros.es\/es\/#website"},"datePublished":"2023-03-13T11:00:37+00:00","dateModified":"2023-03-17T11:53:43+00:00","breadcrumb":{"@id":"https:\/\/politicasocial.vinaros.es\/es\/servicios\/atencion-primaria-basica\/promocion-de-la-autonomia\/sad-dependencia\/#breadcrumb"},"inLanguage":"es","potentialAction":[{"@type":"ReadAction","target":["https:\/\/politicasocial.vinaros.es\/es\/servicios\/atencion-primaria-basica\/promocion-de-la-autonomia\/sad-dependencia\/"]}]},{"@type":"BreadcrumbList","@id":"https:\/\/politicasocial.vinaros.es\/es\/servicios\/atencion-primaria-basica\/promocion-de-la-autonomia\/sad-dependencia\/#breadcrumb","itemListElement":[{"@type":"ListItem","position":1,"name":"Inicio","item":"https:\/\/politicasocial.vinaros.es\/es\/"},{"@type":"ListItem","position":2,"name":"Servicios","item":"https:\/\/politicasocial.vinaros.es\/es\/serveis\/"},{"@type":"ListItem","position":3,"name":"Atenci\u00f3n primaria b\u00e1sica","item":"https:\/\/politicasocial.vinaros.es\/es\/serveis\/atencio-primaria-basica\/"},{"@type":"ListItem","position":4,"name":"Promoci\u00f3n de la autonom\u00eda","item":"https:\/\/politicasocial.vinaros.es\/es\/serveis\/atencio-primaria-basica\/promocio-de-lautonomia\/"},{"@type":"ListItem","position":5,"name":"SAD Depend\u00e8ncia"}]},{"@type":"WebSite","@id":"https:\/\/politicasocial.vinaros.es\/es\/#website","url":"https:\/\/politicasocial.vinaros.es\/es\/","name":"Pol\u00edtica Social - Ajuntament de Vinar\u00f2s","description":"Regidoria de Pol\u00edtica Social","potentialAction":[{"@type":"SearchAction","target":{"@type":"EntryPoint","urlTemplate":"https:\/\/politicasocial.vinaros.es\/es\/?s={search_term_string}"},"query-input":{"@type":"PropertyValueSpecification","valueRequired":true,"valueName":"search_term_string"}}],"inLanguage":"es"}]}},"_links":{"self":[{"href":"https:\/\/politicasocial.vinaros.es\/es\/wp-json\/wp\/v2\/pages\/1652","targetHints":{"allow":["GET"]}}],"collection":[{"href":"https:\/\/politicasocial.vinaros.es\/es\/wp-json\/wp\/v2\/pages"}],"about":[{"href":"https:\/\/politicasocial.vinaros.es\/es\/wp-json\/wp\/v2\/types\/page"}],"author":[{"embeddable":true,"href":"https:\/\/politicasocial.vinaros.es\/es\/wp-json\/wp\/v2\/users\/1"}],"replies":[{"embeddable":true,"href":"https:\/\/politicasocial.vinaros.es\/es\/wp-json\/wp\/v2\/comments?post=1652"}],"version-history":[{"count":7,"href":"https:\/\/politicasocial.vinaros.es\/es\/wp-json\/wp\/v2\/pages\/1652\/revisions"}],"predecessor-version":[{"id":1760,"href":"https:\/\/politicasocial.vinaros.es\/es\/wp-json\/wp\/v2\/pages\/1652\/revisions\/1760"}],"up":[{"embeddable":true,"href":"https:\/\/politicasocial.vinaros.es\/es\/wp-json\/wp\/v2\/pages\/498"}],"wp:attachment":[{"href":"https:\/\/politicasocial.vinaros.es\/es\/wp-json\/wp\/v2\/media?parent=1652"}],"curies":[{"name":"wp","href":"https:\/\/api.w.org\/{rel}","templated":true}]}}