{"id":1657,"date":"2023-03-13T12:02:19","date_gmt":"2023-03-13T11:02:19","guid":{"rendered":"https:\/\/politicasocial.vinaros.es\/servicios\/atencion-primaria-basica\/promocion-de-la-autonomia\/atencion-a-la-dependencia\/"},"modified":"2023-03-17T12:37:21","modified_gmt":"2023-03-17T11:37:21","slug":"atencion-a-la-dependencia","status":"publish","type":"page","link":"https:\/\/politicasocial.vinaros.es\/es\/servicios\/atencion-primaria-basica\/promocion-de-la-autonomia\/atencion-a-la-dependencia\/","title":{"rendered":"Atenci\u00f3n a la depend\u00e8ncia"},"content":{"rendered":"\n<h2 class=\"wp-block-heading\">\u00bfQu\u00e9 es?<\/h2>\n\n<p>Es un servicio que tiene por objeto regular las condiciones b\u00e1sicas que garanticen la igualdad en el ejercicio del derecho subjetivo de ciudadan\u00eda a la promoci\u00f3n de la autonom\u00eda personal y atenci\u00f3n a las personas en situaci\u00f3n de dependencia. Esta atenci\u00f3n deber\u00e1n orientarse a la consecuci\u00f3n de una mejor calidad de vida y autonom\u00eda personal facilitando una existencia aut\u00f3noma en su medio habitual, todo el tiempo que desee y sea posible, y proporcionar un trato digno en todos los \u00e1mbitos de su vida personal, familiar y social. <\/p>\n\n<h2 class=\"wp-block-heading\">Servicios prestados<\/h2>\n\n<ul class=\"wp-block-list\">\n<li>Consolidar y mantener el Servicio de promoci\u00f3n de la autonom\u00eda personal conforme a la Ley 3\/2019, de 18 de febrero.<\/li>\n\n\n\n<li>Informar, orientar y asesorar a toda la poblaci\u00f3n facilitando su conocimiento y acceso a las prestaciones del Sistema de Autonom\u00eda y Atenci\u00f3n a la Dependencia.<\/li>\n\n\n\n<li>Fomentar la autonom\u00eda personal, la inclusi\u00f3n social y la participaci\u00f3n en la vida de la comunidad.<\/li>\n\n\n\n<li>Colaborar y coordinar con la atenci\u00f3n primaria de car\u00e1cter espec\u00edfico y la atenci\u00f3n secundaria, as\u00ed como con otros sistemas p\u00fablicos de protecci\u00f3n social, bajo el principio de unidad de acci\u00f3n.<\/li>\n\n\n\n<li>Favorecer la permanencia de las personas dependientes en su domicilio y ajuste sociofamiliar, en su caso.<\/li>\n\n\n\n<li>Atender situaciones de crisis personal o familiar.<\/li>\n<\/ul>\n\n<h2 class=\"wp-block-heading\">\u00bfQui\u00e9n puede acceder?<\/h2>\n\n<p>Son titulares de los derechos establecidos en la Ley de dependencia los\/as espa\u00f1oles\/as que cumplan los siguientes requisitos:<\/p>\n\n<ul class=\"wp-block-list\">\n<li>Encontrarse en situaci\u00f3n de dependencia en alguno de los grados establecidos.<\/li>\n\n\n\n<li>Para los menores de 3 a\u00f1os se estar\u00e1 a lo dispuesto en la disposici\u00f3n adicional decimotercera de la ley 39\/2006, de 14 de diciembre.<\/li>\n\n\n\n<li>Residir en territorio espa\u00f1ol y haberlo hecho durante cinco a\u00f1os, de los cu\u00e1les dos deber\u00e1n ser inmediatamente anteriores a la fecha de presentaci\u00f3n de la solicitud. Para los menores de cinco a\u00f1os el periodo de residencia se exigir\u00e1 a quien ejerza su guarda y custodia. <\/li>\n\n\n\n<li>Las personas que tengan los anteriores requisitos y carezcan de la nacionalidad espa\u00f1ola se regir\u00e1n por lo establecido en la Ley Org\u00e1nica 4\/2000, de 11 de enero, sobre derechos y libertades de los extranjeros en Espa\u00f1a y su integraci\u00f3n social.<\/li>\n\n\n\n<li>Estar empadronado\/a en el municipio de Vinar\u00f2s.<\/li>\n<\/ul>\n\n<h2 class=\"wp-block-heading\">\u00bfC\u00f3mo solicitarlo?<\/h2>\n\n<p>Para solicitar el servicio se puede realizar en la direcci\u00f3n y tel\u00e9fono indicados a continuaci\u00f3n concertando cita previa de lunes a viernes de 9 a 14 horas.<\/p>\n\n<p><strong>Concejal\u00eda de Pol\u00edtica Social<\/strong><br\/>Pla\u00e7a Sant Antoni, 19<br\/>12500 Vinar\u00f2s<br\/>Tel: 964450075<\/p>\n\n<h2 class=\"wp-block-heading\">Documentaci\u00f3n<\/h2>\n\n<p><a href=\"http:\/\/www.inclusio.gva.es\/va\/web\/dependencia\">http:\/\/www.inclusio.gva.es\/va\/web\/dependencia<\/a><\/p>\n","protected":false},"excerpt":{"rendered":"<p>\u00bfQu\u00e9 es? Es un servicio que tiene por objeto regular las condiciones b\u00e1sicas que garanticen la igualdad en el ejercicio del derecho subjetivo de ciudadan\u00eda a la promoci\u00f3n de la autonom\u00eda personal y atenci\u00f3n a las personas en situaci\u00f3n de dependencia. Esta atenci\u00f3n deber\u00e1n orientarse a la consecuci\u00f3n de una mejor calidad de vida y [&hellip;]<\/p>\n","protected":false},"author":1,"featured_media":0,"parent":498,"menu_order":2,"comment_status":"closed","ping_status":"closed","template":"","meta":{"_acf_changed":false,"inline_featured_image":false,"footnotes":""},"class_list":["post-1657","page","type-page","status-publish","hentry"],"acf":[],"yoast_head":"<!-- This site is optimized with the Yoast SEO plugin v27.0 - https:\/\/yoast.com\/product\/yoast-seo-wordpress\/ -->\n<title>Atenci\u00f3n a la depend\u00e8ncia - Pol\u00edtica Social - Ajuntament de Vinar\u00f2s<\/title>\n<meta name=\"robots\" content=\"index, follow, max-snippet:-1, max-image-preview:large, max-video-preview:-1\" \/>\n<link rel=\"canonical\" href=\"https:\/\/politicasocial.vinaros.es\/es\/servicios\/atencion-primaria-basica\/promocion-de-la-autonomia\/atencion-a-la-dependencia\/\" \/>\n<meta property=\"og:locale\" content=\"es_ES\" \/>\n<meta property=\"og:type\" content=\"article\" \/>\n<meta property=\"og:title\" content=\"Atenci\u00f3n a la depend\u00e8ncia - Pol\u00edtica Social - Ajuntament de Vinar\u00f2s\" \/>\n<meta property=\"og:description\" content=\"\u00bfQu\u00e9 es? Es un servicio que tiene por objeto regular las condiciones b\u00e1sicas que garanticen la igualdad en el ejercicio del derecho subjetivo de ciudadan\u00eda a la promoci\u00f3n de la autonom\u00eda personal y atenci\u00f3n a las personas en situaci\u00f3n de dependencia. Esta atenci\u00f3n deber\u00e1n orientarse a la consecuci\u00f3n de una mejor calidad de vida y [&hellip;]\" \/>\n<meta property=\"og:url\" content=\"https:\/\/politicasocial.vinaros.es\/es\/servicios\/atencion-primaria-basica\/promocion-de-la-autonomia\/atencion-a-la-dependencia\/\" \/>\n<meta property=\"og:site_name\" content=\"Pol\u00edtica Social - Ajuntament de Vinar\u00f2s\" \/>\n<meta property=\"article:modified_time\" content=\"2023-03-17T11:37:21+00:00\" \/>\n<meta name=\"twitter:card\" content=\"summary_large_image\" \/>\n<meta name=\"twitter:label1\" content=\"Tiempo de lectura\" \/>\n\t<meta name=\"twitter:data1\" content=\"2 minutos\" \/>\n<script type=\"application\/ld+json\" class=\"yoast-schema-graph\">{\"@context\":\"https:\/\/schema.org\",\"@graph\":[{\"@type\":\"WebPage\",\"@id\":\"https:\/\/politicasocial.vinaros.es\/es\/servicios\/atencion-primaria-basica\/promocion-de-la-autonomia\/atencion-a-la-dependencia\/\",\"url\":\"https:\/\/politicasocial.vinaros.es\/es\/servicios\/atencion-primaria-basica\/promocion-de-la-autonomia\/atencion-a-la-dependencia\/\",\"name\":\"Atenci\u00f3n a la depend\u00e8ncia - Pol\u00edtica Social - Ajuntament de Vinar\u00f2s\",\"isPartOf\":{\"@id\":\"https:\/\/politicasocial.vinaros.es\/es\/#website\"},\"datePublished\":\"2023-03-13T11:02:19+00:00\",\"dateModified\":\"2023-03-17T11:37:21+00:00\",\"breadcrumb\":{\"@id\":\"https:\/\/politicasocial.vinaros.es\/es\/servicios\/atencion-primaria-basica\/promocion-de-la-autonomia\/atencion-a-la-dependencia\/#breadcrumb\"},\"inLanguage\":\"es\",\"potentialAction\":[{\"@type\":\"ReadAction\",\"target\":[\"https:\/\/politicasocial.vinaros.es\/es\/servicios\/atencion-primaria-basica\/promocion-de-la-autonomia\/atencion-a-la-dependencia\/\"]}]},{\"@type\":\"BreadcrumbList\",\"@id\":\"https:\/\/politicasocial.vinaros.es\/es\/servicios\/atencion-primaria-basica\/promocion-de-la-autonomia\/atencion-a-la-dependencia\/#breadcrumb\",\"itemListElement\":[{\"@type\":\"ListItem\",\"position\":1,\"name\":\"Inicio\",\"item\":\"https:\/\/politicasocial.vinaros.es\/es\/\"},{\"@type\":\"ListItem\",\"position\":2,\"name\":\"Servicios\",\"item\":\"https:\/\/politicasocial.vinaros.es\/es\/serveis\/\"},{\"@type\":\"ListItem\",\"position\":3,\"name\":\"Atenci\u00f3n primaria b\u00e1sica\",\"item\":\"https:\/\/politicasocial.vinaros.es\/es\/serveis\/atencio-primaria-basica\/\"},{\"@type\":\"ListItem\",\"position\":4,\"name\":\"Promoci\u00f3n de la autonom\u00eda\",\"item\":\"https:\/\/politicasocial.vinaros.es\/es\/serveis\/atencio-primaria-basica\/promocio-de-lautonomia\/\"},{\"@type\":\"ListItem\",\"position\":5,\"name\":\"Atenci\u00f3n a la depend\u00e8ncia\"}]},{\"@type\":\"WebSite\",\"@id\":\"https:\/\/politicasocial.vinaros.es\/es\/#website\",\"url\":\"https:\/\/politicasocial.vinaros.es\/es\/\",\"name\":\"Pol\u00edtica Social - Ajuntament de Vinar\u00f2s\",\"description\":\"Regidoria de Pol\u00edtica Social\",\"potentialAction\":[{\"@type\":\"SearchAction\",\"target\":{\"@type\":\"EntryPoint\",\"urlTemplate\":\"https:\/\/politicasocial.vinaros.es\/es\/?s={search_term_string}\"},\"query-input\":{\"@type\":\"PropertyValueSpecification\",\"valueRequired\":true,\"valueName\":\"search_term_string\"}}],\"inLanguage\":\"es\"}]}<\/script>\n<!-- \/ Yoast SEO plugin. -->","yoast_head_json":{"title":"Atenci\u00f3n a la depend\u00e8ncia - Pol\u00edtica Social - Ajuntament de Vinar\u00f2s","robots":{"index":"index","follow":"follow","max-snippet":"max-snippet:-1","max-image-preview":"max-image-preview:large","max-video-preview":"max-video-preview:-1"},"canonical":"https:\/\/politicasocial.vinaros.es\/es\/servicios\/atencion-primaria-basica\/promocion-de-la-autonomia\/atencion-a-la-dependencia\/","og_locale":"es_ES","og_type":"article","og_title":"Atenci\u00f3n a la depend\u00e8ncia - Pol\u00edtica Social - Ajuntament de Vinar\u00f2s","og_description":"\u00bfQu\u00e9 es? Es un servicio que tiene por objeto regular las condiciones b\u00e1sicas que garanticen la igualdad en el ejercicio del derecho subjetivo de ciudadan\u00eda a la promoci\u00f3n de la autonom\u00eda personal y atenci\u00f3n a las personas en situaci\u00f3n de dependencia. Esta atenci\u00f3n deber\u00e1n orientarse a la consecuci\u00f3n de una mejor calidad de vida y [&hellip;]","og_url":"https:\/\/politicasocial.vinaros.es\/es\/servicios\/atencion-primaria-basica\/promocion-de-la-autonomia\/atencion-a-la-dependencia\/","og_site_name":"Pol\u00edtica Social - Ajuntament de Vinar\u00f2s","article_modified_time":"2023-03-17T11:37:21+00:00","twitter_card":"summary_large_image","twitter_misc":{"Tiempo de lectura":"2 minutos"},"schema":{"@context":"https:\/\/schema.org","@graph":[{"@type":"WebPage","@id":"https:\/\/politicasocial.vinaros.es\/es\/servicios\/atencion-primaria-basica\/promocion-de-la-autonomia\/atencion-a-la-dependencia\/","url":"https:\/\/politicasocial.vinaros.es\/es\/servicios\/atencion-primaria-basica\/promocion-de-la-autonomia\/atencion-a-la-dependencia\/","name":"Atenci\u00f3n a la depend\u00e8ncia - Pol\u00edtica Social - Ajuntament de Vinar\u00f2s","isPartOf":{"@id":"https:\/\/politicasocial.vinaros.es\/es\/#website"},"datePublished":"2023-03-13T11:02:19+00:00","dateModified":"2023-03-17T11:37:21+00:00","breadcrumb":{"@id":"https:\/\/politicasocial.vinaros.es\/es\/servicios\/atencion-primaria-basica\/promocion-de-la-autonomia\/atencion-a-la-dependencia\/#breadcrumb"},"inLanguage":"es","potentialAction":[{"@type":"ReadAction","target":["https:\/\/politicasocial.vinaros.es\/es\/servicios\/atencion-primaria-basica\/promocion-de-la-autonomia\/atencion-a-la-dependencia\/"]}]},{"@type":"BreadcrumbList","@id":"https:\/\/politicasocial.vinaros.es\/es\/servicios\/atencion-primaria-basica\/promocion-de-la-autonomia\/atencion-a-la-dependencia\/#breadcrumb","itemListElement":[{"@type":"ListItem","position":1,"name":"Inicio","item":"https:\/\/politicasocial.vinaros.es\/es\/"},{"@type":"ListItem","position":2,"name":"Servicios","item":"https:\/\/politicasocial.vinaros.es\/es\/serveis\/"},{"@type":"ListItem","position":3,"name":"Atenci\u00f3n primaria b\u00e1sica","item":"https:\/\/politicasocial.vinaros.es\/es\/serveis\/atencio-primaria-basica\/"},{"@type":"ListItem","position":4,"name":"Promoci\u00f3n de la autonom\u00eda","item":"https:\/\/politicasocial.vinaros.es\/es\/serveis\/atencio-primaria-basica\/promocio-de-lautonomia\/"},{"@type":"ListItem","position":5,"name":"Atenci\u00f3n a la depend\u00e8ncia"}]},{"@type":"WebSite","@id":"https:\/\/politicasocial.vinaros.es\/es\/#website","url":"https:\/\/politicasocial.vinaros.es\/es\/","name":"Pol\u00edtica Social - Ajuntament de Vinar\u00f2s","description":"Regidoria de Pol\u00edtica Social","potentialAction":[{"@type":"SearchAction","target":{"@type":"EntryPoint","urlTemplate":"https:\/\/politicasocial.vinaros.es\/es\/?s={search_term_string}"},"query-input":{"@type":"PropertyValueSpecification","valueRequired":true,"valueName":"search_term_string"}}],"inLanguage":"es"}]}},"_links":{"self":[{"href":"https:\/\/politicasocial.vinaros.es\/es\/wp-json\/wp\/v2\/pages\/1657","targetHints":{"allow":["GET"]}}],"collection":[{"href":"https:\/\/politicasocial.vinaros.es\/es\/wp-json\/wp\/v2\/pages"}],"about":[{"href":"https:\/\/politicasocial.vinaros.es\/es\/wp-json\/wp\/v2\/types\/page"}],"author":[{"embeddable":true,"href":"https:\/\/politicasocial.vinaros.es\/es\/wp-json\/wp\/v2\/users\/1"}],"replies":[{"embeddable":true,"href":"https:\/\/politicasocial.vinaros.es\/es\/wp-json\/wp\/v2\/comments?post=1657"}],"version-history":[{"count":1,"href":"https:\/\/politicasocial.vinaros.es\/es\/wp-json\/wp\/v2\/pages\/1657\/revisions"}],"predecessor-version":[{"id":1658,"href":"https:\/\/politicasocial.vinaros.es\/es\/wp-json\/wp\/v2\/pages\/1657\/revisions\/1658"}],"up":[{"embeddable":true,"href":"https:\/\/politicasocial.vinaros.es\/es\/wp-json\/wp\/v2\/pages\/498"}],"wp:attachment":[{"href":"https:\/\/politicasocial.vinaros.es\/es\/wp-json\/wp\/v2\/media?parent=1657"}],"curies":[{"name":"wp","href":"https:\/\/api.w.org\/{rel}","templated":true}]}}