{"id":1669,"date":"2023-03-16T11:58:52","date_gmt":"2023-03-16T10:58:52","guid":{"rendered":"https:\/\/politicasocial.vinaros.es\/servicios\/atencion-primaria-especifica\/servicio-de-atencion-diurna-2\/"},"modified":"2023-03-16T16:56:50","modified_gmt":"2023-03-16T15:56:50","slug":"servicio-de-atencion-diurna-2","status":"publish","type":"page","link":"https:\/\/politicasocial.vinaros.es\/es\/servicios\/atencion-primaria-especifica\/servicio-de-atencion-diurna-2\/","title":{"rendered":"Servicio de atenci\u00f3n diurna"},"content":{"rendered":"\n<p>El Servicio de atenci\u00f3n diurna desarrolla programas y actuaciones dirigidas a las personas a fin de contribuir a su autonom\u00eda personal e inclusi\u00f3n social en las diferentes etapas del ciclo vital, a partir de prestaciones de apoyo y asistencia en funci\u00f3n de las necesidades de atenci\u00f3n. Una de las prestaciones desarrolladas en este servicio se corresponde con la atenci\u00f3n diurna.<\/p>\n","protected":false},"excerpt":{"rendered":"<p>El Servicio de atenci\u00f3n diurna desarrolla programas y actuaciones dirigidas a las personas a fin de contribuir a su autonom\u00eda personal e inclusi\u00f3n social en las diferentes etapas del ciclo vital, a partir de prestaciones de apoyo y asistencia en funci\u00f3n de las necesidades de atenci\u00f3n. Una de las prestaciones desarrolladas en este servicio se [&hellip;]<\/p>\n","protected":false},"author":2,"featured_media":0,"parent":510,"menu_order":0,"comment_status":"closed","ping_status":"closed","template":"","meta":{"_acf_changed":false,"inline_featured_image":false,"footnotes":""},"class_list":["post-1669","page","type-page","status-publish","hentry"],"acf":[],"yoast_head":"<!-- This site is optimized with the Yoast SEO plugin v27.0 - https:\/\/yoast.com\/product\/yoast-seo-wordpress\/ -->\n<title>Servicio de atenci\u00f3n diurna - Pol\u00edtica Social - Ajuntament de Vinar\u00f2s<\/title>\n<meta name=\"robots\" content=\"index, follow, max-snippet:-1, max-image-preview:large, max-video-preview:-1\" \/>\n<link rel=\"canonical\" href=\"https:\/\/politicasocial.vinaros.es\/es\/servicios\/atencion-primaria-especifica\/servicio-de-atencion-diurna-2\/\" \/>\n<meta property=\"og:locale\" content=\"es_ES\" \/>\n<meta property=\"og:type\" content=\"article\" \/>\n<meta property=\"og:title\" content=\"Servicio de atenci\u00f3n diurna - Pol\u00edtica Social - Ajuntament de Vinar\u00f2s\" \/>\n<meta property=\"og:description\" content=\"El Servicio de atenci\u00f3n diurna desarrolla programas y actuaciones dirigidas a las personas a fin de contribuir a su autonom\u00eda personal e inclusi\u00f3n social en las diferentes etapas del ciclo vital, a partir de prestaciones de apoyo y asistencia en funci\u00f3n de las necesidades de atenci\u00f3n. Una de las prestaciones desarrolladas en este servicio se [&hellip;]\" \/>\n<meta property=\"og:url\" content=\"https:\/\/politicasocial.vinaros.es\/es\/servicios\/atencion-primaria-especifica\/servicio-de-atencion-diurna-2\/\" \/>\n<meta property=\"og:site_name\" content=\"Pol\u00edtica Social - Ajuntament de Vinar\u00f2s\" \/>\n<meta property=\"article:modified_time\" content=\"2023-03-16T15:56:50+00:00\" \/>\n<meta name=\"twitter:card\" content=\"summary_large_image\" \/>\n<script type=\"application\/ld+json\" class=\"yoast-schema-graph\">{\"@context\":\"https:\/\/schema.org\",\"@graph\":[{\"@type\":\"WebPage\",\"@id\":\"https:\/\/politicasocial.vinaros.es\/es\/servicios\/atencion-primaria-especifica\/servicio-de-atencion-diurna-2\/\",\"url\":\"https:\/\/politicasocial.vinaros.es\/es\/servicios\/atencion-primaria-especifica\/servicio-de-atencion-diurna-2\/\",\"name\":\"Servicio de atenci\u00f3n diurna - Pol\u00edtica Social - Ajuntament de Vinar\u00f2s\",\"isPartOf\":{\"@id\":\"https:\/\/politicasocial.vinaros.es\/es\/#website\"},\"datePublished\":\"2023-03-16T10:58:52+00:00\",\"dateModified\":\"2023-03-16T15:56:50+00:00\",\"breadcrumb\":{\"@id\":\"https:\/\/politicasocial.vinaros.es\/es\/servicios\/atencion-primaria-especifica\/servicio-de-atencion-diurna-2\/#breadcrumb\"},\"inLanguage\":\"es\",\"potentialAction\":[{\"@type\":\"ReadAction\",\"target\":[\"https:\/\/politicasocial.vinaros.es\/es\/servicios\/atencion-primaria-especifica\/servicio-de-atencion-diurna-2\/\"]}]},{\"@type\":\"BreadcrumbList\",\"@id\":\"https:\/\/politicasocial.vinaros.es\/es\/servicios\/atencion-primaria-especifica\/servicio-de-atencion-diurna-2\/#breadcrumb\",\"itemListElement\":[{\"@type\":\"ListItem\",\"position\":1,\"name\":\"Inicio\",\"item\":\"https:\/\/politicasocial.vinaros.es\/es\/\"},{\"@type\":\"ListItem\",\"position\":2,\"name\":\"Servicios\",\"item\":\"https:\/\/politicasocial.vinaros.es\/es\/serveis\/\"},{\"@type\":\"ListItem\",\"position\":3,\"name\":\"Atenci\u00f3n primaria espec\u00edfica\",\"item\":\"https:\/\/politicasocial.vinaros.es\/es\/serveis\/atencio-primaria-especifica\/\"},{\"@type\":\"ListItem\",\"position\":4,\"name\":\"Servicio de atenci\u00f3n diurna\"}]},{\"@type\":\"WebSite\",\"@id\":\"https:\/\/politicasocial.vinaros.es\/es\/#website\",\"url\":\"https:\/\/politicasocial.vinaros.es\/es\/\",\"name\":\"Pol\u00edtica Social - Ajuntament de Vinar\u00f2s\",\"description\":\"Regidoria de Pol\u00edtica Social\",\"potentialAction\":[{\"@type\":\"SearchAction\",\"target\":{\"@type\":\"EntryPoint\",\"urlTemplate\":\"https:\/\/politicasocial.vinaros.es\/es\/?s={search_term_string}\"},\"query-input\":{\"@type\":\"PropertyValueSpecification\",\"valueRequired\":true,\"valueName\":\"search_term_string\"}}],\"inLanguage\":\"es\"}]}<\/script>\n<!-- \/ Yoast SEO plugin. -->","yoast_head_json":{"title":"Servicio de atenci\u00f3n diurna - Pol\u00edtica Social - Ajuntament de Vinar\u00f2s","robots":{"index":"index","follow":"follow","max-snippet":"max-snippet:-1","max-image-preview":"max-image-preview:large","max-video-preview":"max-video-preview:-1"},"canonical":"https:\/\/politicasocial.vinaros.es\/es\/servicios\/atencion-primaria-especifica\/servicio-de-atencion-diurna-2\/","og_locale":"es_ES","og_type":"article","og_title":"Servicio de atenci\u00f3n diurna - Pol\u00edtica Social - Ajuntament de Vinar\u00f2s","og_description":"El Servicio de atenci\u00f3n diurna desarrolla programas y actuaciones dirigidas a las personas a fin de contribuir a su autonom\u00eda personal e inclusi\u00f3n social en las diferentes etapas del ciclo vital, a partir de prestaciones de apoyo y asistencia en funci\u00f3n de las necesidades de atenci\u00f3n. Una de las prestaciones desarrolladas en este servicio se [&hellip;]","og_url":"https:\/\/politicasocial.vinaros.es\/es\/servicios\/atencion-primaria-especifica\/servicio-de-atencion-diurna-2\/","og_site_name":"Pol\u00edtica Social - Ajuntament de Vinar\u00f2s","article_modified_time":"2023-03-16T15:56:50+00:00","twitter_card":"summary_large_image","schema":{"@context":"https:\/\/schema.org","@graph":[{"@type":"WebPage","@id":"https:\/\/politicasocial.vinaros.es\/es\/servicios\/atencion-primaria-especifica\/servicio-de-atencion-diurna-2\/","url":"https:\/\/politicasocial.vinaros.es\/es\/servicios\/atencion-primaria-especifica\/servicio-de-atencion-diurna-2\/","name":"Servicio de atenci\u00f3n diurna - Pol\u00edtica Social - Ajuntament de Vinar\u00f2s","isPartOf":{"@id":"https:\/\/politicasocial.vinaros.es\/es\/#website"},"datePublished":"2023-03-16T10:58:52+00:00","dateModified":"2023-03-16T15:56:50+00:00","breadcrumb":{"@id":"https:\/\/politicasocial.vinaros.es\/es\/servicios\/atencion-primaria-especifica\/servicio-de-atencion-diurna-2\/#breadcrumb"},"inLanguage":"es","potentialAction":[{"@type":"ReadAction","target":["https:\/\/politicasocial.vinaros.es\/es\/servicios\/atencion-primaria-especifica\/servicio-de-atencion-diurna-2\/"]}]},{"@type":"BreadcrumbList","@id":"https:\/\/politicasocial.vinaros.es\/es\/servicios\/atencion-primaria-especifica\/servicio-de-atencion-diurna-2\/#breadcrumb","itemListElement":[{"@type":"ListItem","position":1,"name":"Inicio","item":"https:\/\/politicasocial.vinaros.es\/es\/"},{"@type":"ListItem","position":2,"name":"Servicios","item":"https:\/\/politicasocial.vinaros.es\/es\/serveis\/"},{"@type":"ListItem","position":3,"name":"Atenci\u00f3n primaria espec\u00edfica","item":"https:\/\/politicasocial.vinaros.es\/es\/serveis\/atencio-primaria-especifica\/"},{"@type":"ListItem","position":4,"name":"Servicio de atenci\u00f3n diurna"}]},{"@type":"WebSite","@id":"https:\/\/politicasocial.vinaros.es\/es\/#website","url":"https:\/\/politicasocial.vinaros.es\/es\/","name":"Pol\u00edtica Social - Ajuntament de Vinar\u00f2s","description":"Regidoria de Pol\u00edtica Social","potentialAction":[{"@type":"SearchAction","target":{"@type":"EntryPoint","urlTemplate":"https:\/\/politicasocial.vinaros.es\/es\/?s={search_term_string}"},"query-input":{"@type":"PropertyValueSpecification","valueRequired":true,"valueName":"search_term_string"}}],"inLanguage":"es"}]}},"_links":{"self":[{"href":"https:\/\/politicasocial.vinaros.es\/es\/wp-json\/wp\/v2\/pages\/1669","targetHints":{"allow":["GET"]}}],"collection":[{"href":"https:\/\/politicasocial.vinaros.es\/es\/wp-json\/wp\/v2\/pages"}],"about":[{"href":"https:\/\/politicasocial.vinaros.es\/es\/wp-json\/wp\/v2\/types\/page"}],"author":[{"embeddable":true,"href":"https:\/\/politicasocial.vinaros.es\/es\/wp-json\/wp\/v2\/users\/2"}],"replies":[{"embeddable":true,"href":"https:\/\/politicasocial.vinaros.es\/es\/wp-json\/wp\/v2\/comments?post=1669"}],"version-history":[{"count":3,"href":"https:\/\/politicasocial.vinaros.es\/es\/wp-json\/wp\/v2\/pages\/1669\/revisions"}],"predecessor-version":[{"id":1672,"href":"https:\/\/politicasocial.vinaros.es\/es\/wp-json\/wp\/v2\/pages\/1669\/revisions\/1672"}],"up":[{"embeddable":true,"href":"https:\/\/politicasocial.vinaros.es\/es\/wp-json\/wp\/v2\/pages\/510"}],"wp:attachment":[{"href":"https:\/\/politicasocial.vinaros.es\/es\/wp-json\/wp\/v2\/media?parent=1669"}],"curies":[{"name":"wp","href":"https:\/\/api.w.org\/{rel}","templated":true}]}}