{"id":1677,"date":"2023-03-13T12:55:01","date_gmt":"2023-03-13T11:55:01","guid":{"rendered":"https:\/\/politicasocial.vinaros.es\/servicios\/atencion-primaria-especifica\/servicio-de-infancia-y-adolescencia-eeiia-antes-seafi\/servicio-eeiiaa\/"},"modified":"2023-03-17T14:54:56","modified_gmt":"2023-03-17T13:54:56","slug":"servicio-eeiia","status":"publish","type":"page","link":"https:\/\/politicasocial.vinaros.es\/es\/servicios\/atencion-primaria-especifica\/servicio-de-infancia-y-adolescencia-eeiia-antes-seafi\/servicio-eeiia\/","title":{"rendered":"Servicio EEIIA"},"content":{"rendered":"\n<h2 class=\"wp-block-heading\">\u00bfQu\u00e9 es?<\/h2>\n\n\n\n<p>Se trata de un equipo espec\u00edfico de intervenci\u00f3n en infancia y adolescencia en situaci\u00f3n de vulnerabilidad, riesgo o desprotecci\u00f3n.<\/p>\n\n\n\n<h2 class=\"wp-block-heading\">Servicios prestados<\/h2>\n\n\n\n<p>Las actuaciones dentro de la intervenci\u00f3n pueden ser individuales, familiares o grupales y se realizan a trav\u00e9s de la orientaci\u00f3n psicosocial, mediaci\u00f3n y psicoterapia, y la finalidad es la consecuci\u00f3n de los objetivos planteados despu\u00e9s de la valoraci\u00f3n y el diagn\u00f3istico de la situaci\u00f3n.<\/p>\n\n\n\n<h2 class=\"wp-block-heading\">\u00bfQui\u00e9n puede acceder?<\/h2>\n\n\n\n<p>Este servicio atiende a ni\u00f1os, ni\u00f1as y adolescentes remitidos desde los servicios sociales municipales de atenci\u00f3n primaria b\u00e1sica, siendo \u00e9stos los encargados de la derivaci\u00f3n de las intervenciones que consideren pertinentes.<\/p>\n\n\n\n<h2 class=\"wp-block-heading\">\u00bfC\u00f3mo solicitarlo?<\/h2>\n\n\n\n<p>Ser\u00e1n los servicios sociales de atenci\u00f3n primaria b\u00e1sica quien deriven al EEIIA.<\/p>\n","protected":false},"excerpt":{"rendered":"<p>\u00bfQu\u00e9 es? Se trata de un equipo espec\u00edfico de intervenci\u00f3n en infancia y adolescencia en situaci\u00f3n de vulnerabilidad, riesgo o desprotecci\u00f3n. Servicios prestados Las actuaciones dentro de la intervenci\u00f3n pueden ser individuales, familiares o grupales y se realizan a trav\u00e9s de la orientaci\u00f3n psicosocial, mediaci\u00f3n y psicoterapia, y la finalidad es la consecuci\u00f3n de los [&hellip;]<\/p>\n","protected":false},"author":1,"featured_media":0,"parent":513,"menu_order":0,"comment_status":"closed","ping_status":"closed","template":"","meta":{"_acf_changed":false,"inline_featured_image":false,"footnotes":""},"class_list":["post-1677","page","type-page","status-publish","hentry"],"acf":[],"yoast_head":"<!-- This site is optimized with the Yoast SEO plugin v27.0 - https:\/\/yoast.com\/product\/yoast-seo-wordpress\/ -->\n<title>Servicio EEIIA - Pol\u00edtica Social - Ajuntament de Vinar\u00f2s<\/title>\n<meta name=\"robots\" content=\"index, follow, max-snippet:-1, max-image-preview:large, max-video-preview:-1\" \/>\n<link rel=\"canonical\" href=\"https:\/\/politicasocial.vinaros.es\/es\/servicios\/atencion-primaria-especifica\/servicio-de-infancia-y-adolescencia-eeiia-antes-seafi\/servicio-eeiia\/\" \/>\n<meta property=\"og:locale\" content=\"es_ES\" \/>\n<meta property=\"og:type\" content=\"article\" \/>\n<meta property=\"og:title\" content=\"Servicio EEIIA - Pol\u00edtica Social - Ajuntament de Vinar\u00f2s\" \/>\n<meta property=\"og:description\" content=\"\u00bfQu\u00e9 es? Se trata de un equipo espec\u00edfico de intervenci\u00f3n en infancia y adolescencia en situaci\u00f3n de vulnerabilidad, riesgo o desprotecci\u00f3n. Servicios prestados Las actuaciones dentro de la intervenci\u00f3n pueden ser individuales, familiares o grupales y se realizan a trav\u00e9s de la orientaci\u00f3n psicosocial, mediaci\u00f3n y psicoterapia, y la finalidad es la consecuci\u00f3n de los [&hellip;]\" \/>\n<meta property=\"og:url\" content=\"https:\/\/politicasocial.vinaros.es\/es\/servicios\/atencion-primaria-especifica\/servicio-de-infancia-y-adolescencia-eeiia-antes-seafi\/servicio-eeiia\/\" \/>\n<meta property=\"og:site_name\" content=\"Pol\u00edtica Social - Ajuntament de Vinar\u00f2s\" \/>\n<meta property=\"article:modified_time\" content=\"2023-03-17T13:54:56+00:00\" \/>\n<meta name=\"twitter:card\" content=\"summary_large_image\" \/>\n<script type=\"application\/ld+json\" class=\"yoast-schema-graph\">{\"@context\":\"https:\/\/schema.org\",\"@graph\":[{\"@type\":\"WebPage\",\"@id\":\"https:\/\/politicasocial.vinaros.es\/es\/servicios\/atencion-primaria-especifica\/servicio-de-infancia-y-adolescencia-eeiia-antes-seafi\/servicio-eeiia\/\",\"url\":\"https:\/\/politicasocial.vinaros.es\/es\/servicios\/atencion-primaria-especifica\/servicio-de-infancia-y-adolescencia-eeiia-antes-seafi\/servicio-eeiia\/\",\"name\":\"Servicio EEIIA - Pol\u00edtica Social - Ajuntament de Vinar\u00f2s\",\"isPartOf\":{\"@id\":\"https:\/\/politicasocial.vinaros.es\/es\/#website\"},\"datePublished\":\"2023-03-13T11:55:01+00:00\",\"dateModified\":\"2023-03-17T13:54:56+00:00\",\"breadcrumb\":{\"@id\":\"https:\/\/politicasocial.vinaros.es\/es\/servicios\/atencion-primaria-especifica\/servicio-de-infancia-y-adolescencia-eeiia-antes-seafi\/servicio-eeiia\/#breadcrumb\"},\"inLanguage\":\"es\",\"potentialAction\":[{\"@type\":\"ReadAction\",\"target\":[\"https:\/\/politicasocial.vinaros.es\/es\/servicios\/atencion-primaria-especifica\/servicio-de-infancia-y-adolescencia-eeiia-antes-seafi\/servicio-eeiia\/\"]}]},{\"@type\":\"BreadcrumbList\",\"@id\":\"https:\/\/politicasocial.vinaros.es\/es\/servicios\/atencion-primaria-especifica\/servicio-de-infancia-y-adolescencia-eeiia-antes-seafi\/servicio-eeiia\/#breadcrumb\",\"itemListElement\":[{\"@type\":\"ListItem\",\"position\":1,\"name\":\"Inicio\",\"item\":\"https:\/\/politicasocial.vinaros.es\/es\/\"},{\"@type\":\"ListItem\",\"position\":2,\"name\":\"Servicios\",\"item\":\"https:\/\/politicasocial.vinaros.es\/es\/serveis\/\"},{\"@type\":\"ListItem\",\"position\":3,\"name\":\"Atenci\u00f3n primaria espec\u00edfica\",\"item\":\"https:\/\/politicasocial.vinaros.es\/es\/serveis\/atencio-primaria-especifica\/\"},{\"@type\":\"ListItem\",\"position\":4,\"name\":\"Servicio de infancia y adolescencia EEIIA\",\"item\":\"https:\/\/politicasocial.vinaros.es\/es\/servicios\/atencion-primaria-especifica\/servicio-de-infancia-y-adolescencia-eeiia-antes-seafi\/\"},{\"@type\":\"ListItem\",\"position\":5,\"name\":\"Servicio EEIIA\"}]},{\"@type\":\"WebSite\",\"@id\":\"https:\/\/politicasocial.vinaros.es\/es\/#website\",\"url\":\"https:\/\/politicasocial.vinaros.es\/es\/\",\"name\":\"Pol\u00edtica Social - Ajuntament de Vinar\u00f2s\",\"description\":\"Regidoria de Pol\u00edtica Social\",\"potentialAction\":[{\"@type\":\"SearchAction\",\"target\":{\"@type\":\"EntryPoint\",\"urlTemplate\":\"https:\/\/politicasocial.vinaros.es\/es\/?s={search_term_string}\"},\"query-input\":{\"@type\":\"PropertyValueSpecification\",\"valueRequired\":true,\"valueName\":\"search_term_string\"}}],\"inLanguage\":\"es\"}]}<\/script>\n<!-- \/ Yoast SEO plugin. -->","yoast_head_json":{"title":"Servicio EEIIA - Pol\u00edtica Social - Ajuntament de Vinar\u00f2s","robots":{"index":"index","follow":"follow","max-snippet":"max-snippet:-1","max-image-preview":"max-image-preview:large","max-video-preview":"max-video-preview:-1"},"canonical":"https:\/\/politicasocial.vinaros.es\/es\/servicios\/atencion-primaria-especifica\/servicio-de-infancia-y-adolescencia-eeiia-antes-seafi\/servicio-eeiia\/","og_locale":"es_ES","og_type":"article","og_title":"Servicio EEIIA - Pol\u00edtica Social - Ajuntament de Vinar\u00f2s","og_description":"\u00bfQu\u00e9 es? Se trata de un equipo espec\u00edfico de intervenci\u00f3n en infancia y adolescencia en situaci\u00f3n de vulnerabilidad, riesgo o desprotecci\u00f3n. Servicios prestados Las actuaciones dentro de la intervenci\u00f3n pueden ser individuales, familiares o grupales y se realizan a trav\u00e9s de la orientaci\u00f3n psicosocial, mediaci\u00f3n y psicoterapia, y la finalidad es la consecuci\u00f3n de los [&hellip;]","og_url":"https:\/\/politicasocial.vinaros.es\/es\/servicios\/atencion-primaria-especifica\/servicio-de-infancia-y-adolescencia-eeiia-antes-seafi\/servicio-eeiia\/","og_site_name":"Pol\u00edtica Social - Ajuntament de Vinar\u00f2s","article_modified_time":"2023-03-17T13:54:56+00:00","twitter_card":"summary_large_image","schema":{"@context":"https:\/\/schema.org","@graph":[{"@type":"WebPage","@id":"https:\/\/politicasocial.vinaros.es\/es\/servicios\/atencion-primaria-especifica\/servicio-de-infancia-y-adolescencia-eeiia-antes-seafi\/servicio-eeiia\/","url":"https:\/\/politicasocial.vinaros.es\/es\/servicios\/atencion-primaria-especifica\/servicio-de-infancia-y-adolescencia-eeiia-antes-seafi\/servicio-eeiia\/","name":"Servicio EEIIA - Pol\u00edtica Social - Ajuntament de Vinar\u00f2s","isPartOf":{"@id":"https:\/\/politicasocial.vinaros.es\/es\/#website"},"datePublished":"2023-03-13T11:55:01+00:00","dateModified":"2023-03-17T13:54:56+00:00","breadcrumb":{"@id":"https:\/\/politicasocial.vinaros.es\/es\/servicios\/atencion-primaria-especifica\/servicio-de-infancia-y-adolescencia-eeiia-antes-seafi\/servicio-eeiia\/#breadcrumb"},"inLanguage":"es","potentialAction":[{"@type":"ReadAction","target":["https:\/\/politicasocial.vinaros.es\/es\/servicios\/atencion-primaria-especifica\/servicio-de-infancia-y-adolescencia-eeiia-antes-seafi\/servicio-eeiia\/"]}]},{"@type":"BreadcrumbList","@id":"https:\/\/politicasocial.vinaros.es\/es\/servicios\/atencion-primaria-especifica\/servicio-de-infancia-y-adolescencia-eeiia-antes-seafi\/servicio-eeiia\/#breadcrumb","itemListElement":[{"@type":"ListItem","position":1,"name":"Inicio","item":"https:\/\/politicasocial.vinaros.es\/es\/"},{"@type":"ListItem","position":2,"name":"Servicios","item":"https:\/\/politicasocial.vinaros.es\/es\/serveis\/"},{"@type":"ListItem","position":3,"name":"Atenci\u00f3n primaria espec\u00edfica","item":"https:\/\/politicasocial.vinaros.es\/es\/serveis\/atencio-primaria-especifica\/"},{"@type":"ListItem","position":4,"name":"Servicio de infancia y adolescencia EEIIA","item":"https:\/\/politicasocial.vinaros.es\/es\/servicios\/atencion-primaria-especifica\/servicio-de-infancia-y-adolescencia-eeiia-antes-seafi\/"},{"@type":"ListItem","position":5,"name":"Servicio EEIIA"}]},{"@type":"WebSite","@id":"https:\/\/politicasocial.vinaros.es\/es\/#website","url":"https:\/\/politicasocial.vinaros.es\/es\/","name":"Pol\u00edtica Social - Ajuntament de Vinar\u00f2s","description":"Regidoria de Pol\u00edtica Social","potentialAction":[{"@type":"SearchAction","target":{"@type":"EntryPoint","urlTemplate":"https:\/\/politicasocial.vinaros.es\/es\/?s={search_term_string}"},"query-input":{"@type":"PropertyValueSpecification","valueRequired":true,"valueName":"search_term_string"}}],"inLanguage":"es"}]}},"_links":{"self":[{"href":"https:\/\/politicasocial.vinaros.es\/es\/wp-json\/wp\/v2\/pages\/1677","targetHints":{"allow":["GET"]}}],"collection":[{"href":"https:\/\/politicasocial.vinaros.es\/es\/wp-json\/wp\/v2\/pages"}],"about":[{"href":"https:\/\/politicasocial.vinaros.es\/es\/wp-json\/wp\/v2\/types\/page"}],"author":[{"embeddable":true,"href":"https:\/\/politicasocial.vinaros.es\/es\/wp-json\/wp\/v2\/users\/1"}],"replies":[{"embeddable":true,"href":"https:\/\/politicasocial.vinaros.es\/es\/wp-json\/wp\/v2\/comments?post=1677"}],"version-history":[{"count":6,"href":"https:\/\/politicasocial.vinaros.es\/es\/wp-json\/wp\/v2\/pages\/1677\/revisions"}],"predecessor-version":[{"id":1772,"href":"https:\/\/politicasocial.vinaros.es\/es\/wp-json\/wp\/v2\/pages\/1677\/revisions\/1772"}],"up":[{"embeddable":true,"href":"https:\/\/politicasocial.vinaros.es\/es\/wp-json\/wp\/v2\/pages\/513"}],"wp:attachment":[{"href":"https:\/\/politicasocial.vinaros.es\/es\/wp-json\/wp\/v2\/media?parent=1677"}],"curies":[{"name":"wp","href":"https:\/\/api.w.org\/{rel}","templated":true}]}}