{"id":1690,"date":"2023-03-13T12:02:56","date_gmt":"2023-03-13T11:02:56","guid":{"rendered":"https:\/\/politicasocial.vinaros.es\/servicios\/atencion-primaria-basica\/promocion-de-la-autonomia\/programa-de-transporte-adaptado\/"},"modified":"2023-03-17T14:36:58","modified_gmt":"2023-03-17T13:36:58","slug":"transporte-adaptado-municipal-para-personas-con-movilidad-reducida","status":"publish","type":"page","link":"https:\/\/politicasocial.vinaros.es\/es\/servicios\/atencion-primaria-basica\/promocion-de-la-autonomia\/transporte-adaptado-municipal-para-personas-con-movilidad-reducida\/","title":{"rendered":"Transporte adaptado municipal para personas con movilidad reducida"},"content":{"rendered":"\n<h2 class=\"wp-block-heading\">\u00bfQu\u00e9 es?<\/h2>\n\n\n\n<p>El Servicio de transporte adaptado de personas con movilidad reducida, tiene la finalidad de fomentar su autonom\u00eda personal y facilitar su inserci\u00f3n educativa, laboral y social.<\/p>\n\n\n\n<h2 class=\"wp-block-heading\">Servicios prestados<\/h2>\n\n\n\n<p>La prestaci\u00f3n del servicio incluir\u00e1, siempre que no se puedan cubrir por otros sistemas (sanitario, educativo&#8230;):<\/p>\n\n\n\n<ul class=\"wp-block-list\">\n<li>El acceso y retorno a diferentes centros educativos y laborales.<\/li>\n\n\n\n<li>El acceso y retorno a centros sanitarios, de rehabilitaci\u00f3n y\/o preventivos.<\/li>\n\n\n\n<li>El acceso y retorno a recursos sociales para el desarrollo de actividades de car\u00e1cter asociativo o social.<\/li>\n\n\n\n<li>El acceso y retorno a recursos de ocio y tiempo libre.<\/li>\n\n\n\n<li>Otros desplazamientos necesarios para personas con movilidad reducida dentro del \u00e1mbito territorial del municipio, siendo precisa la autorizaci\u00f3n de la Concejal\u00eda si el desplazamiento tuviera que ser fuera del t\u00e9rmino.<\/li>\n<\/ul>\n\n\n\n<h2 class=\"wp-block-heading\">\u00bfQui\u00e9n puede acceder?<\/h2>\n\n\n\n<p>Podr\u00e1n ser usuarios del servicio las personas que acrediten un grado de minusval\u00eda igual o mayor del 33%.<\/p>\n\n\n\n<h2 class=\"wp-block-heading\">\u00bfC\u00f3mo solicitarlo?<\/h2>\n\n\n\n<p>A trav\u00e9s de los servicios de Atenci\u00f3n Primaria B\u00e1sica de Servicios Sociales Municipales y\/o de la empresa adjudicataria del servicio previa solicitud y baremaci\u00f3n de la misma.<\/p>\n\n\n\n<p><strong>Concejal\u00eda de Pol\u00edtica Social<\/strong><br>Pla\u00e7a Sant Antoni, 19<br>12500 Vinar\u00f2s<br>Tel: 964450075<br>Correo electr\u00f3nico: <a href=\"mailto:serviciossociales@vinaros.es\">serviciossociales@vinaros.es<\/a><\/p>\n","protected":false},"excerpt":{"rendered":"<p>\u00bfQu\u00e9 es? El Servicio de transporte adaptado de personas con movilidad reducida, tiene la finalidad de fomentar su autonom\u00eda personal y facilitar su inserci\u00f3n educativa, laboral y social. Servicios prestados La prestaci\u00f3n del servicio incluir\u00e1, siempre que no se puedan cubrir por otros sistemas (sanitario, educativo&#8230;): \u00bfQui\u00e9n puede acceder? Podr\u00e1n ser usuarios del servicio las [&hellip;]<\/p>\n","protected":false},"author":1,"featured_media":0,"parent":498,"menu_order":3,"comment_status":"closed","ping_status":"closed","template":"","meta":{"_acf_changed":false,"inline_featured_image":false,"footnotes":""},"class_list":["post-1690","page","type-page","status-publish","hentry"],"acf":[],"yoast_head":"<!-- This site is optimized with the Yoast SEO plugin v27.0 - https:\/\/yoast.com\/product\/yoast-seo-wordpress\/ -->\n<title>Transporte adaptado municipal para personas con movilidad reducida - Pol\u00edtica Social - Ajuntament de Vinar\u00f2s<\/title>\n<meta name=\"robots\" content=\"index, follow, max-snippet:-1, max-image-preview:large, max-video-preview:-1\" \/>\n<link rel=\"canonical\" href=\"https:\/\/politicasocial.vinaros.es\/es\/servicios\/atencion-primaria-basica\/promocion-de-la-autonomia\/transporte-adaptado-municipal-para-personas-con-movilidad-reducida\/\" \/>\n<meta property=\"og:locale\" content=\"es_ES\" \/>\n<meta property=\"og:type\" content=\"article\" \/>\n<meta property=\"og:title\" content=\"Transporte adaptado municipal para personas con movilidad reducida - Pol\u00edtica Social - Ajuntament de Vinar\u00f2s\" \/>\n<meta property=\"og:description\" content=\"\u00bfQu\u00e9 es? El Servicio de transporte adaptado de personas con movilidad reducida, tiene la finalidad de fomentar su autonom\u00eda personal y facilitar su inserci\u00f3n educativa, laboral y social. Servicios prestados La prestaci\u00f3n del servicio incluir\u00e1, siempre que no se puedan cubrir por otros sistemas (sanitario, educativo&#8230;): \u00bfQui\u00e9n puede acceder? Podr\u00e1n ser usuarios del servicio las [&hellip;]\" \/>\n<meta property=\"og:url\" content=\"https:\/\/politicasocial.vinaros.es\/es\/servicios\/atencion-primaria-basica\/promocion-de-la-autonomia\/transporte-adaptado-municipal-para-personas-con-movilidad-reducida\/\" \/>\n<meta property=\"og:site_name\" content=\"Pol\u00edtica Social - Ajuntament de Vinar\u00f2s\" \/>\n<meta property=\"article:modified_time\" content=\"2023-03-17T13:36:58+00:00\" \/>\n<meta name=\"twitter:card\" content=\"summary_large_image\" \/>\n<meta name=\"twitter:label1\" content=\"Tiempo de lectura\" \/>\n\t<meta name=\"twitter:data1\" content=\"2 minutos\" \/>\n<script type=\"application\/ld+json\" class=\"yoast-schema-graph\">{\"@context\":\"https:\/\/schema.org\",\"@graph\":[{\"@type\":\"WebPage\",\"@id\":\"https:\/\/politicasocial.vinaros.es\/es\/servicios\/atencion-primaria-basica\/promocion-de-la-autonomia\/transporte-adaptado-municipal-para-personas-con-movilidad-reducida\/\",\"url\":\"https:\/\/politicasocial.vinaros.es\/es\/servicios\/atencion-primaria-basica\/promocion-de-la-autonomia\/transporte-adaptado-municipal-para-personas-con-movilidad-reducida\/\",\"name\":\"Transporte adaptado municipal para personas con movilidad reducida - Pol\u00edtica Social - Ajuntament de Vinar\u00f2s\",\"isPartOf\":{\"@id\":\"https:\/\/politicasocial.vinaros.es\/es\/#website\"},\"datePublished\":\"2023-03-13T11:02:56+00:00\",\"dateModified\":\"2023-03-17T13:36:58+00:00\",\"breadcrumb\":{\"@id\":\"https:\/\/politicasocial.vinaros.es\/es\/servicios\/atencion-primaria-basica\/promocion-de-la-autonomia\/transporte-adaptado-municipal-para-personas-con-movilidad-reducida\/#breadcrumb\"},\"inLanguage\":\"es\",\"potentialAction\":[{\"@type\":\"ReadAction\",\"target\":[\"https:\/\/politicasocial.vinaros.es\/es\/servicios\/atencion-primaria-basica\/promocion-de-la-autonomia\/transporte-adaptado-municipal-para-personas-con-movilidad-reducida\/\"]}]},{\"@type\":\"BreadcrumbList\",\"@id\":\"https:\/\/politicasocial.vinaros.es\/es\/servicios\/atencion-primaria-basica\/promocion-de-la-autonomia\/transporte-adaptado-municipal-para-personas-con-movilidad-reducida\/#breadcrumb\",\"itemListElement\":[{\"@type\":\"ListItem\",\"position\":1,\"name\":\"Inicio\",\"item\":\"https:\/\/politicasocial.vinaros.es\/es\/\"},{\"@type\":\"ListItem\",\"position\":2,\"name\":\"Servicios\",\"item\":\"https:\/\/politicasocial.vinaros.es\/es\/serveis\/\"},{\"@type\":\"ListItem\",\"position\":3,\"name\":\"Atenci\u00f3n primaria b\u00e1sica\",\"item\":\"https:\/\/politicasocial.vinaros.es\/es\/serveis\/atencio-primaria-basica\/\"},{\"@type\":\"ListItem\",\"position\":4,\"name\":\"Promoci\u00f3n de la autonom\u00eda\",\"item\":\"https:\/\/politicasocial.vinaros.es\/es\/serveis\/atencio-primaria-basica\/promocio-de-lautonomia\/\"},{\"@type\":\"ListItem\",\"position\":5,\"name\":\"Transporte adaptado municipal para personas con movilidad reducida\"}]},{\"@type\":\"WebSite\",\"@id\":\"https:\/\/politicasocial.vinaros.es\/es\/#website\",\"url\":\"https:\/\/politicasocial.vinaros.es\/es\/\",\"name\":\"Pol\u00edtica Social - Ajuntament de Vinar\u00f2s\",\"description\":\"Regidoria de Pol\u00edtica Social\",\"potentialAction\":[{\"@type\":\"SearchAction\",\"target\":{\"@type\":\"EntryPoint\",\"urlTemplate\":\"https:\/\/politicasocial.vinaros.es\/es\/?s={search_term_string}\"},\"query-input\":{\"@type\":\"PropertyValueSpecification\",\"valueRequired\":true,\"valueName\":\"search_term_string\"}}],\"inLanguage\":\"es\"}]}<\/script>\n<!-- \/ Yoast SEO plugin. -->","yoast_head_json":{"title":"Transporte adaptado municipal para personas con movilidad reducida - Pol\u00edtica Social - Ajuntament de Vinar\u00f2s","robots":{"index":"index","follow":"follow","max-snippet":"max-snippet:-1","max-image-preview":"max-image-preview:large","max-video-preview":"max-video-preview:-1"},"canonical":"https:\/\/politicasocial.vinaros.es\/es\/servicios\/atencion-primaria-basica\/promocion-de-la-autonomia\/transporte-adaptado-municipal-para-personas-con-movilidad-reducida\/","og_locale":"es_ES","og_type":"article","og_title":"Transporte adaptado municipal para personas con movilidad reducida - Pol\u00edtica Social - Ajuntament de Vinar\u00f2s","og_description":"\u00bfQu\u00e9 es? El Servicio de transporte adaptado de personas con movilidad reducida, tiene la finalidad de fomentar su autonom\u00eda personal y facilitar su inserci\u00f3n educativa, laboral y social. Servicios prestados La prestaci\u00f3n del servicio incluir\u00e1, siempre que no se puedan cubrir por otros sistemas (sanitario, educativo&#8230;): \u00bfQui\u00e9n puede acceder? Podr\u00e1n ser usuarios del servicio las [&hellip;]","og_url":"https:\/\/politicasocial.vinaros.es\/es\/servicios\/atencion-primaria-basica\/promocion-de-la-autonomia\/transporte-adaptado-municipal-para-personas-con-movilidad-reducida\/","og_site_name":"Pol\u00edtica Social - Ajuntament de Vinar\u00f2s","article_modified_time":"2023-03-17T13:36:58+00:00","twitter_card":"summary_large_image","twitter_misc":{"Tiempo de lectura":"2 minutos"},"schema":{"@context":"https:\/\/schema.org","@graph":[{"@type":"WebPage","@id":"https:\/\/politicasocial.vinaros.es\/es\/servicios\/atencion-primaria-basica\/promocion-de-la-autonomia\/transporte-adaptado-municipal-para-personas-con-movilidad-reducida\/","url":"https:\/\/politicasocial.vinaros.es\/es\/servicios\/atencion-primaria-basica\/promocion-de-la-autonomia\/transporte-adaptado-municipal-para-personas-con-movilidad-reducida\/","name":"Transporte adaptado municipal para personas con movilidad reducida - Pol\u00edtica Social - Ajuntament de Vinar\u00f2s","isPartOf":{"@id":"https:\/\/politicasocial.vinaros.es\/es\/#website"},"datePublished":"2023-03-13T11:02:56+00:00","dateModified":"2023-03-17T13:36:58+00:00","breadcrumb":{"@id":"https:\/\/politicasocial.vinaros.es\/es\/servicios\/atencion-primaria-basica\/promocion-de-la-autonomia\/transporte-adaptado-municipal-para-personas-con-movilidad-reducida\/#breadcrumb"},"inLanguage":"es","potentialAction":[{"@type":"ReadAction","target":["https:\/\/politicasocial.vinaros.es\/es\/servicios\/atencion-primaria-basica\/promocion-de-la-autonomia\/transporte-adaptado-municipal-para-personas-con-movilidad-reducida\/"]}]},{"@type":"BreadcrumbList","@id":"https:\/\/politicasocial.vinaros.es\/es\/servicios\/atencion-primaria-basica\/promocion-de-la-autonomia\/transporte-adaptado-municipal-para-personas-con-movilidad-reducida\/#breadcrumb","itemListElement":[{"@type":"ListItem","position":1,"name":"Inicio","item":"https:\/\/politicasocial.vinaros.es\/es\/"},{"@type":"ListItem","position":2,"name":"Servicios","item":"https:\/\/politicasocial.vinaros.es\/es\/serveis\/"},{"@type":"ListItem","position":3,"name":"Atenci\u00f3n primaria b\u00e1sica","item":"https:\/\/politicasocial.vinaros.es\/es\/serveis\/atencio-primaria-basica\/"},{"@type":"ListItem","position":4,"name":"Promoci\u00f3n de la autonom\u00eda","item":"https:\/\/politicasocial.vinaros.es\/es\/serveis\/atencio-primaria-basica\/promocio-de-lautonomia\/"},{"@type":"ListItem","position":5,"name":"Transporte adaptado municipal para personas con movilidad reducida"}]},{"@type":"WebSite","@id":"https:\/\/politicasocial.vinaros.es\/es\/#website","url":"https:\/\/politicasocial.vinaros.es\/es\/","name":"Pol\u00edtica Social - Ajuntament de Vinar\u00f2s","description":"Regidoria de Pol\u00edtica Social","potentialAction":[{"@type":"SearchAction","target":{"@type":"EntryPoint","urlTemplate":"https:\/\/politicasocial.vinaros.es\/es\/?s={search_term_string}"},"query-input":{"@type":"PropertyValueSpecification","valueRequired":true,"valueName":"search_term_string"}}],"inLanguage":"es"}]}},"_links":{"self":[{"href":"https:\/\/politicasocial.vinaros.es\/es\/wp-json\/wp\/v2\/pages\/1690","targetHints":{"allow":["GET"]}}],"collection":[{"href":"https:\/\/politicasocial.vinaros.es\/es\/wp-json\/wp\/v2\/pages"}],"about":[{"href":"https:\/\/politicasocial.vinaros.es\/es\/wp-json\/wp\/v2\/types\/page"}],"author":[{"embeddable":true,"href":"https:\/\/politicasocial.vinaros.es\/es\/wp-json\/wp\/v2\/users\/1"}],"replies":[{"embeddable":true,"href":"https:\/\/politicasocial.vinaros.es\/es\/wp-json\/wp\/v2\/comments?post=1690"}],"version-history":[{"count":3,"href":"https:\/\/politicasocial.vinaros.es\/es\/wp-json\/wp\/v2\/pages\/1690\/revisions"}],"predecessor-version":[{"id":1767,"href":"https:\/\/politicasocial.vinaros.es\/es\/wp-json\/wp\/v2\/pages\/1690\/revisions\/1767"}],"up":[{"embeddable":true,"href":"https:\/\/politicasocial.vinaros.es\/es\/wp-json\/wp\/v2\/pages\/498"}],"wp:attachment":[{"href":"https:\/\/politicasocial.vinaros.es\/es\/wp-json\/wp\/v2\/media?parent=1690"}],"curies":[{"name":"wp","href":"https:\/\/api.w.org\/{rel}","templated":true}]}}