{"id":2007,"date":"2023-10-06T09:52:11","date_gmt":"2023-10-06T07:52:11","guid":{"rendered":"https:\/\/politicasocial.vinaros.es\/?page_id=2007"},"modified":"2023-10-06T09:58:02","modified_gmt":"2023-10-06T07:58:02","slug":"oficina-pangea","status":"publish","type":"page","link":"https:\/\/politicasocial.vinaros.es\/es\/servicios\/atencion-primaria-basica\/servicio-intervencion-comunitaria\/oficina-pangea\/","title":{"rendered":"Oficina Pangea"},"content":{"rendered":"\n<h2 class=\"wp-block-heading\">\u00bfQu\u00e9 es?<\/h2>\n\n\n\n<p>La Ley 15\/2008, de 5 de diciembre, de la Generalitat, de Integraci\u00f3n de las Personas migrantes en la Comunidad Valenciana, en el art\u00edculo 15 se\u00f1ala que les Oficinas PANGEA de la Administraci\u00f3n local son las encargadas de proporcionar la informaci\u00f3n, mediaci\u00f3n, asesoramiento y orientaci\u00f3n sobre los recursos de la Administraci\u00f3n y de las entidades, as\u00ed como el desarrollo de proyectos de interculturalidad. Adem\u00e1s, el programa de la RED PANGEA es un instrumento de coordinaci\u00f3n de las pol\u00edticas de atenci\u00f3n a este colectivo con los entes locales de la Comunidad Valenciana que disponen de estas oficinas. <br><br><strong>Los Objetivos principales son:<\/strong><\/p>\n\n\n\n<ul class=\"wp-block-list\">\n<li>Detectar y analizar las necesidades de la poblaci\u00f3n migrante del municipio.<\/li>\n\n\n\n<li>Planificar estrat\u00e9gicamente las actuaciones encaminadas para avanzar hacia la igualdad y la inclusi\u00f3n de las personas migrantes.<\/li>\n\n\n\n<li>Establecer un espacio de coordinaci\u00f3n entre administraci\u00f3n y entidades sociales que trabajan en el \u00e1mbito de la migraci\u00f3n, para el desarrollo del trabajo en red.<\/li>\n\n\n\n<li>Realizar actuaciones concretas para garantizar el acceso normalizado de la poblaci\u00f3n migrante a los recursos p\u00fablicos.<\/li>\n\n\n\n<li>Colaborar en la implantaci\u00f3n de la red p\u00fablica de alojamiento para personas migrantes en situaci\u00f3n de exclusi\u00f3n y otros servicios que se implementan para mejorar su inclusi\u00f3n.<\/li>\n\n\n\n<li>Fomentar la participaci\u00f3n comunitaria y la igualdad de trato de las personas migrantes y prevenir el racismo y la xenofobia.<\/li>\n<\/ul>\n\n\n\n<h2 class=\"wp-block-heading\">Servicios<\/h2>\n\n\n\n<ul class=\"wp-block-list\">\n<li>Proporcionar a las personas migrantes informaci\u00f3n y acompa\u00f1amiento en los tr\u00e1mites administrativos que necesitan para hacer efectivos sus derechos.<\/li>\n\n\n\n<li>Asesoramiento en aspectos relacionados con extranjer\u00eda tanto en r\u00e9gimen comunitario como extracomunitario (regularizaci\u00f3n, reagrupaci\u00f3n, renovaci\u00f3n, asilo, protecci\u00f3n internacional, retorno voluntario, etc.)<\/li>\n\n\n\n<li>Informes para aportar a extranjer\u00eda:\n<ul class=\"wp-block-list\">\n<li>Informe de inserci\u00f3n social (arraigo): necesario en procedimiento de regularizaci\u00f3n.<\/li>\n\n\n\n<li>Informe de vivienda: necesario para procedimientos de reagrupaci\u00f3n familiar, renovaciones y para regularizar la situaci\u00f3n de menores no nacidos en Espa\u00f1a.<\/li>\n<\/ul>\n<\/li>\n\n\n\n<li>Formaci\u00f3n \u2013 ESCUELA DE ACOGIDA: Las Escuelas de Acogida est\u00e1n enmarcadas en la Ley 15\/2008 de integraci\u00f3n de las personas inmigrantes en la Comunitat Valenciana. Son un programa voluntario de comprensi\u00f3n de la Sociedad Valenciana que garantiza a los nuevos ciudadanos el conocimiento de los valores y reglas de convivencia democr\u00e1tica, los derechos y deberes, la estructura pol\u00edtica y los idiomas oficiales de la Comunitat Valenciana. Los contenidos se estructuran en cuatro \u00e1reas.  \n<ul class=\"wp-block-list\">\n<li>Bloque I \u2013 Lengua Castellana y Valenciana<\/li>\n\n\n\n<li>Bloque II: Legislaci\u00f3n b\u00e1sica (Constituci\u00f3n espa\u00f1ola, Estatuto de autonom\u00eda, Ley de integraci\u00f3n, Ley de Extranjer\u00eda)<\/li>\n\n\n\n<li>Bloque III: Geograf\u00eda e historia de Espa\u00f1a y la Comunitat Valenciana<\/li>\n\n\n\n<li>Bloque IV: Informaci\u00f3n pr\u00e1ctica (empleo, vivienda, sanidad, educaci\u00f3n)<\/li>\n<\/ul>\n<\/li>\n\n\n\n<li>Acciones de sensibilizaci\u00f3n\n<ul class=\"wp-block-list\">\n<li>Video antirumores: <a href=\"https:\/\/www.youtube.com\/watch?v=vttpwsg19_o\">https:\/\/www.youtube.com\/watch?v=VttPWsg19_o<\/a><\/li>\n<\/ul>\n<\/li>\n\n\n\n<li>Y todas aquellas que faciliten la convivencia entre toda la ciudadan\u00eda de Vinar\u00f2s.<\/li>\n<\/ul>\n\n\n\n<h2 class=\"wp-block-heading\">\u00bfQui\u00e9n puede acceder?<\/h2>\n\n\n\n<p>Puede acceder cualquier ciudadano\/a.<\/p>\n\n\n\n<h2 class=\"wp-block-heading\">\u00bfC\u00f3mo solicitarlo?<\/h2>\n\n\n\n<p>Acudiendo presencialmente a la Oficina PANGEA, sita en el edificio de los Servicios Sociales de Vinar\u00f2s, en la Plaza Sant Antonio, 19, bajos. Telef\u00f3nicamente al 964450075 preguntando por la t\u00e9cnica responsable de la Oficina PANGEA: Inma Picado Marcos.<\/p>\n\n\n\n<p><strong>Concejal\u00eda de Pol\u00edtica Social<\/strong><br>Pla\u00e7a Sant Antoni, 19<br>12500 Vinar\u00f2s<br>Tel: 964450075<\/p>\n\n\n\n<h2 class=\"wp-block-heading\">Documentaci\u00f3n<\/h2>\n\n\n\n<ul class=\"wp-block-list\">\n<li>Solicitud de informe de vivienda:\n<ul class=\"wp-block-list\">\n<li>Presencialmente en la OIAC aportando la siguiente documentaci\u00f3n:<\/li>\n<\/ul>\n<\/li>\n\n\n\n<li>Instancia solicitando el informe y el motivo: <a href=\"https:\/\/www.vinaros.%C3%A9s\/sites\/*default\/*files\/2019-04\/*Inst%C3%*A0ncia%*20general.pdf\">https:\/\/www.vinaros.es\/sites\/default\/files\/2019-04\/Inst%C3%A0ncia%20general.pdf<\/a><\/li>\n\n\n\n<li>Documento identificativo de la persona solicitante y de las personas que convivan en la vivienda.<\/li>\n\n\n\n<li>Contrato de alquiler o escritura<\/li>\n\n\n\n<li>Si es el caso, primera hoja del pasaporte de la persona o personas a reagrupar.\n<ul class=\"wp-block-list\">\n<li>Sede electr\u00f3nica aportando la documentaci\u00f3n escaneada: <a href=\"https:\/\/vinaros.sedelectronica.es\/?x=2uhtzowx5cd7kgnuczt4ezyrpj0qkmtdnfnjmudsrdgfpuvhjazsb7bpmfllc66d7kpssuyejv6ezmkeexpz80oy2zom8ploskk6mc9sbfkpfackwpi9mkddbt1xjtyipcdj5kaci5gg7ttysy3mc5q8ghmqfmnkzwwt7y1d8023e7x4bozxj4tijdmfhnoft3qr2gqksdgggpb78ysfa\">https:\/\/vinaros.sedelectronica.es\/?x=2uHtzOWX5CD7KGNuCzt4EzyRPj0qKMtDn*fnJMUDSrdGFpuvHjazsb7bPmFLLc66d7KPsSUYEJV6EZMKEEXpz80Oy2zOM8PLoSkk6mC9sbFKpFaCKwPI9MkDDbT1XjtyipCdj5kAcI5GG7tTysY3Mc5Q8GhMQFmNkZWWT7y1D8023E7X4bOzxj4tiJDMFhNoFt3qr2gqKsdgggPB78ysfA<\/a><\/li>\n<\/ul>\n<\/li>\n\n\n\n<li>Solicitud de informe de inserci\u00f3n social (arraigo)\n<ul class=\"wp-block-list\">\n<li>Presencialmente en la OIAC aportando al siguiente documentaci\u00f3n:<\/li>\n<\/ul>\n<\/li>\n\n\n\n<li>Instancia solicitando el informe: <a href=\"https:\/\/www.vinaros.es\/sites\/default\/files\/2019-04\/inst%C3%A0ncia%*20general.pdf\">https:\/\/www.vinaros.es\/sites\/default\/files\/2019-04\/Inst%C3%A0ncia%20general.pdf<\/a><\/li>\n\n\n\n<li>Documento identificativo de la persona solicitante<\/li>\n\n\n\n<li>Antecedentes penales del pa\u00eds de origen<\/li>\n\n\n\n<li>Contrato de trabajo o medios econ\u00f3micos de familiar<\/li>\n\n\n\n<li>Pruebas que acrediten al menos 3 a\u00f1os en Espa\u00f1a<\/li>\n<\/ul>\n","protected":false},"excerpt":{"rendered":"<p>\u00bfQu\u00e9 es? La Ley 15\/2008, de 5 de diciembre, de la Generalitat, de Integraci\u00f3n de las Personas migrantes en la Comunidad Valenciana, en el art\u00edculo 15 se\u00f1ala que les Oficinas PANGEA de la Administraci\u00f3n local son las encargadas de proporcionar la informaci\u00f3n, mediaci\u00f3n, asesoramiento y orientaci\u00f3n sobre los recursos de la Administraci\u00f3n y de las [&hellip;]<\/p>\n","protected":false},"author":2,"featured_media":0,"parent":504,"menu_order":4,"comment_status":"closed","ping_status":"closed","template":"","meta":{"_acf_changed":false,"inline_featured_image":false,"footnotes":""},"class_list":["post-2007","page","type-page","status-publish","hentry"],"acf":[],"yoast_head":"<!-- This site is optimized with the Yoast SEO plugin v27.0 - https:\/\/yoast.com\/product\/yoast-seo-wordpress\/ -->\n<title>Oficina Pangea - Pol\u00edtica Social - Ajuntament de Vinar\u00f2s<\/title>\n<meta name=\"robots\" content=\"index, follow, max-snippet:-1, max-image-preview:large, max-video-preview:-1\" \/>\n<link rel=\"canonical\" href=\"https:\/\/politicasocial.vinaros.es\/es\/servicios\/atencion-primaria-basica\/servicio-intervencion-comunitaria\/oficina-pangea\/\" \/>\n<meta property=\"og:locale\" content=\"es_ES\" \/>\n<meta property=\"og:type\" content=\"article\" \/>\n<meta property=\"og:title\" content=\"Oficina Pangea - Pol\u00edtica Social - Ajuntament de Vinar\u00f2s\" \/>\n<meta property=\"og:description\" content=\"\u00bfQu\u00e9 es? La Ley 15\/2008, de 5 de diciembre, de la Generalitat, de Integraci\u00f3n de las Personas migrantes en la Comunidad Valenciana, en el art\u00edculo 15 se\u00f1ala que les Oficinas PANGEA de la Administraci\u00f3n local son las encargadas de proporcionar la informaci\u00f3n, mediaci\u00f3n, asesoramiento y orientaci\u00f3n sobre los recursos de la Administraci\u00f3n y de las [&hellip;]\" \/>\n<meta property=\"og:url\" content=\"https:\/\/politicasocial.vinaros.es\/es\/servicios\/atencion-primaria-basica\/servicio-intervencion-comunitaria\/oficina-pangea\/\" \/>\n<meta property=\"og:site_name\" content=\"Pol\u00edtica Social - Ajuntament de Vinar\u00f2s\" \/>\n<meta property=\"article:modified_time\" content=\"2023-10-06T07:58:02+00:00\" \/>\n<meta name=\"twitter:card\" content=\"summary_large_image\" \/>\n<meta name=\"twitter:label1\" content=\"Tiempo de lectura\" \/>\n\t<meta name=\"twitter:data1\" content=\"4 minutos\" \/>\n<script type=\"application\/ld+json\" class=\"yoast-schema-graph\">{\"@context\":\"https:\/\/schema.org\",\"@graph\":[{\"@type\":\"WebPage\",\"@id\":\"https:\/\/politicasocial.vinaros.es\/es\/servicios\/atencion-primaria-basica\/servicio-intervencion-comunitaria\/oficina-pangea\/\",\"url\":\"https:\/\/politicasocial.vinaros.es\/es\/servicios\/atencion-primaria-basica\/servicio-intervencion-comunitaria\/oficina-pangea\/\",\"name\":\"Oficina Pangea - Pol\u00edtica Social - Ajuntament de Vinar\u00f2s\",\"isPartOf\":{\"@id\":\"https:\/\/politicasocial.vinaros.es\/es\/#website\"},\"datePublished\":\"2023-10-06T07:52:11+00:00\",\"dateModified\":\"2023-10-06T07:58:02+00:00\",\"breadcrumb\":{\"@id\":\"https:\/\/politicasocial.vinaros.es\/es\/servicios\/atencion-primaria-basica\/servicio-intervencion-comunitaria\/oficina-pangea\/#breadcrumb\"},\"inLanguage\":\"es\",\"potentialAction\":[{\"@type\":\"ReadAction\",\"target\":[\"https:\/\/politicasocial.vinaros.es\/es\/servicios\/atencion-primaria-basica\/servicio-intervencion-comunitaria\/oficina-pangea\/\"]}]},{\"@type\":\"BreadcrumbList\",\"@id\":\"https:\/\/politicasocial.vinaros.es\/es\/servicios\/atencion-primaria-basica\/servicio-intervencion-comunitaria\/oficina-pangea\/#breadcrumb\",\"itemListElement\":[{\"@type\":\"ListItem\",\"position\":1,\"name\":\"Inicio\",\"item\":\"https:\/\/politicasocial.vinaros.es\/es\/\"},{\"@type\":\"ListItem\",\"position\":2,\"name\":\"Servicios\",\"item\":\"https:\/\/politicasocial.vinaros.es\/es\/serveis\/\"},{\"@type\":\"ListItem\",\"position\":3,\"name\":\"Atenci\u00f3n primaria b\u00e1sica\",\"item\":\"https:\/\/politicasocial.vinaros.es\/es\/serveis\/atencio-primaria-basica\/\"},{\"@type\":\"ListItem\",\"position\":4,\"name\":\"Servicio intervenci\u00f3n comunitaria\",\"item\":\"https:\/\/politicasocial.vinaros.es\/es\/servicios\/atencion-primaria-basica\/servicio-intervencion-comunitaria\/\"},{\"@type\":\"ListItem\",\"position\":5,\"name\":\"Oficina Pangea\"}]},{\"@type\":\"WebSite\",\"@id\":\"https:\/\/politicasocial.vinaros.es\/es\/#website\",\"url\":\"https:\/\/politicasocial.vinaros.es\/es\/\",\"name\":\"Pol\u00edtica Social - Ajuntament de Vinar\u00f2s\",\"description\":\"Regidoria de Pol\u00edtica Social\",\"potentialAction\":[{\"@type\":\"SearchAction\",\"target\":{\"@type\":\"EntryPoint\",\"urlTemplate\":\"https:\/\/politicasocial.vinaros.es\/es\/?s={search_term_string}\"},\"query-input\":{\"@type\":\"PropertyValueSpecification\",\"valueRequired\":true,\"valueName\":\"search_term_string\"}}],\"inLanguage\":\"es\"}]}<\/script>\n<!-- \/ Yoast SEO plugin. -->","yoast_head_json":{"title":"Oficina Pangea - Pol\u00edtica Social - Ajuntament de Vinar\u00f2s","robots":{"index":"index","follow":"follow","max-snippet":"max-snippet:-1","max-image-preview":"max-image-preview:large","max-video-preview":"max-video-preview:-1"},"canonical":"https:\/\/politicasocial.vinaros.es\/es\/servicios\/atencion-primaria-basica\/servicio-intervencion-comunitaria\/oficina-pangea\/","og_locale":"es_ES","og_type":"article","og_title":"Oficina Pangea - Pol\u00edtica Social - Ajuntament de Vinar\u00f2s","og_description":"\u00bfQu\u00e9 es? La Ley 15\/2008, de 5 de diciembre, de la Generalitat, de Integraci\u00f3n de las Personas migrantes en la Comunidad Valenciana, en el art\u00edculo 15 se\u00f1ala que les Oficinas PANGEA de la Administraci\u00f3n local son las encargadas de proporcionar la informaci\u00f3n, mediaci\u00f3n, asesoramiento y orientaci\u00f3n sobre los recursos de la Administraci\u00f3n y de las [&hellip;]","og_url":"https:\/\/politicasocial.vinaros.es\/es\/servicios\/atencion-primaria-basica\/servicio-intervencion-comunitaria\/oficina-pangea\/","og_site_name":"Pol\u00edtica Social - Ajuntament de Vinar\u00f2s","article_modified_time":"2023-10-06T07:58:02+00:00","twitter_card":"summary_large_image","twitter_misc":{"Tiempo de lectura":"4 minutos"},"schema":{"@context":"https:\/\/schema.org","@graph":[{"@type":"WebPage","@id":"https:\/\/politicasocial.vinaros.es\/es\/servicios\/atencion-primaria-basica\/servicio-intervencion-comunitaria\/oficina-pangea\/","url":"https:\/\/politicasocial.vinaros.es\/es\/servicios\/atencion-primaria-basica\/servicio-intervencion-comunitaria\/oficina-pangea\/","name":"Oficina Pangea - Pol\u00edtica Social - Ajuntament de Vinar\u00f2s","isPartOf":{"@id":"https:\/\/politicasocial.vinaros.es\/es\/#website"},"datePublished":"2023-10-06T07:52:11+00:00","dateModified":"2023-10-06T07:58:02+00:00","breadcrumb":{"@id":"https:\/\/politicasocial.vinaros.es\/es\/servicios\/atencion-primaria-basica\/servicio-intervencion-comunitaria\/oficina-pangea\/#breadcrumb"},"inLanguage":"es","potentialAction":[{"@type":"ReadAction","target":["https:\/\/politicasocial.vinaros.es\/es\/servicios\/atencion-primaria-basica\/servicio-intervencion-comunitaria\/oficina-pangea\/"]}]},{"@type":"BreadcrumbList","@id":"https:\/\/politicasocial.vinaros.es\/es\/servicios\/atencion-primaria-basica\/servicio-intervencion-comunitaria\/oficina-pangea\/#breadcrumb","itemListElement":[{"@type":"ListItem","position":1,"name":"Inicio","item":"https:\/\/politicasocial.vinaros.es\/es\/"},{"@type":"ListItem","position":2,"name":"Servicios","item":"https:\/\/politicasocial.vinaros.es\/es\/serveis\/"},{"@type":"ListItem","position":3,"name":"Atenci\u00f3n primaria b\u00e1sica","item":"https:\/\/politicasocial.vinaros.es\/es\/serveis\/atencio-primaria-basica\/"},{"@type":"ListItem","position":4,"name":"Servicio intervenci\u00f3n comunitaria","item":"https:\/\/politicasocial.vinaros.es\/es\/servicios\/atencion-primaria-basica\/servicio-intervencion-comunitaria\/"},{"@type":"ListItem","position":5,"name":"Oficina Pangea"}]},{"@type":"WebSite","@id":"https:\/\/politicasocial.vinaros.es\/es\/#website","url":"https:\/\/politicasocial.vinaros.es\/es\/","name":"Pol\u00edtica Social - Ajuntament de Vinar\u00f2s","description":"Regidoria de Pol\u00edtica Social","potentialAction":[{"@type":"SearchAction","target":{"@type":"EntryPoint","urlTemplate":"https:\/\/politicasocial.vinaros.es\/es\/?s={search_term_string}"},"query-input":{"@type":"PropertyValueSpecification","valueRequired":true,"valueName":"search_term_string"}}],"inLanguage":"es"}]}},"_links":{"self":[{"href":"https:\/\/politicasocial.vinaros.es\/es\/wp-json\/wp\/v2\/pages\/2007","targetHints":{"allow":["GET"]}}],"collection":[{"href":"https:\/\/politicasocial.vinaros.es\/es\/wp-json\/wp\/v2\/pages"}],"about":[{"href":"https:\/\/politicasocial.vinaros.es\/es\/wp-json\/wp\/v2\/types\/page"}],"author":[{"embeddable":true,"href":"https:\/\/politicasocial.vinaros.es\/es\/wp-json\/wp\/v2\/users\/2"}],"replies":[{"embeddable":true,"href":"https:\/\/politicasocial.vinaros.es\/es\/wp-json\/wp\/v2\/comments?post=2007"}],"version-history":[{"count":3,"href":"https:\/\/politicasocial.vinaros.es\/es\/wp-json\/wp\/v2\/pages\/2007\/revisions"}],"predecessor-version":[{"id":2016,"href":"https:\/\/politicasocial.vinaros.es\/es\/wp-json\/wp\/v2\/pages\/2007\/revisions\/2016"}],"up":[{"embeddable":true,"href":"https:\/\/politicasocial.vinaros.es\/es\/wp-json\/wp\/v2\/pages\/504"}],"wp:attachment":[{"href":"https:\/\/politicasocial.vinaros.es\/es\/wp-json\/wp\/v2\/media?parent=2007"}],"curies":[{"name":"wp","href":"https:\/\/api.w.org\/{rel}","templated":true}]}}