{"id":465,"date":"2022-11-28T16:17:48","date_gmt":"2022-11-28T15:17:48","guid":{"rendered":"https:\/\/socials.vinaros.es\/campanas\/covid\/"},"modified":"2022-11-29T16:25:34","modified_gmt":"2022-11-29T15:25:34","slug":"covid","status":"publish","type":"page","link":"https:\/\/politicasocial.vinaros.es\/es\/campanas\/covid\/","title":{"rendered":"COVID"},"content":{"rendered":"\n<p>Ante la situaci\u00f3n de alarma social declarada informamos que el Ayuntamiento de Vinar\u00f2s tiene activados los siguientes servicios, dirigidos a los colectivos m\u00e1s vulnerables:<\/p>\n\n<ul class=\"wp-block-list\">\n<li>Personas mayores que viven solas y personas en situaci\u00f3n de vulnerabilidad sin red social de apoyo.<\/li>\n\n\n\n<li>Menores en situaci\u00f3n de vulnerabilidad por cierre de comedores escolares.<\/li>\n\n\n\n<li>Personas o familias en cuarentena sanitaria sin red social de apoyo.<\/li>\n\n\n\n<li>Personas con elevado impacto emocional derivado de la situaci\u00f3n de estado de alerta.<\/li>\n\n\n\n<li>Mujeres v\u00edctimas de violencia de g\u00e9nero.<\/li>\n\n\n\n<li>Personas con discapacidad o problemas de movilidad; sin red social y\/o veh\u00edculo adaptado.<\/li>\n<\/ul>\n\n<p><strong>La solicitud se puede realizar telem\u00e1ticamente, mediante esta web o en la Sede Electr\u00f3nica del Ayuntamiento o a trav\u00e9s de los Servicios Sociales, al tel\u00e9fono 964450075 de 9h a 14h o por Email serviciossociales@vinaros.es<\/strong><\/p>\n","protected":false},"excerpt":{"rendered":"<p>Ante la situaci\u00f3n de alarma social declarada informamos que el Ayuntamiento de Vinar\u00f2s tiene activados los siguientes servicios, dirigidos a los colectivos m\u00e1s vulnerables: La solicitud se puede realizar telem\u00e1ticamente, mediante esta web o en la Sede Electr\u00f3nica del Ayuntamiento o a trav\u00e9s de los Servicios Sociales, al tel\u00e9fono 964450075 de 9h a 14h o [&hellip;]<\/p>\n","protected":false},"author":1,"featured_media":0,"parent":462,"menu_order":0,"comment_status":"closed","ping_status":"closed","template":"page-campanyes-child.php","meta":{"_acf_changed":false,"inline_featured_image":false,"footnotes":""},"class_list":["post-465","page","type-page","status-publish","hentry"],"acf":[],"yoast_head":"<!-- This site is optimized with the Yoast SEO plugin v27.0 - https:\/\/yoast.com\/product\/yoast-seo-wordpress\/ -->\n<title>COVID - Pol\u00edtica Social - Ajuntament de Vinar\u00f2s<\/title>\n<meta name=\"robots\" content=\"index, follow, max-snippet:-1, max-image-preview:large, max-video-preview:-1\" \/>\n<link rel=\"canonical\" href=\"https:\/\/politicasocial.vinaros.es\/es\/campanas\/covid\/\" \/>\n<meta property=\"og:locale\" content=\"es_ES\" \/>\n<meta property=\"og:type\" content=\"article\" \/>\n<meta property=\"og:title\" content=\"COVID - Pol\u00edtica Social - Ajuntament de Vinar\u00f2s\" \/>\n<meta property=\"og:description\" content=\"Ante la situaci\u00f3n de alarma social declarada informamos que el Ayuntamiento de Vinar\u00f2s tiene activados los siguientes servicios, dirigidos a los colectivos m\u00e1s vulnerables: La solicitud se puede realizar telem\u00e1ticamente, mediante esta web o en la Sede Electr\u00f3nica del Ayuntamiento o a trav\u00e9s de los Servicios Sociales, al tel\u00e9fono 964450075 de 9h a 14h o [&hellip;]\" \/>\n<meta property=\"og:url\" content=\"https:\/\/politicasocial.vinaros.es\/es\/campanas\/covid\/\" \/>\n<meta property=\"og:site_name\" content=\"Pol\u00edtica Social - Ajuntament de Vinar\u00f2s\" \/>\n<meta property=\"article:modified_time\" content=\"2022-11-29T15:25:34+00:00\" \/>\n<meta name=\"twitter:card\" content=\"summary_large_image\" \/>\n<meta name=\"twitter:label1\" content=\"Tiempo de lectura\" \/>\n\t<meta name=\"twitter:data1\" content=\"1 minuto\" \/>\n<script type=\"application\/ld+json\" class=\"yoast-schema-graph\">{\"@context\":\"https:\/\/schema.org\",\"@graph\":[{\"@type\":\"WebPage\",\"@id\":\"https:\/\/politicasocial.vinaros.es\/es\/campanas\/covid\/\",\"url\":\"https:\/\/politicasocial.vinaros.es\/es\/campanas\/covid\/\",\"name\":\"COVID - Pol\u00edtica Social - Ajuntament de Vinar\u00f2s\",\"isPartOf\":{\"@id\":\"https:\/\/politicasocial.vinaros.es\/es\/#website\"},\"datePublished\":\"2022-11-28T15:17:48+00:00\",\"dateModified\":\"2022-11-29T15:25:34+00:00\",\"breadcrumb\":{\"@id\":\"https:\/\/politicasocial.vinaros.es\/es\/campanas\/covid\/#breadcrumb\"},\"inLanguage\":\"es\",\"potentialAction\":[{\"@type\":\"ReadAction\",\"target\":[\"https:\/\/politicasocial.vinaros.es\/es\/campanas\/covid\/\"]}]},{\"@type\":\"BreadcrumbList\",\"@id\":\"https:\/\/politicasocial.vinaros.es\/es\/campanas\/covid\/#breadcrumb\",\"itemListElement\":[{\"@type\":\"ListItem\",\"position\":1,\"name\":\"Inicio\",\"item\":\"https:\/\/politicasocial.vinaros.es\/es\/\"},{\"@type\":\"ListItem\",\"position\":2,\"name\":\"Campa\u00f1as\",\"item\":\"https:\/\/politicasocial.vinaros.es\/es\/campanyes\/\"},{\"@type\":\"ListItem\",\"position\":3,\"name\":\"COVID\"}]},{\"@type\":\"WebSite\",\"@id\":\"https:\/\/politicasocial.vinaros.es\/es\/#website\",\"url\":\"https:\/\/politicasocial.vinaros.es\/es\/\",\"name\":\"Pol\u00edtica Social - Ajuntament de Vinar\u00f2s\",\"description\":\"Regidoria de Pol\u00edtica Social\",\"potentialAction\":[{\"@type\":\"SearchAction\",\"target\":{\"@type\":\"EntryPoint\",\"urlTemplate\":\"https:\/\/politicasocial.vinaros.es\/es\/?s={search_term_string}\"},\"query-input\":{\"@type\":\"PropertyValueSpecification\",\"valueRequired\":true,\"valueName\":\"search_term_string\"}}],\"inLanguage\":\"es\"}]}<\/script>\n<!-- \/ Yoast SEO plugin. -->","yoast_head_json":{"title":"COVID - Pol\u00edtica Social - Ajuntament de Vinar\u00f2s","robots":{"index":"index","follow":"follow","max-snippet":"max-snippet:-1","max-image-preview":"max-image-preview:large","max-video-preview":"max-video-preview:-1"},"canonical":"https:\/\/politicasocial.vinaros.es\/es\/campanas\/covid\/","og_locale":"es_ES","og_type":"article","og_title":"COVID - Pol\u00edtica Social - Ajuntament de Vinar\u00f2s","og_description":"Ante la situaci\u00f3n de alarma social declarada informamos que el Ayuntamiento de Vinar\u00f2s tiene activados los siguientes servicios, dirigidos a los colectivos m\u00e1s vulnerables: La solicitud se puede realizar telem\u00e1ticamente, mediante esta web o en la Sede Electr\u00f3nica del Ayuntamiento o a trav\u00e9s de los Servicios Sociales, al tel\u00e9fono 964450075 de 9h a 14h o [&hellip;]","og_url":"https:\/\/politicasocial.vinaros.es\/es\/campanas\/covid\/","og_site_name":"Pol\u00edtica Social - Ajuntament de Vinar\u00f2s","article_modified_time":"2022-11-29T15:25:34+00:00","twitter_card":"summary_large_image","twitter_misc":{"Tiempo de lectura":"1 minuto"},"schema":{"@context":"https:\/\/schema.org","@graph":[{"@type":"WebPage","@id":"https:\/\/politicasocial.vinaros.es\/es\/campanas\/covid\/","url":"https:\/\/politicasocial.vinaros.es\/es\/campanas\/covid\/","name":"COVID - Pol\u00edtica Social - Ajuntament de Vinar\u00f2s","isPartOf":{"@id":"https:\/\/politicasocial.vinaros.es\/es\/#website"},"datePublished":"2022-11-28T15:17:48+00:00","dateModified":"2022-11-29T15:25:34+00:00","breadcrumb":{"@id":"https:\/\/politicasocial.vinaros.es\/es\/campanas\/covid\/#breadcrumb"},"inLanguage":"es","potentialAction":[{"@type":"ReadAction","target":["https:\/\/politicasocial.vinaros.es\/es\/campanas\/covid\/"]}]},{"@type":"BreadcrumbList","@id":"https:\/\/politicasocial.vinaros.es\/es\/campanas\/covid\/#breadcrumb","itemListElement":[{"@type":"ListItem","position":1,"name":"Inicio","item":"https:\/\/politicasocial.vinaros.es\/es\/"},{"@type":"ListItem","position":2,"name":"Campa\u00f1as","item":"https:\/\/politicasocial.vinaros.es\/es\/campanyes\/"},{"@type":"ListItem","position":3,"name":"COVID"}]},{"@type":"WebSite","@id":"https:\/\/politicasocial.vinaros.es\/es\/#website","url":"https:\/\/politicasocial.vinaros.es\/es\/","name":"Pol\u00edtica Social - Ajuntament de Vinar\u00f2s","description":"Regidoria de Pol\u00edtica Social","potentialAction":[{"@type":"SearchAction","target":{"@type":"EntryPoint","urlTemplate":"https:\/\/politicasocial.vinaros.es\/es\/?s={search_term_string}"},"query-input":{"@type":"PropertyValueSpecification","valueRequired":true,"valueName":"search_term_string"}}],"inLanguage":"es"}]}},"_links":{"self":[{"href":"https:\/\/politicasocial.vinaros.es\/es\/wp-json\/wp\/v2\/pages\/465","targetHints":{"allow":["GET"]}}],"collection":[{"href":"https:\/\/politicasocial.vinaros.es\/es\/wp-json\/wp\/v2\/pages"}],"about":[{"href":"https:\/\/politicasocial.vinaros.es\/es\/wp-json\/wp\/v2\/types\/page"}],"author":[{"embeddable":true,"href":"https:\/\/politicasocial.vinaros.es\/es\/wp-json\/wp\/v2\/users\/1"}],"replies":[{"embeddable":true,"href":"https:\/\/politicasocial.vinaros.es\/es\/wp-json\/wp\/v2\/comments?post=465"}],"version-history":[{"count":2,"href":"https:\/\/politicasocial.vinaros.es\/es\/wp-json\/wp\/v2\/pages\/465\/revisions"}],"predecessor-version":[{"id":473,"href":"https:\/\/politicasocial.vinaros.es\/es\/wp-json\/wp\/v2\/pages\/465\/revisions\/473"}],"up":[{"embeddable":true,"href":"https:\/\/politicasocial.vinaros.es\/es\/wp-json\/wp\/v2\/pages\/462"}],"wp:attachment":[{"href":"https:\/\/politicasocial.vinaros.es\/es\/wp-json\/wp\/v2\/media?parent=465"}],"curies":[{"name":"wp","href":"https:\/\/api.w.org\/{rel}","templated":true}]}}