{"id":478,"date":"2022-11-09T10:27:47","date_gmt":"2022-11-09T09:27:47","guid":{"rendered":"https:\/\/socials.vinaros.es\/?page_id=478"},"modified":"2022-11-29T16:37:30","modified_gmt":"2022-11-29T15:37:30","slug":"politica-de-privacidad","status":"publish","type":"page","link":"https:\/\/politicasocial.vinaros.es\/es\/politica-de-privacidad\/","title":{"rendered":"Pol\u00edtica de privacidad"},"content":{"rendered":"\n<h2 class=\"wp-block-heading\">Pol\u00edtica de protecci\u00f3n de datos<\/h2>\n\n\n\n<p>El Ayuntamiento de Vinar\u00f2s est\u00e1 especialmente sensibilizado con la protecci\u00f3n de datos de car\u00e1cter personal de los usuarios de la Web y con el cumplimiento del Reglamento General de Protecci\u00f3n de Datos.<br>La visita a este sitio Web no implica que el usuario est\u00e9 obligado a facilitar ninguna informaci\u00f3n sobre el mismo. En el caso de que se faciliten datos, la presente Pol\u00edtica de Privacidad pretende informar a los usuarios de los usos a los que se someten los datos de car\u00e1cter personal que se recaban en sitio Web, con el fin de que decidan, libre y voluntariamente, si desean facilitar la informaci\u00f3n solicitada.<br>El Ayuntamiento de Vinar\u00f2s, se reserva la facultad de modificar y sin previo aviso esta Pol\u00edtica de Privacidad para mantenerla adaptada a la legislaci\u00f3n vigente. En tales casos, anunciar\u00e1 en este sitio Web los cambios introducidos con el fin de que puedan ser conocidas por el usuario.<\/p>\n\n\n\n<p>En cumplimiento de la normativa de protecci\u00f3n de datos, el Ayuntamiento de Vinar\u00f2s le informa de los siguientes extremos:<\/p>\n\n\n\n<h2 class=\"wp-block-heading\">Responsable del tratamiento:<\/h2>\n\n\n\n<p>Ayuntamiento de Vinar\u00f2s<br>Pza. Parroquial,12<br>12500 Vinar\u00f2s<\/p>\n\n\n\n<h2 class=\"wp-block-heading\">Datos de contacto del delegado de protecci\u00f3n de datos (DPD):<\/h2>\n\n\n\n<p>dpd@vinaros.es<\/p>\n\n\n\n<h2 class=\"wp-block-heading\">Fines y legitimaci\u00f3n del tratamiento:<\/h2>\n\n\n\n<p>La finalidad de recogida y tratamiento de los datos personales facilitados en la web del Ayuntamiento de Vinar\u00f2s depender\u00e1 del formulario de recogida de datos empleado por el usuario: realizar la tramitaci\u00f3n solicitada por el usuario, atender una demanda de tr\u00e1mite o servicio telem\u00e1tico, mantenerlo informado de noticias y novedades relacionadas con Vinar\u00f2s, etc.<br>El tratamiento de los datos personales est\u00e1 legitimado en base al consentimiento otorgado por el interesado o en cumplimiento de una obligaci\u00f3n legal.<br>No obstante, en cada formulario Web se facilitar\u00e1 al usuario su informaci\u00f3n de protecci\u00f3n de datos conforme al Reglamento General de Protecci\u00f3n de Datos.<\/p>\n\n\n\n<h2 class=\"wp-block-heading\">Destinatarios de la informaci\u00f3n:<\/h2>\n\n\n\n<p>Como norma general, los datos no ser\u00e1n comunicados a terceros salvo que exista consentimiento expreso del usuario o en cumplimiento de una obligaci\u00f3n legal aplicable al Responsable.<\/p>\n\n\n\n<h2 class=\"wp-block-heading\">Plazos de conservaci\u00f3n:<\/h2>\n\n\n\n<p>Los datos de car\u00e1cter personal ser\u00e1n conservados durante los plazos previstos en las disposiciones aplicables.<\/p>\n\n\n\n<h2 class=\"wp-block-heading\">Derechos de los interesados:<\/h2>\n\n\n\n<p>El interesado podr\u00e1 ejercitar sus derechos de acceso, rectificaci\u00f3n, supresi\u00f3n, oposici\u00f3n, limitaci\u00f3n y portabilidad en relaci\u00f3n a sus datos personales dirigi\u00e9ndose por escrito a la direcci\u00f3n postal del Ayuntamiento o por correo electr\u00f3nico a dpd@vinaros.es, facilitando copia de su DNI o documento identificativo equivalente.<br>Los usuarios podr\u00e1n presentar su solicitud a trav\u00e9s del procedimiento establecido en la Sede Electr\u00f3nica\u00a0<a href=\"http:\/\/vinaros.sedelectronica.es\/info.0\" target=\"_blank\" rel=\"noreferrer noopener\">http:\/\/vinaros.sedelectronica.es\/info.0<\/a><\/p>\n\n\n\n<p>Los usuarios tambi\u00e9n podr\u00e1n dirigirse a la Agencia Espa\u00f1ola de Protecci\u00f3n de Datos (AEPD) para presentar una reclamaci\u00f3n cuando no considere debidamente atendida su solicitud.<\/p>\n\n\n\n<p>No obstante, y con car\u00e1cter general, se informa a todos los usuarios que en el caso de aportar datos personales podr\u00e1n ejercitar los derechos de acceso, rectificaci\u00f3n, supresi\u00f3n (derecho al olvido), limitaci\u00f3n, portabilidad,&nbsp;oposici\u00f3n y decisi\u00f3n individual automatizada&nbsp;dirigi\u00e9ndose por escrito al Registro de Entrada en:<\/p>\n\n\n\n<p><strong>Oficina de Informaci\u00f3n y Atenci\u00f3n al Consumidor<\/strong><br>Pl. Jovellar, 22\u00a0<br>12500 Vinar\u00f2s<br>Tel: 964407700\u00a0<\/p>\n","protected":false},"excerpt":{"rendered":"<p>Pol\u00edtica de protecci\u00f3n de datos El Ayuntamiento de Vinar\u00f2s est\u00e1 especialmente sensibilizado con la protecci\u00f3n de datos de car\u00e1cter personal de los usuarios de la Web y con el cumplimiento del Reglamento General de Protecci\u00f3n de Datos.La visita a este sitio Web no implica que el usuario est\u00e9 obligado a facilitar ninguna informaci\u00f3n sobre el [&hellip;]<\/p>\n","protected":false},"author":1,"featured_media":0,"parent":0,"menu_order":0,"comment_status":"closed","ping_status":"open","template":"page-legal.php","meta":{"_acf_changed":false,"inline_featured_image":false,"footnotes":""},"class_list":["post-478","page","type-page","status-publish","hentry"],"acf":[],"yoast_head":"<!-- This site is optimized with the Yoast SEO plugin v27.0 - https:\/\/yoast.com\/product\/yoast-seo-wordpress\/ -->\n<title>Pol\u00edtica de privacidad - Pol\u00edtica Social - Ajuntament de Vinar\u00f2s<\/title>\n<meta name=\"robots\" content=\"index, follow, max-snippet:-1, max-image-preview:large, max-video-preview:-1\" \/>\n<link rel=\"canonical\" href=\"https:\/\/politicasocial.vinaros.es\/es\/politica-de-privacidad\/\" \/>\n<meta property=\"og:locale\" content=\"es_ES\" \/>\n<meta property=\"og:type\" content=\"article\" \/>\n<meta property=\"og:title\" content=\"Pol\u00edtica de privacidad - Pol\u00edtica Social - Ajuntament de Vinar\u00f2s\" \/>\n<meta property=\"og:description\" content=\"Pol\u00edtica de protecci\u00f3n de datos El Ayuntamiento de Vinar\u00f2s est\u00e1 especialmente sensibilizado con la protecci\u00f3n de datos de car\u00e1cter personal de los usuarios de la Web y con el cumplimiento del Reglamento General de Protecci\u00f3n de Datos.La visita a este sitio Web no implica que el usuario est\u00e9 obligado a facilitar ninguna informaci\u00f3n sobre el [&hellip;]\" \/>\n<meta property=\"og:url\" content=\"https:\/\/politicasocial.vinaros.es\/es\/politica-de-privacidad\/\" \/>\n<meta property=\"og:site_name\" content=\"Pol\u00edtica Social - Ajuntament de Vinar\u00f2s\" \/>\n<meta property=\"article:modified_time\" content=\"2022-11-29T15:37:30+00:00\" \/>\n<meta name=\"twitter:card\" content=\"summary_large_image\" \/>\n<meta name=\"twitter:label1\" content=\"Tiempo de lectura\" \/>\n\t<meta name=\"twitter:data1\" content=\"3 minutos\" \/>\n<script type=\"application\/ld+json\" class=\"yoast-schema-graph\">{\"@context\":\"https:\/\/schema.org\",\"@graph\":[{\"@type\":\"WebPage\",\"@id\":\"https:\/\/politicasocial.vinaros.es\/es\/politica-de-privacidad\/\",\"url\":\"https:\/\/politicasocial.vinaros.es\/es\/politica-de-privacidad\/\",\"name\":\"Pol\u00edtica de privacidad - Pol\u00edtica Social - Ajuntament de Vinar\u00f2s\",\"isPartOf\":{\"@id\":\"https:\/\/politicasocial.vinaros.es\/es\/#website\"},\"datePublished\":\"2022-11-09T09:27:47+00:00\",\"dateModified\":\"2022-11-29T15:37:30+00:00\",\"breadcrumb\":{\"@id\":\"https:\/\/politicasocial.vinaros.es\/es\/politica-de-privacidad\/#breadcrumb\"},\"inLanguage\":\"es\",\"potentialAction\":[{\"@type\":\"ReadAction\",\"target\":[\"https:\/\/politicasocial.vinaros.es\/es\/politica-de-privacidad\/\"]}]},{\"@type\":\"BreadcrumbList\",\"@id\":\"https:\/\/politicasocial.vinaros.es\/es\/politica-de-privacidad\/#breadcrumb\",\"itemListElement\":[{\"@type\":\"ListItem\",\"position\":1,\"name\":\"Inicio\",\"item\":\"https:\/\/politicasocial.vinaros.es\/es\/\"},{\"@type\":\"ListItem\",\"position\":2,\"name\":\"Pol\u00edtica de privacidad\"}]},{\"@type\":\"WebSite\",\"@id\":\"https:\/\/politicasocial.vinaros.es\/es\/#website\",\"url\":\"https:\/\/politicasocial.vinaros.es\/es\/\",\"name\":\"Pol\u00edtica Social - Ajuntament de Vinar\u00f2s\",\"description\":\"Regidoria de Pol\u00edtica Social\",\"potentialAction\":[{\"@type\":\"SearchAction\",\"target\":{\"@type\":\"EntryPoint\",\"urlTemplate\":\"https:\/\/politicasocial.vinaros.es\/es\/?s={search_term_string}\"},\"query-input\":{\"@type\":\"PropertyValueSpecification\",\"valueRequired\":true,\"valueName\":\"search_term_string\"}}],\"inLanguage\":\"es\"}]}<\/script>\n<!-- \/ Yoast SEO plugin. -->","yoast_head_json":{"title":"Pol\u00edtica de privacidad - Pol\u00edtica Social - Ajuntament de Vinar\u00f2s","robots":{"index":"index","follow":"follow","max-snippet":"max-snippet:-1","max-image-preview":"max-image-preview:large","max-video-preview":"max-video-preview:-1"},"canonical":"https:\/\/politicasocial.vinaros.es\/es\/politica-de-privacidad\/","og_locale":"es_ES","og_type":"article","og_title":"Pol\u00edtica de privacidad - Pol\u00edtica Social - Ajuntament de Vinar\u00f2s","og_description":"Pol\u00edtica de protecci\u00f3n de datos El Ayuntamiento de Vinar\u00f2s est\u00e1 especialmente sensibilizado con la protecci\u00f3n de datos de car\u00e1cter personal de los usuarios de la Web y con el cumplimiento del Reglamento General de Protecci\u00f3n de Datos.La visita a este sitio Web no implica que el usuario est\u00e9 obligado a facilitar ninguna informaci\u00f3n sobre el [&hellip;]","og_url":"https:\/\/politicasocial.vinaros.es\/es\/politica-de-privacidad\/","og_site_name":"Pol\u00edtica Social - Ajuntament de Vinar\u00f2s","article_modified_time":"2022-11-29T15:37:30+00:00","twitter_card":"summary_large_image","twitter_misc":{"Tiempo de lectura":"3 minutos"},"schema":{"@context":"https:\/\/schema.org","@graph":[{"@type":"WebPage","@id":"https:\/\/politicasocial.vinaros.es\/es\/politica-de-privacidad\/","url":"https:\/\/politicasocial.vinaros.es\/es\/politica-de-privacidad\/","name":"Pol\u00edtica de privacidad - Pol\u00edtica Social - Ajuntament de Vinar\u00f2s","isPartOf":{"@id":"https:\/\/politicasocial.vinaros.es\/es\/#website"},"datePublished":"2022-11-09T09:27:47+00:00","dateModified":"2022-11-29T15:37:30+00:00","breadcrumb":{"@id":"https:\/\/politicasocial.vinaros.es\/es\/politica-de-privacidad\/#breadcrumb"},"inLanguage":"es","potentialAction":[{"@type":"ReadAction","target":["https:\/\/politicasocial.vinaros.es\/es\/politica-de-privacidad\/"]}]},{"@type":"BreadcrumbList","@id":"https:\/\/politicasocial.vinaros.es\/es\/politica-de-privacidad\/#breadcrumb","itemListElement":[{"@type":"ListItem","position":1,"name":"Inicio","item":"https:\/\/politicasocial.vinaros.es\/es\/"},{"@type":"ListItem","position":2,"name":"Pol\u00edtica de privacidad"}]},{"@type":"WebSite","@id":"https:\/\/politicasocial.vinaros.es\/es\/#website","url":"https:\/\/politicasocial.vinaros.es\/es\/","name":"Pol\u00edtica Social - Ajuntament de Vinar\u00f2s","description":"Regidoria de Pol\u00edtica Social","potentialAction":[{"@type":"SearchAction","target":{"@type":"EntryPoint","urlTemplate":"https:\/\/politicasocial.vinaros.es\/es\/?s={search_term_string}"},"query-input":{"@type":"PropertyValueSpecification","valueRequired":true,"valueName":"search_term_string"}}],"inLanguage":"es"}]}},"_links":{"self":[{"href":"https:\/\/politicasocial.vinaros.es\/es\/wp-json\/wp\/v2\/pages\/478","targetHints":{"allow":["GET"]}}],"collection":[{"href":"https:\/\/politicasocial.vinaros.es\/es\/wp-json\/wp\/v2\/pages"}],"about":[{"href":"https:\/\/politicasocial.vinaros.es\/es\/wp-json\/wp\/v2\/types\/page"}],"author":[{"embeddable":true,"href":"https:\/\/politicasocial.vinaros.es\/es\/wp-json\/wp\/v2\/users\/1"}],"replies":[{"embeddable":true,"href":"https:\/\/politicasocial.vinaros.es\/es\/wp-json\/wp\/v2\/comments?post=478"}],"version-history":[{"count":2,"href":"https:\/\/politicasocial.vinaros.es\/es\/wp-json\/wp\/v2\/pages\/478\/revisions"}],"predecessor-version":[{"id":481,"href":"https:\/\/politicasocial.vinaros.es\/es\/wp-json\/wp\/v2\/pages\/478\/revisions\/481"}],"wp:attachment":[{"href":"https:\/\/politicasocial.vinaros.es\/es\/wp-json\/wp\/v2\/media?parent=478"}],"curies":[{"name":"wp","href":"https:\/\/api.w.org\/{rel}","templated":true}]}}