{"id":485,"date":"2022-11-28T15:42:31","date_gmt":"2022-11-28T14:42:31","guid":{"rendered":"https:\/\/socials.vinaros.es\/programas\/proyecto-itinerarios-insercion-sociolaboral-i3s\/"},"modified":"2023-03-17T14:31:39","modified_gmt":"2023-03-17T13:31:39","slug":"proyecto-itinerarios-insercion-sociolaboral-i3s-2017-2020","status":"publish","type":"page","link":"https:\/\/politicasocial.vinaros.es\/es\/servicios\/atencion-primaria-basica\/servicio-inclusion-social\/proyecto-itinerarios-insercion-sociolaboral-i3s-2017-2020\/","title":{"rendered":"Proyecto Itinerarios Inserci\u00f3n Sociolaboral (I3S) (2017-2020)"},"content":{"rendered":"\n<h2 class=\"wp-block-heading\">\u00bfQu\u00e9 es?<\/h2>\n\n\n\n<p>Es un programa cofinanciado por el Fondo Social Europeo europea que atiende a personas en situaci\u00f3n o riesgo de exclusi\u00f3n social mediante la realizaci\u00f3n de itinerarios b\u00e1sicos, integrales y personalizados, fomentando estrategias orientadas a potenciar sus capacidades , disminuir sus obst\u00e1culos personales y del entorno, favoreciendo su autonom\u00eda y dot\u00e1ndoles de los recursos necesarios para conseguir su integraci\u00f3n social y mejorar su empleabilidad.<\/p>\n\n\n\n<p>Las bases del proyecto se establecen en la Orden 10\/2017, de 29 de Noviembre, de la Vicepresidencia y Conselleria de Igualdad y Pol\u00edticas Inclusivas.<\/p>\n\n\n\n<p>El proyecto Itineraris es una actuaci\u00f3n cofinanciada por la Uni\u00f3n Europea a trav\u00e9s del Programa Operativo del Hondo Social Europeo (FSE) de la Comunidad Valenciana 2014-2020.<\/p>\n\n\n\n<h2 class=\"wp-block-heading\">Servicios<\/h2>\n\n\n\n<ul class=\"wp-block-list\">\n<li>Atenci\u00f3n personalizada de orientaci\u00f3n laboral <\/li>\n\n\n\n<li>Dise\u00f1o o mejora del cv<\/li>\n\n\n\n<li>Derivaci\u00f3n o inscripci\u00f3n a actividades formativas<\/li>\n\n\n\n<li>Derivaci\u00f3n o inscripci\u00f3n a ofertas de empleo<\/li>\n<\/ul>\n\n\n\n<h2 class=\"wp-block-heading\">Talleres quincenales I3S<\/h2>\n\n\n\n<ul class=\"wp-block-list\">\n<li>Confecci\u00f3n de cv atractivo<\/li>\n\n\n\n<li>\u00bfD\u00f3nde envio mi cv?<\/li>\n\n\n\n<li>Habilidades sociales para el empleo.<\/li>\n\n\n\n<li>Din\u00e1micas de entrevista de trabajo<\/li>\n<\/ul>\n\n\n\n<h2 class=\"wp-block-heading\">Horario y Ubicaci\u00f3n<\/h2>\n\n\n\n<p>El horario de atenci\u00f3n al p\u00fablico es de lunes a viernes de 9h a 14h<\/p>\n\n\n\n<p><strong>Concejal\u00eda de Pol\u00edtica Social<\/strong><br>Pla\u00e7a Sant Antoni, 19<br>12500 Vinar\u00f2s<br>Tel: 964402191 ext: 225-227<\/p>\n\n\n\n<h2 class=\"wp-block-heading\">Publicaciones 2019<\/h2>\n\n\n\n<p>12\/03 &#8211; EL PROYECTO ITINERARIOS CON EL 8M<\/p>\n\n\n\n<p><a href=\"http:\/\/serveispoliticasocial.vinaros.es\/ca\/noticies\/el-projecte-itineraris-i3s-de-vinaros-amb-el-8m\">http:\/\/serveispoliticasocial.vinaros.es\/ca\/noticies\/el-projecte-itineraris-i3s-de-vinaros-amb-el-8m<\/a><\/p>\n\n\n\n<p>16\/04 &#8211; T\u00c9CNICAS Y PARTICIPANTES DE ITINERAIOS I3S VISITAN EL WORK FORUM CASTELL\u00d3N 2019.<\/p>\n\n\n\n<p><a href=\"http:\/\/serveispoliticasocial.vinaros.es\/ca\/noticies\/tecniques-i-participants-del-projecte-itineraris-i3s-visiten-el-work-forum-2019\">http:\/\/serveispoliticasocial.vinaros.es\/ca\/noticies\/tecniques-i-participants-del-projecte-itineraris-i3s-visiten-el-work-forum-2019<\/a><\/p>\n\n\n\n<p>24\/04 &#8211; TALLER ITINERARIOS I3S<\/p>\n\n\n\n<p><a href=\"http:\/\/serveispoliticasocial.vinaros.es\/ca\/noticies\/taller-itineraris-i3s\">http:\/\/serveispoliticasocial.vinaros.es\/ca\/noticies\/taller-itineraris-i3s<\/a><\/p>\n\n\n\n<p>04\/06 &#8211; NUEVO TALLER ITINERARIOS I3S<\/p>\n\n\n\n<p><a href=\"http:\/\/serveispoliticasocial.vinaros.es\/ca\/noticies\/nou-taller-itineraris-i3s\">http:\/\/serveispoliticasocial.vinaros.es\/ca\/noticies\/nou-taller-itineraris-i3s<\/a><\/p>\n\n\n\n<p>11\/06 &#8211; DECATHLON IMPARTE UN TALLER DE CV A LOS PARTICIPANTES DEL PROYECTO ITINERARIOS I3S<\/p>\n\n\n\n<p><a href=\"http:\/\/serveispoliticasocial.vinaros.es\/ca\/noticies\/decathlon-imparteix-un-taller-de-cv-als-participants-del-projecte-itineraris-i3s\">http:\/\/serveispoliticasocial.vinaros.es\/ca\/noticies\/decathlon-imparteix-un-taller-de-cv-als-participants-del-projecte-itineraris-i3s<\/a><\/p>\n\n\n\n<p>05\/07 &#8211; ITINERARIOS I3S COLABORA EN LA ORGANIZACI\u00d3N DE LA CONFERENCIA \u00abOPTITUD EN LAS VENTAS\u00bb EN VINALAB<\/p>\n\n\n\n<p><a href=\"http:\/\/serveispoliticasocial.vinaros.es\/ca\/noticies\/itineraris-i3s-collabora-en-lorganitzacio-de-la-xerrada-optitud-en-les-vendes-al-vinalab\">http:\/\/serveispoliticasocial.vinaros.es\/ca\/noticies\/itineraris-i3s-collabora-en-lorganitzacio-de-la-xerrada-optitud-en-les-vendes-al-vinalab<\/a><\/p>\n\n\n\n<p>31\/07 &#8211; EL PROYECTO ITINERARIOS I3S COLABORA CONE EL PACTO TERRITORIAL POR EL EMPLEO \u00abMAESTRAT LITORAL\u00bb<\/p>\n\n\n\n<p><a href=\"http:\/\/serveispoliticasocial.vinaros.es\/ca\/noticies\/el-projecte-itineraris-i3s-collabora-amb-el-pacte-territorial-l-ocupacio-maestrat-litoral\">http:\/\/serveispoliticasocial.vinaros.es\/ca\/noticies\/el-projecte-itineraris-i3s-collabora-amb-el-pacte-territorial-l-ocupacio-maestrat-litoral<\/a><\/p>\n\n\n\n<p>20\/08 &#8211; VINAR\u00d2S RECIBIR\u00c1 UNA SUBVENCI\u00d3N DE CASI 134.000 EUROS PARA DAR CONTINUIDAD AL PROYECTO ITINERARIOS I3S<\/p>\n\n\n\n<p><a href=\"http:\/\/serveispoliticasocial.vinaros.es\/ca\/noticies\/vinaros-rebra-una-subvencio-de-gairebe-134000eu-donar-continuitat-al-projecte-itineraris\">http:\/\/serveispoliticasocial.vinaros.es\/ca\/noticies\/vinaros-rebra-una-subvencio-de-gairebe-134000eu-donar-continuitat-al-projecte-itineraris<\/a><\/p>\n\n\n\n<p>20\/08 &#8211; CONVERSACI\u00d3N EN CASTELLANO PARA PARTICIPANTES DEL PROYECTO ITINEARIOS I3S<\/p>\n\n\n\n<p><a href=\"http:\/\/serveispoliticasocial.vinaros.es\/ca\/noticies\/conversa-en-castella-als-participant-del-projecte-itineraris-i3s\">http:\/\/serveispoliticasocial.vinaros.es\/ca\/noticies\/conversa-en-castella-als-participant-del-projecte-itineraris-i3s<\/a><\/p>\n\n\n\n<p>20\/08 &#8211; PARTICIPANTES DEL PROYECTO ITINEARIOS I3S EN EL CURSO DE ALFABETIZACI\u00d3N DIGITAL IMPARTIDO POR OBSEDI MAESTRAT LITORAL<\/p>\n\n\n\n<p><a href=\"http:\/\/serveispoliticasocial.vinaros.es\/ca\/noticies\/participants-del-projecte-itineraris-al-curs-dalfabetitzacio-digital-impartit-obsedi\">http:\/\/serveispoliticasocial.vinaros.es\/ca\/noticies\/participants-del-projecte-itineraris-al-curs-dalfabetitzacio-digital-impartit-obsedi<\/a><\/p>\n\n\n\n<p>29\/08 &#8211; ENTREGA DE DIPLOMAS DE FORMACI\u00d3N A USUARIOS DEL PROYECTO ITINERARIOS<\/p>\n\n\n\n<p><a href=\"http:\/\/serveispoliticasocial.vinaros.es\/ca\/noticies\/entrega-de-diplomes-de-formacio-usuarises-del-projecte-itineraris\">http:\/\/serveispoliticasocial.vinaros.es\/ca\/noticies\/entrega-de-diplomes-de-formacio-usuarises-del-projecte-itineraris<\/a><\/p>\n\n\n\n<p>30\/08 &#8211; ENTREGA DE DIPLOMAS DE ALFABETIZACI\u00d3N DIGITAL A PARTICIPANTES DEL PROYECTO I3S<\/p>\n\n\n\n<p><a href=\"http:\/\/serveispoliticasocial.vinaros.es\/ca\/noticies\/entrega-de-diplomes-del-curs-dalfabetitzacio-digital-participants-del-projecte-itineraris\">http:\/\/serveispoliticasocial.vinaros.es\/ca\/noticies\/entrega-de-diplomes-del-curs-dalfabetitzacio-digital-participants-del-projecte-itineraris<\/a><\/p>\n\n\n\n<p>09\/09 &#8211; ORIENTADORAS DE OBSEDI MAESTRAT LITORAL TRABAJAN CON USUARIOS\/AS DE ITINERARIOS<\/p>\n\n\n\n<p><a href=\"http:\/\/serveispoliticasocial.vinaros.es\/ca\/noticies\/orientadores-de-obsedi-treballen-amb-usuarises-de-itineraris\">http:\/\/serveispoliticasocial.vinaros.es\/ca\/noticies\/orientadores-de-obsedi-treballen-amb-usuarises-de-itineraris<\/a><\/p>\n\n\n\n<p>07\/10 &#8211; COLABORACI\u00d3N DE ITINERARIOS CON EL PACTO TERRITORIAL POR EL EMPLEO MAESTRAT LITORAL<\/p>\n\n\n\n<p><a href=\"http:\/\/serveispoliticasocial.vinaros.es\/ca\/noticies\/collaboracio-d-itineraris-amb-el-pacte-territorial-l-ocupacio-maestrat-litoral\">http:\/\/serveispoliticasocial.vinaros.es\/ca\/noticies\/collaboracio-d-itineraris-amb-el-pacte-territorial-l-ocupacio-maestrat-litoral<\/a><\/p>\n\n\n\n<p>11\/10- COORDINACI\u00d3N DE LOS\/AS TRABAJADORES\/AS SOCIALES Y ITINERARIOS CON LABORA<\/p>\n\n\n\n<p><a href=\"http:\/\/serveispoliticasocial.vinaros.es\/ca\/noticies\/coordinacio-dels-treballadorsres-socials-i-itineraris-amb-labora\">http:\/\/serveispoliticasocial.vinaros.es\/ca\/noticies\/coordinacio-dels-treballadorsres-socials-i-itineraris-amb-labora<\/a><\/p>\n\n\n\n<p>30\/10 &#8211; NUEVO CURSO DE ALFABETIZACI\u00d3N DIGITAL A USUARIOS DEL PROYECTO ITINERARIOS<\/p>\n\n\n\n<p><a href=\"http:\/\/serveispoliticasocial.vinaros.es\/ca\/noticies\/nou-curs-dalfabetitzacio-digital-usuaris-d-itineraris-i3s\">http:\/\/serveispoliticasocial.vinaros.es\/ca\/noticies\/nou-curs-dalfabetitzacio-digital-usuaris-d-itineraris-i3s<\/a><\/p>\n\n\n\n<p>06\/11 &#8211; PROYECTO ITINERARIOS Y FUNDACI\u00d3N DIAGRAMA TRABAJANDO COORDINADAMENTE <\/p>\n\n\n\n<p><a href=\"http:\/\/serveispoliticasocial.vinaros.es\/ca\/noticies\/projecte-itineraris-i-fundacio-diagrama-treballant-coordinadament\">http:\/\/serveispoliticasocial.vinaros.es\/ca\/noticies\/projecte-itineraris-i-fundacio-diagrama-treballant-coordinadament<\/a><\/p>\n\n\n\n<p>11\/11- OBTENCI\u00d3N DEL CERTIFICADO DE COMPETENCIAS CLAVE<\/p>\n\n\n\n<p><a href=\"http:\/\/serveispoliticasocial.vinaros.es\/ca\/noticies\/projecte-itineraris-obtencio-del-certificat-de-competencies-clau\">http:\/\/serveispoliticasocial.vinaros.es\/ca\/noticies\/projecte-itineraris-obtencio-del-certificat-de-competencies-clau<\/a><\/p>\n\n\n\n<p>17\/12 &#8211; ENTREGA DE DIPLOMAS DE ALFABETIZACI\u00d3N DIGITAL A USUARIOS\/AS DE ITINERARIOS<\/p>\n\n\n\n<p><a href=\"http:\/\/serveispoliticasocial.vinaros.es\/ca\/noticies\/lliurament-de-diplomes-de-alfabetitzacio-digital-usuaris-d-itineraris\">http:\/\/serveispoliticasocial.vinaros.es\/ca\/noticies\/lliurament-de-diplomes-de-alfabetitzacio-digital-usuaris-d-itineraris<\/a><\/p>\n\n\n\n<h2 class=\"wp-block-heading\">Publicaciones 2020<\/h2>\n\n\n\n<p>30\/01 &#8211; REUNI\u00d3N DE ITINERARIOS VINAR\u00d2S CON LA DIRECTORA GENERAL DE ACCION COMUNITARIA Y BARRIOS INCLUSIVOS<\/p>\n\n\n\n<p><a href=\"http:\/\/serveispoliticasocial.vinaros.es\/ca\/noticies\/reunio-ditineraris-vinaros-amb-la-directora-general-daccio-comunitaria-i-barris-inclusius\">http:\/\/serveispoliticasocial.vinaros.es\/ca\/noticies\/reunio-ditineraris-vinaros-amb-la-directora-general-daccio-comunitaria-i-barris-inclusius<\/a><\/p>\n\n\n\n<p>04\/02 &#8211; EXAMEN DE COMPETENCIAS CLAVE DE USUSARIOS\/AS DE ITINERARIOS I3S EN CASTELL\u00d3N<\/p>\n\n\n\n<p><a href=\"http:\/\/serveispoliticasocial.vinaros.es\/ca\/noticies\/examen-de-competencies-clau-dusuarisas-itineraris-i3s-castello\">http:\/\/serveispoliticasocial.vinaros.es\/ca\/noticies\/examen-de-competencies-clau-dusuarisas-itineraris-i3s-castello<\/a><\/p>\n\n\n\n<p>17\/02 &#8211; LA PROSPECTORA DEL PROYECO ITINERARIOS VINAR\u00d2S SE REUNE CON EL PROSPECTOR DE LABORA<\/p>\n\n\n\n<p><a href=\"http:\/\/serveispoliticasocial.vinaros.es\/ca\/noticies\/la-prospectora-ditineraris-vinaros-es-reuneix-amb-el-prospector-de-labora\">http:\/\/serveispoliticasocial.vinaros.es\/ca\/noticies\/la-prospectora-ditineraris-vinaros-es-reuneix-amb-el-prospector-de-labora<\/a><\/p>\n\n\n\n<p>03\/03 &#8211; EL PROYECTO ITINERARIOS Y LA INSERCI\u00d3N DE LAS PERSONAS CON DISCAPACIDAD<\/p>\n\n\n\n<p><a href=\"http:\/\/serveispoliticasocial.vinaros.es\/ca\/noticies\/el-projecte-itineraris-i-linsercio-de-persones-amb-discapacitat\">http:\/\/serveispoliticasocial.vinaros.es\/ca\/noticies\/el-projecte-itineraris-i-linsercio-de-persones-amb-discapacitat<\/a><\/p>\n\n\n\n<p>11\/03 &#8211; EL EQUIPO DEL PROYECTO ITINERARIOS Y USUARIOS \/AS VISITAN CONNECTA LABORA EN C\u00c0LIG<\/p>\n\n\n\n<p><a href=\"http:\/\/serveispoliticasocial.vinaros.es\/ca\/noticies\/lequip-del-projecte-itineraris-i-usuarises-visiten-connecta-labora-calig\">http:\/\/serveispoliticasocial.vinaros.es\/ca\/noticies\/lequip-del-projecte-itineraris-i-usuarises-visiten-connecta-labora-calig<\/a><\/p>\n","protected":false},"excerpt":{"rendered":"<p>\u00bfQu\u00e9 es? Es un programa cofinanciado por el Fondo Social Europeo europea que atiende a personas en situaci\u00f3n o riesgo de exclusi\u00f3n social mediante la realizaci\u00f3n de itinerarios b\u00e1sicos, integrales y personalizados, fomentando estrategias orientadas a potenciar sus capacidades , disminuir sus obst\u00e1culos personales y del entorno, favoreciendo su autonom\u00eda y dot\u00e1ndoles de los recursos [&hellip;]<\/p>\n","protected":false},"author":1,"featured_media":0,"parent":500,"menu_order":0,"comment_status":"closed","ping_status":"closed","template":"","meta":{"_acf_changed":false,"inline_featured_image":false,"footnotes":""},"class_list":["post-485","page","type-page","status-publish","hentry"],"acf":[],"yoast_head":"<!-- This site is optimized with the Yoast SEO plugin v27.0 - https:\/\/yoast.com\/product\/yoast-seo-wordpress\/ -->\n<title>Proyecto Itinerarios Inserci\u00f3n Sociolaboral (I3S) (2017-2020) - Pol\u00edtica Social - Ajuntament de Vinar\u00f2s<\/title>\n<meta name=\"robots\" content=\"index, follow, max-snippet:-1, max-image-preview:large, max-video-preview:-1\" \/>\n<link rel=\"canonical\" href=\"https:\/\/politicasocial.vinaros.es\/es\/servicios\/atencion-primaria-basica\/servicio-inclusion-social\/proyecto-itinerarios-insercion-sociolaboral-i3s-2017-2020\/\" \/>\n<meta property=\"og:locale\" content=\"es_ES\" \/>\n<meta property=\"og:type\" content=\"article\" \/>\n<meta property=\"og:title\" content=\"Proyecto Itinerarios Inserci\u00f3n Sociolaboral (I3S) (2017-2020) - Pol\u00edtica Social - Ajuntament de Vinar\u00f2s\" \/>\n<meta property=\"og:description\" content=\"\u00bfQu\u00e9 es? Es un programa cofinanciado por el Fondo Social Europeo europea que atiende a personas en situaci\u00f3n o riesgo de exclusi\u00f3n social mediante la realizaci\u00f3n de itinerarios b\u00e1sicos, integrales y personalizados, fomentando estrategias orientadas a potenciar sus capacidades , disminuir sus obst\u00e1culos personales y del entorno, favoreciendo su autonom\u00eda y dot\u00e1ndoles de los recursos [&hellip;]\" \/>\n<meta property=\"og:url\" content=\"https:\/\/politicasocial.vinaros.es\/es\/servicios\/atencion-primaria-basica\/servicio-inclusion-social\/proyecto-itinerarios-insercion-sociolaboral-i3s-2017-2020\/\" \/>\n<meta property=\"og:site_name\" content=\"Pol\u00edtica Social - Ajuntament de Vinar\u00f2s\" \/>\n<meta property=\"article:modified_time\" content=\"2023-03-17T13:31:39+00:00\" \/>\n<meta name=\"twitter:card\" content=\"summary_large_image\" \/>\n<meta name=\"twitter:label1\" content=\"Tiempo de lectura\" \/>\n\t<meta name=\"twitter:data1\" content=\"3 minutos\" \/>\n<script type=\"application\/ld+json\" class=\"yoast-schema-graph\">{\"@context\":\"https:\/\/schema.org\",\"@graph\":[{\"@type\":\"WebPage\",\"@id\":\"https:\/\/politicasocial.vinaros.es\/es\/servicios\/atencion-primaria-basica\/servicio-inclusion-social\/proyecto-itinerarios-insercion-sociolaboral-i3s-2017-2020\/\",\"url\":\"https:\/\/politicasocial.vinaros.es\/es\/servicios\/atencion-primaria-basica\/servicio-inclusion-social\/proyecto-itinerarios-insercion-sociolaboral-i3s-2017-2020\/\",\"name\":\"Proyecto Itinerarios Inserci\u00f3n Sociolaboral (I3S) (2017-2020) - Pol\u00edtica Social - Ajuntament de Vinar\u00f2s\",\"isPartOf\":{\"@id\":\"https:\/\/politicasocial.vinaros.es\/es\/#website\"},\"datePublished\":\"2022-11-28T14:42:31+00:00\",\"dateModified\":\"2023-03-17T13:31:39+00:00\",\"breadcrumb\":{\"@id\":\"https:\/\/politicasocial.vinaros.es\/es\/servicios\/atencion-primaria-basica\/servicio-inclusion-social\/proyecto-itinerarios-insercion-sociolaboral-i3s-2017-2020\/#breadcrumb\"},\"inLanguage\":\"es\",\"potentialAction\":[{\"@type\":\"ReadAction\",\"target\":[\"https:\/\/politicasocial.vinaros.es\/es\/servicios\/atencion-primaria-basica\/servicio-inclusion-social\/proyecto-itinerarios-insercion-sociolaboral-i3s-2017-2020\/\"]}]},{\"@type\":\"BreadcrumbList\",\"@id\":\"https:\/\/politicasocial.vinaros.es\/es\/servicios\/atencion-primaria-basica\/servicio-inclusion-social\/proyecto-itinerarios-insercion-sociolaboral-i3s-2017-2020\/#breadcrumb\",\"itemListElement\":[{\"@type\":\"ListItem\",\"position\":1,\"name\":\"Inicio\",\"item\":\"https:\/\/politicasocial.vinaros.es\/es\/\"},{\"@type\":\"ListItem\",\"position\":2,\"name\":\"Servicios\",\"item\":\"https:\/\/politicasocial.vinaros.es\/es\/serveis\/\"},{\"@type\":\"ListItem\",\"position\":3,\"name\":\"Atenci\u00f3n primaria b\u00e1sica\",\"item\":\"https:\/\/politicasocial.vinaros.es\/es\/serveis\/atencio-primaria-basica\/\"},{\"@type\":\"ListItem\",\"position\":4,\"name\":\"Servicio inclusi\u00f3n social\",\"item\":\"https:\/\/politicasocial.vinaros.es\/es\/serveis\/atencio-primaria-basica\/servei-inclusio-social\/\"},{\"@type\":\"ListItem\",\"position\":5,\"name\":\"Proyecto Itinerarios Inserci\u00f3n Sociolaboral (I3S) (2017-2020)\"}]},{\"@type\":\"WebSite\",\"@id\":\"https:\/\/politicasocial.vinaros.es\/es\/#website\",\"url\":\"https:\/\/politicasocial.vinaros.es\/es\/\",\"name\":\"Pol\u00edtica Social - Ajuntament de Vinar\u00f2s\",\"description\":\"Regidoria de Pol\u00edtica Social\",\"potentialAction\":[{\"@type\":\"SearchAction\",\"target\":{\"@type\":\"EntryPoint\",\"urlTemplate\":\"https:\/\/politicasocial.vinaros.es\/es\/?s={search_term_string}\"},\"query-input\":{\"@type\":\"PropertyValueSpecification\",\"valueRequired\":true,\"valueName\":\"search_term_string\"}}],\"inLanguage\":\"es\"}]}<\/script>\n<!-- \/ Yoast SEO plugin. -->","yoast_head_json":{"title":"Proyecto Itinerarios Inserci\u00f3n Sociolaboral (I3S) (2017-2020) - Pol\u00edtica Social - Ajuntament de Vinar\u00f2s","robots":{"index":"index","follow":"follow","max-snippet":"max-snippet:-1","max-image-preview":"max-image-preview:large","max-video-preview":"max-video-preview:-1"},"canonical":"https:\/\/politicasocial.vinaros.es\/es\/servicios\/atencion-primaria-basica\/servicio-inclusion-social\/proyecto-itinerarios-insercion-sociolaboral-i3s-2017-2020\/","og_locale":"es_ES","og_type":"article","og_title":"Proyecto Itinerarios Inserci\u00f3n Sociolaboral (I3S) (2017-2020) - Pol\u00edtica Social - Ajuntament de Vinar\u00f2s","og_description":"\u00bfQu\u00e9 es? Es un programa cofinanciado por el Fondo Social Europeo europea que atiende a personas en situaci\u00f3n o riesgo de exclusi\u00f3n social mediante la realizaci\u00f3n de itinerarios b\u00e1sicos, integrales y personalizados, fomentando estrategias orientadas a potenciar sus capacidades , disminuir sus obst\u00e1culos personales y del entorno, favoreciendo su autonom\u00eda y dot\u00e1ndoles de los recursos [&hellip;]","og_url":"https:\/\/politicasocial.vinaros.es\/es\/servicios\/atencion-primaria-basica\/servicio-inclusion-social\/proyecto-itinerarios-insercion-sociolaboral-i3s-2017-2020\/","og_site_name":"Pol\u00edtica Social - Ajuntament de Vinar\u00f2s","article_modified_time":"2023-03-17T13:31:39+00:00","twitter_card":"summary_large_image","twitter_misc":{"Tiempo de lectura":"3 minutos"},"schema":{"@context":"https:\/\/schema.org","@graph":[{"@type":"WebPage","@id":"https:\/\/politicasocial.vinaros.es\/es\/servicios\/atencion-primaria-basica\/servicio-inclusion-social\/proyecto-itinerarios-insercion-sociolaboral-i3s-2017-2020\/","url":"https:\/\/politicasocial.vinaros.es\/es\/servicios\/atencion-primaria-basica\/servicio-inclusion-social\/proyecto-itinerarios-insercion-sociolaboral-i3s-2017-2020\/","name":"Proyecto Itinerarios Inserci\u00f3n Sociolaboral (I3S) (2017-2020) - Pol\u00edtica Social - Ajuntament de Vinar\u00f2s","isPartOf":{"@id":"https:\/\/politicasocial.vinaros.es\/es\/#website"},"datePublished":"2022-11-28T14:42:31+00:00","dateModified":"2023-03-17T13:31:39+00:00","breadcrumb":{"@id":"https:\/\/politicasocial.vinaros.es\/es\/servicios\/atencion-primaria-basica\/servicio-inclusion-social\/proyecto-itinerarios-insercion-sociolaboral-i3s-2017-2020\/#breadcrumb"},"inLanguage":"es","potentialAction":[{"@type":"ReadAction","target":["https:\/\/politicasocial.vinaros.es\/es\/servicios\/atencion-primaria-basica\/servicio-inclusion-social\/proyecto-itinerarios-insercion-sociolaboral-i3s-2017-2020\/"]}]},{"@type":"BreadcrumbList","@id":"https:\/\/politicasocial.vinaros.es\/es\/servicios\/atencion-primaria-basica\/servicio-inclusion-social\/proyecto-itinerarios-insercion-sociolaboral-i3s-2017-2020\/#breadcrumb","itemListElement":[{"@type":"ListItem","position":1,"name":"Inicio","item":"https:\/\/politicasocial.vinaros.es\/es\/"},{"@type":"ListItem","position":2,"name":"Servicios","item":"https:\/\/politicasocial.vinaros.es\/es\/serveis\/"},{"@type":"ListItem","position":3,"name":"Atenci\u00f3n primaria b\u00e1sica","item":"https:\/\/politicasocial.vinaros.es\/es\/serveis\/atencio-primaria-basica\/"},{"@type":"ListItem","position":4,"name":"Servicio inclusi\u00f3n social","item":"https:\/\/politicasocial.vinaros.es\/es\/serveis\/atencio-primaria-basica\/servei-inclusio-social\/"},{"@type":"ListItem","position":5,"name":"Proyecto Itinerarios Inserci\u00f3n Sociolaboral (I3S) (2017-2020)"}]},{"@type":"WebSite","@id":"https:\/\/politicasocial.vinaros.es\/es\/#website","url":"https:\/\/politicasocial.vinaros.es\/es\/","name":"Pol\u00edtica Social - Ajuntament de Vinar\u00f2s","description":"Regidoria de Pol\u00edtica Social","potentialAction":[{"@type":"SearchAction","target":{"@type":"EntryPoint","urlTemplate":"https:\/\/politicasocial.vinaros.es\/es\/?s={search_term_string}"},"query-input":{"@type":"PropertyValueSpecification","valueRequired":true,"valueName":"search_term_string"}}],"inLanguage":"es"}]}},"_links":{"self":[{"href":"https:\/\/politicasocial.vinaros.es\/es\/wp-json\/wp\/v2\/pages\/485","targetHints":{"allow":["GET"]}}],"collection":[{"href":"https:\/\/politicasocial.vinaros.es\/es\/wp-json\/wp\/v2\/pages"}],"about":[{"href":"https:\/\/politicasocial.vinaros.es\/es\/wp-json\/wp\/v2\/types\/page"}],"author":[{"embeddable":true,"href":"https:\/\/politicasocial.vinaros.es\/es\/wp-json\/wp\/v2\/users\/1"}],"replies":[{"embeddable":true,"href":"https:\/\/politicasocial.vinaros.es\/es\/wp-json\/wp\/v2\/comments?post=485"}],"version-history":[{"count":4,"href":"https:\/\/politicasocial.vinaros.es\/es\/wp-json\/wp\/v2\/pages\/485\/revisions"}],"predecessor-version":[{"id":1766,"href":"https:\/\/politicasocial.vinaros.es\/es\/wp-json\/wp\/v2\/pages\/485\/revisions\/1766"}],"up":[{"embeddable":true,"href":"https:\/\/politicasocial.vinaros.es\/es\/wp-json\/wp\/v2\/pages\/500"}],"wp:attachment":[{"href":"https:\/\/politicasocial.vinaros.es\/es\/wp-json\/wp\/v2\/media?parent=485"}],"curies":[{"name":"wp","href":"https:\/\/api.w.org\/{rel}","templated":true}]}}