{"id":502,"date":"2022-11-24T16:09:55","date_gmt":"2022-11-24T15:09:55","guid":{"rendered":"https:\/\/socials.vinaros.es\/servicios\/atencion-primaria-basica\/servicio-de-intervencion-con-las-familias\/"},"modified":"2023-03-16T16:33:08","modified_gmt":"2023-03-16T15:33:08","slug":"servicio-de-intervencion-con-las-familias","status":"publish","type":"page","link":"https:\/\/politicasocial.vinaros.es\/es\/servicios\/atencion-primaria-basica\/servicio-de-intervencion-con-las-familias\/","title":{"rendered":"Servicio de prevenci\u00f3n e intervenci\u00f3n con las familias"},"content":{"rendered":"\n<p>El Servicio de intervenci\u00f3n con las familias se encarga de la prevenci\u00f3n, diagn\u00f3stico e intervenci\u00f3n de car\u00e1cter individual o familiar, con la infancia y la adolescencia y personas mayores. Las prestaciones desarrolladas en este servicio se corresponden con la mediaci\u00f3n y la orientaci\u00f3n e intervenci\u00f3n familiar o en la unidad de convivencia, entre otras.<\/p>\n","protected":false},"excerpt":{"rendered":"<p>El Servicio de intervenci\u00f3n con las familias se encarga de la prevenci\u00f3n, diagn\u00f3stico e intervenci\u00f3n de car\u00e1cter individual o familiar, con la infancia y la adolescencia y personas mayores. Las prestaciones desarrolladas en este servicio se corresponden con la mediaci\u00f3n y la orientaci\u00f3n e intervenci\u00f3n familiar o en la unidad de convivencia, entre otras.<\/p>\n","protected":false},"author":2,"featured_media":0,"parent":495,"menu_order":3,"comment_status":"closed","ping_status":"closed","template":"pagines-child-parent.php","meta":{"_acf_changed":false,"inline_featured_image":false,"footnotes":""},"class_list":["post-502","page","type-page","status-publish","hentry"],"acf":[],"yoast_head":"<!-- This site is optimized with the Yoast SEO plugin v27.0 - https:\/\/yoast.com\/product\/yoast-seo-wordpress\/ -->\n<title>Servicio de prevenci\u00f3n e intervenci\u00f3n con las familias - Pol\u00edtica Social - Ajuntament de Vinar\u00f2s<\/title>\n<meta name=\"robots\" content=\"index, follow, max-snippet:-1, max-image-preview:large, max-video-preview:-1\" \/>\n<link rel=\"canonical\" href=\"https:\/\/politicasocial.vinaros.es\/es\/servicios\/atencion-primaria-basica\/servicio-de-intervencion-con-las-familias\/\" \/>\n<meta property=\"og:locale\" content=\"es_ES\" \/>\n<meta property=\"og:type\" content=\"article\" \/>\n<meta property=\"og:title\" content=\"Servicio de prevenci\u00f3n e intervenci\u00f3n con las familias - Pol\u00edtica Social - Ajuntament de Vinar\u00f2s\" \/>\n<meta property=\"og:description\" content=\"El Servicio de intervenci\u00f3n con las familias se encarga de la prevenci\u00f3n, diagn\u00f3stico e intervenci\u00f3n de car\u00e1cter individual o familiar, con la infancia y la adolescencia y personas mayores. Las prestaciones desarrolladas en este servicio se corresponden con la mediaci\u00f3n y la orientaci\u00f3n e intervenci\u00f3n familiar o en la unidad de convivencia, entre otras.\" \/>\n<meta property=\"og:url\" content=\"https:\/\/politicasocial.vinaros.es\/es\/servicios\/atencion-primaria-basica\/servicio-de-intervencion-con-las-familias\/\" \/>\n<meta property=\"og:site_name\" content=\"Pol\u00edtica Social - Ajuntament de Vinar\u00f2s\" \/>\n<meta property=\"article:modified_time\" content=\"2023-03-16T15:33:08+00:00\" \/>\n<meta name=\"twitter:card\" content=\"summary_large_image\" \/>\n<script type=\"application\/ld+json\" class=\"yoast-schema-graph\">{\"@context\":\"https:\/\/schema.org\",\"@graph\":[{\"@type\":\"WebPage\",\"@id\":\"https:\/\/politicasocial.vinaros.es\/es\/servicios\/atencion-primaria-basica\/servicio-de-intervencion-con-las-familias\/\",\"url\":\"https:\/\/politicasocial.vinaros.es\/es\/servicios\/atencion-primaria-basica\/servicio-de-intervencion-con-las-familias\/\",\"name\":\"Servicio de prevenci\u00f3n e intervenci\u00f3n con las familias - Pol\u00edtica Social - Ajuntament de Vinar\u00f2s\",\"isPartOf\":{\"@id\":\"https:\/\/politicasocial.vinaros.es\/es\/#website\"},\"datePublished\":\"2022-11-24T15:09:55+00:00\",\"dateModified\":\"2023-03-16T15:33:08+00:00\",\"breadcrumb\":{\"@id\":\"https:\/\/politicasocial.vinaros.es\/es\/servicios\/atencion-primaria-basica\/servicio-de-intervencion-con-las-familias\/#breadcrumb\"},\"inLanguage\":\"es\",\"potentialAction\":[{\"@type\":\"ReadAction\",\"target\":[\"https:\/\/politicasocial.vinaros.es\/es\/servicios\/atencion-primaria-basica\/servicio-de-intervencion-con-las-familias\/\"]}]},{\"@type\":\"BreadcrumbList\",\"@id\":\"https:\/\/politicasocial.vinaros.es\/es\/servicios\/atencion-primaria-basica\/servicio-de-intervencion-con-las-familias\/#breadcrumb\",\"itemListElement\":[{\"@type\":\"ListItem\",\"position\":1,\"name\":\"Inicio\",\"item\":\"https:\/\/politicasocial.vinaros.es\/es\/\"},{\"@type\":\"ListItem\",\"position\":2,\"name\":\"Servicios\",\"item\":\"https:\/\/politicasocial.vinaros.es\/es\/serveis\/\"},{\"@type\":\"ListItem\",\"position\":3,\"name\":\"Atenci\u00f3n primaria b\u00e1sica\",\"item\":\"https:\/\/politicasocial.vinaros.es\/es\/serveis\/atencio-primaria-basica\/\"},{\"@type\":\"ListItem\",\"position\":4,\"name\":\"Servicio de prevenci\u00f3n e intervenci\u00f3n con las familias\"}]},{\"@type\":\"WebSite\",\"@id\":\"https:\/\/politicasocial.vinaros.es\/es\/#website\",\"url\":\"https:\/\/politicasocial.vinaros.es\/es\/\",\"name\":\"Pol\u00edtica Social - Ajuntament de Vinar\u00f2s\",\"description\":\"Regidoria de Pol\u00edtica Social\",\"potentialAction\":[{\"@type\":\"SearchAction\",\"target\":{\"@type\":\"EntryPoint\",\"urlTemplate\":\"https:\/\/politicasocial.vinaros.es\/es\/?s={search_term_string}\"},\"query-input\":{\"@type\":\"PropertyValueSpecification\",\"valueRequired\":true,\"valueName\":\"search_term_string\"}}],\"inLanguage\":\"es\"}]}<\/script>\n<!-- \/ Yoast SEO plugin. -->","yoast_head_json":{"title":"Servicio de prevenci\u00f3n e intervenci\u00f3n con las familias - Pol\u00edtica Social - Ajuntament de Vinar\u00f2s","robots":{"index":"index","follow":"follow","max-snippet":"max-snippet:-1","max-image-preview":"max-image-preview:large","max-video-preview":"max-video-preview:-1"},"canonical":"https:\/\/politicasocial.vinaros.es\/es\/servicios\/atencion-primaria-basica\/servicio-de-intervencion-con-las-familias\/","og_locale":"es_ES","og_type":"article","og_title":"Servicio de prevenci\u00f3n e intervenci\u00f3n con las familias - Pol\u00edtica Social - Ajuntament de Vinar\u00f2s","og_description":"El Servicio de intervenci\u00f3n con las familias se encarga de la prevenci\u00f3n, diagn\u00f3stico e intervenci\u00f3n de car\u00e1cter individual o familiar, con la infancia y la adolescencia y personas mayores. Las prestaciones desarrolladas en este servicio se corresponden con la mediaci\u00f3n y la orientaci\u00f3n e intervenci\u00f3n familiar o en la unidad de convivencia, entre otras.","og_url":"https:\/\/politicasocial.vinaros.es\/es\/servicios\/atencion-primaria-basica\/servicio-de-intervencion-con-las-familias\/","og_site_name":"Pol\u00edtica Social - Ajuntament de Vinar\u00f2s","article_modified_time":"2023-03-16T15:33:08+00:00","twitter_card":"summary_large_image","schema":{"@context":"https:\/\/schema.org","@graph":[{"@type":"WebPage","@id":"https:\/\/politicasocial.vinaros.es\/es\/servicios\/atencion-primaria-basica\/servicio-de-intervencion-con-las-familias\/","url":"https:\/\/politicasocial.vinaros.es\/es\/servicios\/atencion-primaria-basica\/servicio-de-intervencion-con-las-familias\/","name":"Servicio de prevenci\u00f3n e intervenci\u00f3n con las familias - Pol\u00edtica Social - Ajuntament de Vinar\u00f2s","isPartOf":{"@id":"https:\/\/politicasocial.vinaros.es\/es\/#website"},"datePublished":"2022-11-24T15:09:55+00:00","dateModified":"2023-03-16T15:33:08+00:00","breadcrumb":{"@id":"https:\/\/politicasocial.vinaros.es\/es\/servicios\/atencion-primaria-basica\/servicio-de-intervencion-con-las-familias\/#breadcrumb"},"inLanguage":"es","potentialAction":[{"@type":"ReadAction","target":["https:\/\/politicasocial.vinaros.es\/es\/servicios\/atencion-primaria-basica\/servicio-de-intervencion-con-las-familias\/"]}]},{"@type":"BreadcrumbList","@id":"https:\/\/politicasocial.vinaros.es\/es\/servicios\/atencion-primaria-basica\/servicio-de-intervencion-con-las-familias\/#breadcrumb","itemListElement":[{"@type":"ListItem","position":1,"name":"Inicio","item":"https:\/\/politicasocial.vinaros.es\/es\/"},{"@type":"ListItem","position":2,"name":"Servicios","item":"https:\/\/politicasocial.vinaros.es\/es\/serveis\/"},{"@type":"ListItem","position":3,"name":"Atenci\u00f3n primaria b\u00e1sica","item":"https:\/\/politicasocial.vinaros.es\/es\/serveis\/atencio-primaria-basica\/"},{"@type":"ListItem","position":4,"name":"Servicio de prevenci\u00f3n e intervenci\u00f3n con las familias"}]},{"@type":"WebSite","@id":"https:\/\/politicasocial.vinaros.es\/es\/#website","url":"https:\/\/politicasocial.vinaros.es\/es\/","name":"Pol\u00edtica Social - Ajuntament de Vinar\u00f2s","description":"Regidoria de Pol\u00edtica Social","potentialAction":[{"@type":"SearchAction","target":{"@type":"EntryPoint","urlTemplate":"https:\/\/politicasocial.vinaros.es\/es\/?s={search_term_string}"},"query-input":{"@type":"PropertyValueSpecification","valueRequired":true,"valueName":"search_term_string"}}],"inLanguage":"es"}]}},"_links":{"self":[{"href":"https:\/\/politicasocial.vinaros.es\/es\/wp-json\/wp\/v2\/pages\/502","targetHints":{"allow":["GET"]}}],"collection":[{"href":"https:\/\/politicasocial.vinaros.es\/es\/wp-json\/wp\/v2\/pages"}],"about":[{"href":"https:\/\/politicasocial.vinaros.es\/es\/wp-json\/wp\/v2\/types\/page"}],"author":[{"embeddable":true,"href":"https:\/\/politicasocial.vinaros.es\/es\/wp-json\/wp\/v2\/users\/2"}],"replies":[{"embeddable":true,"href":"https:\/\/politicasocial.vinaros.es\/es\/wp-json\/wp\/v2\/comments?post=502"}],"version-history":[{"count":2,"href":"https:\/\/politicasocial.vinaros.es\/es\/wp-json\/wp\/v2\/pages\/502\/revisions"}],"predecessor-version":[{"id":1663,"href":"https:\/\/politicasocial.vinaros.es\/es\/wp-json\/wp\/v2\/pages\/502\/revisions\/1663"}],"up":[{"embeddable":true,"href":"https:\/\/politicasocial.vinaros.es\/es\/wp-json\/wp\/v2\/pages\/495"}],"wp:attachment":[{"href":"https:\/\/politicasocial.vinaros.es\/es\/wp-json\/wp\/v2\/media?parent=502"}],"curies":[{"name":"wp","href":"https:\/\/api.w.org\/{rel}","templated":true}]}}