{"id":517,"date":"2022-11-24T16:18:04","date_gmt":"2022-11-24T15:18:04","guid":{"rendered":"https:\/\/socials.vinaros.es\/servicios\/atencion-primaria-especifica\/servicio-de-diversidad-funcional-mental-y-cronica\/"},"modified":"2023-03-16T17:14:41","modified_gmt":"2023-03-16T16:14:41","slug":"servicio-de-diversidad-funcional-mental-y-cronica","status":"publish","type":"page","link":"https:\/\/politicasocial.vinaros.es\/es\/servicios\/atencion-primaria-especifica\/servicio-de-diversidad-funcional-mental-y-cronica\/","title":{"rendered":"Servicio de diversidad funcional mental y cr\u00f3nica"},"content":{"rendered":"\n<h2 class=\"wp-block-heading\">\u00bfQu\u00e9 es?<\/h2>\n\n<p>El programa \u201cSuport e integraci\u00f3 social\u201d (PSIS) se encuadra dentro de la Ley 3\/2019, de 18 de febrero, de servicios sociales inclusivos de la Comunidad Valenciana. Es un programa de atenci\u00f3n primaria de car\u00e1cter espec\u00edfico dentro del Servicio de atenci\u00f3n a las personas con diversidad funcional o discapacidad y espec\u00edfico de personas con problemas cr\u00f3nicos de salud mental.<\/p>\n\n<h2 class=\"wp-block-heading\">Servicios prestados<\/h2>\n\n<p>Desarrollo de programas y actuaciones propias de la intervenci\u00f3n social, en coordinaci\u00f3n con el sistema sanitario as\u00ed como otros recursos municipales mediante programas de prevenci\u00f3n, promoci\u00f3n de la autonom\u00eda, rehabilitaci\u00f3n e inclusi\u00f3n social.<\/p>\n\n<h2 class=\"wp-block-heading\">\u00bfQui\u00e9n puede acceder?<\/h2>\n\n<ul class=\"wp-block-list\">\n<li>Estar en lista de espera del Centro Rehabilitaci\u00f3n e integraci\u00f3n social (CRIS)<\/li>\n\n\n\n<li>Renuncia o baja del CRIS.<\/li>\n<\/ul>\n\n<h2 class=\"wp-block-heading\">\u00bfC\u00f3mo solicitarlo?<\/h2>\n\n<div class=\"wp-block-group\"><div class=\"wp-block-group__inner-container is-layout-constrained wp-block-group-is-layout-constrained\">\n<p>Es necesario ser derivado por el psiquiatra al CRIS y la solicitud se realiza en los Servicios Sociales.<\/p>\n<\/div><\/div>\n\n<h2 class=\"wp-block-heading\">Documentaci\u00f3n<\/h2>\n\n<ul class=\"wp-block-list\">\n<li>Solicitud inicial del reconocimiento de la situaci\u00f3n de Dependencia y del derecho a las prestaciones del sistema.<\/li>\n\n\n\n<li>Informe propuesta del psiquiatra<\/li>\n\n\n\n<li>Modelo de domiciliaci\u00f3n bancaria<\/li>\n\n\n\n<li>Certificado hist\u00f3rico de Residencia<\/li>\n\n\n\n<li>DNI \/ NIE.<\/li>\n\n\n\n<li>SIP.<\/li>\n<\/ul>\n","protected":false},"excerpt":{"rendered":"<p>\u00bfQu\u00e9 es? El programa \u201cSuport e integraci\u00f3 social\u201d (PSIS) se encuadra dentro de la Ley 3\/2019, de 18 de febrero, de servicios sociales inclusivos de la Comunidad Valenciana. Es un programa de atenci\u00f3n primaria de car\u00e1cter espec\u00edfico dentro del Servicio de atenci\u00f3n a las personas con diversidad funcional o discapacidad y espec\u00edfico de personas con [&hellip;]<\/p>\n","protected":false},"author":2,"featured_media":0,"parent":510,"menu_order":2,"comment_status":"closed","ping_status":"closed","template":"","meta":{"_acf_changed":false,"inline_featured_image":false,"footnotes":""},"class_list":["post-517","page","type-page","status-publish","hentry"],"acf":[],"yoast_head":"<!-- This site is optimized with the Yoast SEO plugin v27.0 - https:\/\/yoast.com\/product\/yoast-seo-wordpress\/ -->\n<title>Servicio de diversidad funcional mental y cr\u00f3nica - Pol\u00edtica Social - Ajuntament de Vinar\u00f2s<\/title>\n<meta name=\"robots\" content=\"index, follow, max-snippet:-1, max-image-preview:large, max-video-preview:-1\" \/>\n<link rel=\"canonical\" href=\"https:\/\/politicasocial.vinaros.es\/es\/servicios\/atencion-primaria-especifica\/servicio-de-diversidad-funcional-mental-y-cronica\/\" \/>\n<meta property=\"og:locale\" content=\"es_ES\" \/>\n<meta property=\"og:type\" content=\"article\" \/>\n<meta property=\"og:title\" content=\"Servicio de diversidad funcional mental y cr\u00f3nica - Pol\u00edtica Social - Ajuntament de Vinar\u00f2s\" \/>\n<meta property=\"og:description\" content=\"\u00bfQu\u00e9 es? El programa \u201cSuport e integraci\u00f3 social\u201d (PSIS) se encuadra dentro de la Ley 3\/2019, de 18 de febrero, de servicios sociales inclusivos de la Comunidad Valenciana. Es un programa de atenci\u00f3n primaria de car\u00e1cter espec\u00edfico dentro del Servicio de atenci\u00f3n a las personas con diversidad funcional o discapacidad y espec\u00edfico de personas con [&hellip;]\" \/>\n<meta property=\"og:url\" content=\"https:\/\/politicasocial.vinaros.es\/es\/servicios\/atencion-primaria-especifica\/servicio-de-diversidad-funcional-mental-y-cronica\/\" \/>\n<meta property=\"og:site_name\" content=\"Pol\u00edtica Social - Ajuntament de Vinar\u00f2s\" \/>\n<meta property=\"article:modified_time\" content=\"2023-03-16T16:14:41+00:00\" \/>\n<meta name=\"twitter:card\" content=\"summary_large_image\" \/>\n<meta name=\"twitter:label1\" content=\"Tiempo de lectura\" \/>\n\t<meta name=\"twitter:data1\" content=\"1 minuto\" \/>\n<script type=\"application\/ld+json\" class=\"yoast-schema-graph\">{\"@context\":\"https:\/\/schema.org\",\"@graph\":[{\"@type\":\"WebPage\",\"@id\":\"https:\/\/politicasocial.vinaros.es\/es\/servicios\/atencion-primaria-especifica\/servicio-de-diversidad-funcional-mental-y-cronica\/\",\"url\":\"https:\/\/politicasocial.vinaros.es\/es\/servicios\/atencion-primaria-especifica\/servicio-de-diversidad-funcional-mental-y-cronica\/\",\"name\":\"Servicio de diversidad funcional mental y cr\u00f3nica - Pol\u00edtica Social - Ajuntament de Vinar\u00f2s\",\"isPartOf\":{\"@id\":\"https:\/\/politicasocial.vinaros.es\/es\/#website\"},\"datePublished\":\"2022-11-24T15:18:04+00:00\",\"dateModified\":\"2023-03-16T16:14:41+00:00\",\"breadcrumb\":{\"@id\":\"https:\/\/politicasocial.vinaros.es\/es\/servicios\/atencion-primaria-especifica\/servicio-de-diversidad-funcional-mental-y-cronica\/#breadcrumb\"},\"inLanguage\":\"es\",\"potentialAction\":[{\"@type\":\"ReadAction\",\"target\":[\"https:\/\/politicasocial.vinaros.es\/es\/servicios\/atencion-primaria-especifica\/servicio-de-diversidad-funcional-mental-y-cronica\/\"]}]},{\"@type\":\"BreadcrumbList\",\"@id\":\"https:\/\/politicasocial.vinaros.es\/es\/servicios\/atencion-primaria-especifica\/servicio-de-diversidad-funcional-mental-y-cronica\/#breadcrumb\",\"itemListElement\":[{\"@type\":\"ListItem\",\"position\":1,\"name\":\"Inicio\",\"item\":\"https:\/\/politicasocial.vinaros.es\/es\/\"},{\"@type\":\"ListItem\",\"position\":2,\"name\":\"Servicios\",\"item\":\"https:\/\/politicasocial.vinaros.es\/es\/serveis\/\"},{\"@type\":\"ListItem\",\"position\":3,\"name\":\"Atenci\u00f3n primaria espec\u00edfica\",\"item\":\"https:\/\/politicasocial.vinaros.es\/es\/serveis\/atencio-primaria-especifica\/\"},{\"@type\":\"ListItem\",\"position\":4,\"name\":\"Servicio de diversidad funcional mental y cr\u00f3nica\"}]},{\"@type\":\"WebSite\",\"@id\":\"https:\/\/politicasocial.vinaros.es\/es\/#website\",\"url\":\"https:\/\/politicasocial.vinaros.es\/es\/\",\"name\":\"Pol\u00edtica Social - Ajuntament de Vinar\u00f2s\",\"description\":\"Regidoria de Pol\u00edtica Social\",\"potentialAction\":[{\"@type\":\"SearchAction\",\"target\":{\"@type\":\"EntryPoint\",\"urlTemplate\":\"https:\/\/politicasocial.vinaros.es\/es\/?s={search_term_string}\"},\"query-input\":{\"@type\":\"PropertyValueSpecification\",\"valueRequired\":true,\"valueName\":\"search_term_string\"}}],\"inLanguage\":\"es\"}]}<\/script>\n<!-- \/ Yoast SEO plugin. -->","yoast_head_json":{"title":"Servicio de diversidad funcional mental y cr\u00f3nica - Pol\u00edtica Social - Ajuntament de Vinar\u00f2s","robots":{"index":"index","follow":"follow","max-snippet":"max-snippet:-1","max-image-preview":"max-image-preview:large","max-video-preview":"max-video-preview:-1"},"canonical":"https:\/\/politicasocial.vinaros.es\/es\/servicios\/atencion-primaria-especifica\/servicio-de-diversidad-funcional-mental-y-cronica\/","og_locale":"es_ES","og_type":"article","og_title":"Servicio de diversidad funcional mental y cr\u00f3nica - Pol\u00edtica Social - Ajuntament de Vinar\u00f2s","og_description":"\u00bfQu\u00e9 es? El programa \u201cSuport e integraci\u00f3 social\u201d (PSIS) se encuadra dentro de la Ley 3\/2019, de 18 de febrero, de servicios sociales inclusivos de la Comunidad Valenciana. Es un programa de atenci\u00f3n primaria de car\u00e1cter espec\u00edfico dentro del Servicio de atenci\u00f3n a las personas con diversidad funcional o discapacidad y espec\u00edfico de personas con [&hellip;]","og_url":"https:\/\/politicasocial.vinaros.es\/es\/servicios\/atencion-primaria-especifica\/servicio-de-diversidad-funcional-mental-y-cronica\/","og_site_name":"Pol\u00edtica Social - Ajuntament de Vinar\u00f2s","article_modified_time":"2023-03-16T16:14:41+00:00","twitter_card":"summary_large_image","twitter_misc":{"Tiempo de lectura":"1 minuto"},"schema":{"@context":"https:\/\/schema.org","@graph":[{"@type":"WebPage","@id":"https:\/\/politicasocial.vinaros.es\/es\/servicios\/atencion-primaria-especifica\/servicio-de-diversidad-funcional-mental-y-cronica\/","url":"https:\/\/politicasocial.vinaros.es\/es\/servicios\/atencion-primaria-especifica\/servicio-de-diversidad-funcional-mental-y-cronica\/","name":"Servicio de diversidad funcional mental y cr\u00f3nica - Pol\u00edtica Social - Ajuntament de Vinar\u00f2s","isPartOf":{"@id":"https:\/\/politicasocial.vinaros.es\/es\/#website"},"datePublished":"2022-11-24T15:18:04+00:00","dateModified":"2023-03-16T16:14:41+00:00","breadcrumb":{"@id":"https:\/\/politicasocial.vinaros.es\/es\/servicios\/atencion-primaria-especifica\/servicio-de-diversidad-funcional-mental-y-cronica\/#breadcrumb"},"inLanguage":"es","potentialAction":[{"@type":"ReadAction","target":["https:\/\/politicasocial.vinaros.es\/es\/servicios\/atencion-primaria-especifica\/servicio-de-diversidad-funcional-mental-y-cronica\/"]}]},{"@type":"BreadcrumbList","@id":"https:\/\/politicasocial.vinaros.es\/es\/servicios\/atencion-primaria-especifica\/servicio-de-diversidad-funcional-mental-y-cronica\/#breadcrumb","itemListElement":[{"@type":"ListItem","position":1,"name":"Inicio","item":"https:\/\/politicasocial.vinaros.es\/es\/"},{"@type":"ListItem","position":2,"name":"Servicios","item":"https:\/\/politicasocial.vinaros.es\/es\/serveis\/"},{"@type":"ListItem","position":3,"name":"Atenci\u00f3n primaria espec\u00edfica","item":"https:\/\/politicasocial.vinaros.es\/es\/serveis\/atencio-primaria-especifica\/"},{"@type":"ListItem","position":4,"name":"Servicio de diversidad funcional mental y cr\u00f3nica"}]},{"@type":"WebSite","@id":"https:\/\/politicasocial.vinaros.es\/es\/#website","url":"https:\/\/politicasocial.vinaros.es\/es\/","name":"Pol\u00edtica Social - Ajuntament de Vinar\u00f2s","description":"Regidoria de Pol\u00edtica Social","potentialAction":[{"@type":"SearchAction","target":{"@type":"EntryPoint","urlTemplate":"https:\/\/politicasocial.vinaros.es\/es\/?s={search_term_string}"},"query-input":{"@type":"PropertyValueSpecification","valueRequired":true,"valueName":"search_term_string"}}],"inLanguage":"es"}]}},"_links":{"self":[{"href":"https:\/\/politicasocial.vinaros.es\/es\/wp-json\/wp\/v2\/pages\/517","targetHints":{"allow":["GET"]}}],"collection":[{"href":"https:\/\/politicasocial.vinaros.es\/es\/wp-json\/wp\/v2\/pages"}],"about":[{"href":"https:\/\/politicasocial.vinaros.es\/es\/wp-json\/wp\/v2\/types\/page"}],"author":[{"embeddable":true,"href":"https:\/\/politicasocial.vinaros.es\/es\/wp-json\/wp\/v2\/users\/2"}],"replies":[{"embeddable":true,"href":"https:\/\/politicasocial.vinaros.es\/es\/wp-json\/wp\/v2\/comments?post=517"}],"version-history":[{"count":2,"href":"https:\/\/politicasocial.vinaros.es\/es\/wp-json\/wp\/v2\/pages\/517\/revisions"}],"predecessor-version":[{"id":1687,"href":"https:\/\/politicasocial.vinaros.es\/es\/wp-json\/wp\/v2\/pages\/517\/revisions\/1687"}],"up":[{"embeddable":true,"href":"https:\/\/politicasocial.vinaros.es\/es\/wp-json\/wp\/v2\/pages\/510"}],"wp:attachment":[{"href":"https:\/\/politicasocial.vinaros.es\/es\/wp-json\/wp\/v2\/media?parent=517"}],"curies":[{"name":"wp","href":"https:\/\/api.w.org\/{rel}","templated":true}]}}