{"id":523,"date":"2022-11-24T16:17:39","date_gmt":"2022-11-24T15:17:39","guid":{"rendered":"https:\/\/socials.vinaros.es\/servicios\/atencion-primaria-especifica\/servicio-violencia-de-genero\/"},"modified":"2023-03-16T17:11:58","modified_gmt":"2023-03-16T16:11:58","slug":"servicio-violencia-de-genero","status":"publish","type":"page","link":"https:\/\/politicasocial.vinaros.es\/es\/servicios\/atencion-primaria-especifica\/servicio-violencia-de-genero\/","title":{"rendered":"Servicio violencia de g\u00e9nero y machista"},"content":{"rendered":"\n<h2 class=\"wp-block-heading\">\u00bfQu\u00e9 es?<\/h2>\n\n<p>SERVICIO TELEF\u00d3NICO DE ATENCI\u00d3N Y PROTECCI\u00d3N PARA V\u00cdCTIMAS DE VIOLENCIA DE G\u00c9NERO.<\/p>\n\n<p>Es una modalidad de servicio que, con una tecnolog\u00eda espec\u00edfica de comunicaci\u00f3n telef\u00f3nica m\u00f3vil y de telelocalizaci\u00f3n, ofrece a las v\u00edctimas de la violencia de g\u00e9nero, una atenci\u00f3n inmediata y a distancia, asegurando una respuesta r\u00e1pida a las eventualidades que les puedan sobrevenir, las 24 horas del d\u00eda, los 365 d\u00edas del a\u00f1o y sea cual sea el lugar en que se encuentren.<br\/>Permite que puedan entrar en contacto con un Centro atendido por personal espec\u00edficamente preparado para dar una respuesta adecuada a cada situaci\u00f3n, bien por si mismo o movilizando otros recursos humanos como la Guardia Civil o la polic\u00eda Local.<br\/>El contacto con este centro de atenci\u00f3n ha de poder establecerse en todo momento y desde cualquier lugar, tan solo apretando un bot\u00f3n y en la modalidad de \u201cmanos libres\u201d.<\/p>\n\n<h2 class=\"wp-block-heading\">Servicios prestados<\/h2>\n\n<ul class=\"wp-block-list\">\n<li>Proporciona seguridad y tranquilidad a las usuarias del servicio ofreci\u00e9ndoles apoyo, informaci\u00f3n y asesoramiento, garantizando la comunicaci\u00f3n interpersonal, las 24 horas del d\u00eda, contribuyendo as\u00ed a su recuperaci\u00f3n.<\/li>\n\n\n\n<li>Potencia la autoestima y la calidad de vida de las mujeres, contribuyendo a crear una red social de apoyo.<\/li>\n\n\n\n<li>Garantiza una atenci\u00f3n inmediata y adecuada ante situaciones de emergencia.<\/li>\n\n\n\n<li>Realiza un seguimiento activo de la situaci\u00f3n en la que se encuentran, a trav\u00e9s del contacto peri\u00f3dico con el centro de atenci\u00f3n.<\/li>\n<\/ul>\n\n<p>Todo ello como parte de un proceso de recuperaci\u00f3n integral.<\/p>\n\n<h2 class=\"wp-block-heading\">\u00bfQui\u00e9n puede acceder?<\/h2>\n\n<p>Mujeres v\u00edctimas de violencia de g\u00e9nero que cumplan los siguientes requisitos:<\/p>\n\n<ul class=\"wp-block-list\">\n<li>No convivir con la persona o personas que les han sometido a maltrato.<\/li>\n\n\n\n<li>Participar en los programas de atenci\u00f3n espec\u00edfica para v\u00edctimas de la violencia de g\u00e9nero.<\/li>\n\n\n\n<li>Aceptar las normas del funcionamiento del servicio.<\/li>\n<\/ul>\n\n<p>Los profesionales del centro de Servicios Sociales del Ayuntamiento de Vinar\u00f2s realizan un seguimiento peri\u00f3dico en el que se valora que las circunstancias por las cuales se accedi\u00f3 se siguen manteniendo. Este servicio gestiona las solicitudes, altas, bajas e incidencias.<\/p>\n\n<h2 class=\"wp-block-heading\">\u00bfC\u00f3mo solicitarlo?<\/h2>\n\n<div class=\"wp-block-group\"><div class=\"wp-block-group__inner-container is-layout-constrained wp-block-group-is-layout-constrained\">\n<p>Para solicitar el servicio se puede realizar en la direcci\u00f3n y tel\u00e9fono indicados a continuaci\u00f3n, en horario de lunes a viernes de 9 a 14h.<\/p>\n\n\n\n<p><strong>Concejal\u00eda de Pol\u00edtica Social<\/strong><br\/>Pla\u00e7a Sant Antoni, 19<br\/>12500 Vinar\u00f2s<br\/>Tel: 964450075<br\/>Correo electr\u00f3nico: <a href=\"mailto:serviciossociales@vinaros.es\">serviciossociales@vinaros.es<\/a><\/p>\n<\/div><\/div>\n\n<h2 class=\"wp-block-heading\">Documentaci\u00f3n<\/h2>\n\n<p><strong>SOLICITUDES ORDINARIAS:<\/strong><\/p>\n\n<ul class=\"wp-block-list\">\n<li>DNI\/NIE.<\/li>\n\n\n\n<li>Medida cautelar de alejamiento\/Orden de Protecci\u00f3n, indicada en un Auto o Sentencia.<\/li>\n<\/ul>\n\n<p><strong>ALTAS EXCEPCIONALES EN EL SERVICIO:<\/strong><\/p>\n\n<p>Con car\u00e1cter excepcional y temporal se podr\u00e1n tramitar solicitudes en las que a\u00fan no se haya interpuesto denuncia, siempre que se re\u00fanan los requisitos que constan en el apartado correspondiente.<\/p>\n","protected":false},"excerpt":{"rendered":"<p>\u00bfQu\u00e9 es? SERVICIO TELEF\u00d3NICO DE ATENCI\u00d3N Y PROTECCI\u00d3N PARA V\u00cdCTIMAS DE VIOLENCIA DE G\u00c9NERO. Es una modalidad de servicio que, con una tecnolog\u00eda espec\u00edfica de comunicaci\u00f3n telef\u00f3nica m\u00f3vil y de telelocalizaci\u00f3n, ofrece a las v\u00edctimas de la violencia de g\u00e9nero, una atenci\u00f3n inmediata y a distancia, asegurando una respuesta r\u00e1pida a las eventualidades que les [&hellip;]<\/p>\n","protected":false},"author":2,"featured_media":0,"parent":510,"menu_order":1,"comment_status":"closed","ping_status":"closed","template":"","meta":{"_acf_changed":false,"inline_featured_image":false,"footnotes":""},"class_list":["post-523","page","type-page","status-publish","hentry"],"acf":[],"yoast_head":"<!-- This site is optimized with the Yoast SEO plugin v27.0 - https:\/\/yoast.com\/product\/yoast-seo-wordpress\/ -->\n<title>Servicio violencia de g\u00e9nero y machista - Pol\u00edtica Social - Ajuntament de Vinar\u00f2s<\/title>\n<meta name=\"robots\" content=\"index, follow, max-snippet:-1, max-image-preview:large, max-video-preview:-1\" \/>\n<link rel=\"canonical\" href=\"https:\/\/politicasocial.vinaros.es\/es\/servicios\/atencion-primaria-especifica\/servicio-violencia-de-genero\/\" \/>\n<meta property=\"og:locale\" content=\"es_ES\" \/>\n<meta property=\"og:type\" content=\"article\" \/>\n<meta property=\"og:title\" content=\"Servicio violencia de g\u00e9nero y machista - Pol\u00edtica Social - Ajuntament de Vinar\u00f2s\" \/>\n<meta property=\"og:description\" content=\"\u00bfQu\u00e9 es? SERVICIO TELEF\u00d3NICO DE ATENCI\u00d3N Y PROTECCI\u00d3N PARA V\u00cdCTIMAS DE VIOLENCIA DE G\u00c9NERO. Es una modalidad de servicio que, con una tecnolog\u00eda espec\u00edfica de comunicaci\u00f3n telef\u00f3nica m\u00f3vil y de telelocalizaci\u00f3n, ofrece a las v\u00edctimas de la violencia de g\u00e9nero, una atenci\u00f3n inmediata y a distancia, asegurando una respuesta r\u00e1pida a las eventualidades que les [&hellip;]\" \/>\n<meta property=\"og:url\" content=\"https:\/\/politicasocial.vinaros.es\/es\/servicios\/atencion-primaria-especifica\/servicio-violencia-de-genero\/\" \/>\n<meta property=\"og:site_name\" content=\"Pol\u00edtica Social - Ajuntament de Vinar\u00f2s\" \/>\n<meta property=\"article:modified_time\" content=\"2023-03-16T16:11:58+00:00\" \/>\n<meta name=\"twitter:card\" content=\"summary_large_image\" \/>\n<meta name=\"twitter:label1\" content=\"Tiempo de lectura\" \/>\n\t<meta name=\"twitter:data1\" content=\"2 minutos\" \/>\n<script type=\"application\/ld+json\" class=\"yoast-schema-graph\">{\"@context\":\"https:\/\/schema.org\",\"@graph\":[{\"@type\":\"WebPage\",\"@id\":\"https:\/\/politicasocial.vinaros.es\/es\/servicios\/atencion-primaria-especifica\/servicio-violencia-de-genero\/\",\"url\":\"https:\/\/politicasocial.vinaros.es\/es\/servicios\/atencion-primaria-especifica\/servicio-violencia-de-genero\/\",\"name\":\"Servicio violencia de g\u00e9nero y machista - Pol\u00edtica Social - Ajuntament de Vinar\u00f2s\",\"isPartOf\":{\"@id\":\"https:\/\/politicasocial.vinaros.es\/es\/#website\"},\"datePublished\":\"2022-11-24T15:17:39+00:00\",\"dateModified\":\"2023-03-16T16:11:58+00:00\",\"breadcrumb\":{\"@id\":\"https:\/\/politicasocial.vinaros.es\/es\/servicios\/atencion-primaria-especifica\/servicio-violencia-de-genero\/#breadcrumb\"},\"inLanguage\":\"es\",\"potentialAction\":[{\"@type\":\"ReadAction\",\"target\":[\"https:\/\/politicasocial.vinaros.es\/es\/servicios\/atencion-primaria-especifica\/servicio-violencia-de-genero\/\"]}]},{\"@type\":\"BreadcrumbList\",\"@id\":\"https:\/\/politicasocial.vinaros.es\/es\/servicios\/atencion-primaria-especifica\/servicio-violencia-de-genero\/#breadcrumb\",\"itemListElement\":[{\"@type\":\"ListItem\",\"position\":1,\"name\":\"Inicio\",\"item\":\"https:\/\/politicasocial.vinaros.es\/es\/\"},{\"@type\":\"ListItem\",\"position\":2,\"name\":\"Servicios\",\"item\":\"https:\/\/politicasocial.vinaros.es\/es\/serveis\/\"},{\"@type\":\"ListItem\",\"position\":3,\"name\":\"Atenci\u00f3n primaria espec\u00edfica\",\"item\":\"https:\/\/politicasocial.vinaros.es\/es\/serveis\/atencio-primaria-especifica\/\"},{\"@type\":\"ListItem\",\"position\":4,\"name\":\"Servicio violencia de g\u00e9nero y machista\"}]},{\"@type\":\"WebSite\",\"@id\":\"https:\/\/politicasocial.vinaros.es\/es\/#website\",\"url\":\"https:\/\/politicasocial.vinaros.es\/es\/\",\"name\":\"Pol\u00edtica Social - Ajuntament de Vinar\u00f2s\",\"description\":\"Regidoria de Pol\u00edtica Social\",\"potentialAction\":[{\"@type\":\"SearchAction\",\"target\":{\"@type\":\"EntryPoint\",\"urlTemplate\":\"https:\/\/politicasocial.vinaros.es\/es\/?s={search_term_string}\"},\"query-input\":{\"@type\":\"PropertyValueSpecification\",\"valueRequired\":true,\"valueName\":\"search_term_string\"}}],\"inLanguage\":\"es\"}]}<\/script>\n<!-- \/ Yoast SEO plugin. -->","yoast_head_json":{"title":"Servicio violencia de g\u00e9nero y machista - Pol\u00edtica Social - Ajuntament de Vinar\u00f2s","robots":{"index":"index","follow":"follow","max-snippet":"max-snippet:-1","max-image-preview":"max-image-preview:large","max-video-preview":"max-video-preview:-1"},"canonical":"https:\/\/politicasocial.vinaros.es\/es\/servicios\/atencion-primaria-especifica\/servicio-violencia-de-genero\/","og_locale":"es_ES","og_type":"article","og_title":"Servicio violencia de g\u00e9nero y machista - Pol\u00edtica Social - Ajuntament de Vinar\u00f2s","og_description":"\u00bfQu\u00e9 es? SERVICIO TELEF\u00d3NICO DE ATENCI\u00d3N Y PROTECCI\u00d3N PARA V\u00cdCTIMAS DE VIOLENCIA DE G\u00c9NERO. Es una modalidad de servicio que, con una tecnolog\u00eda espec\u00edfica de comunicaci\u00f3n telef\u00f3nica m\u00f3vil y de telelocalizaci\u00f3n, ofrece a las v\u00edctimas de la violencia de g\u00e9nero, una atenci\u00f3n inmediata y a distancia, asegurando una respuesta r\u00e1pida a las eventualidades que les [&hellip;]","og_url":"https:\/\/politicasocial.vinaros.es\/es\/servicios\/atencion-primaria-especifica\/servicio-violencia-de-genero\/","og_site_name":"Pol\u00edtica Social - Ajuntament de Vinar\u00f2s","article_modified_time":"2023-03-16T16:11:58+00:00","twitter_card":"summary_large_image","twitter_misc":{"Tiempo de lectura":"2 minutos"},"schema":{"@context":"https:\/\/schema.org","@graph":[{"@type":"WebPage","@id":"https:\/\/politicasocial.vinaros.es\/es\/servicios\/atencion-primaria-especifica\/servicio-violencia-de-genero\/","url":"https:\/\/politicasocial.vinaros.es\/es\/servicios\/atencion-primaria-especifica\/servicio-violencia-de-genero\/","name":"Servicio violencia de g\u00e9nero y machista - Pol\u00edtica Social - Ajuntament de Vinar\u00f2s","isPartOf":{"@id":"https:\/\/politicasocial.vinaros.es\/es\/#website"},"datePublished":"2022-11-24T15:17:39+00:00","dateModified":"2023-03-16T16:11:58+00:00","breadcrumb":{"@id":"https:\/\/politicasocial.vinaros.es\/es\/servicios\/atencion-primaria-especifica\/servicio-violencia-de-genero\/#breadcrumb"},"inLanguage":"es","potentialAction":[{"@type":"ReadAction","target":["https:\/\/politicasocial.vinaros.es\/es\/servicios\/atencion-primaria-especifica\/servicio-violencia-de-genero\/"]}]},{"@type":"BreadcrumbList","@id":"https:\/\/politicasocial.vinaros.es\/es\/servicios\/atencion-primaria-especifica\/servicio-violencia-de-genero\/#breadcrumb","itemListElement":[{"@type":"ListItem","position":1,"name":"Inicio","item":"https:\/\/politicasocial.vinaros.es\/es\/"},{"@type":"ListItem","position":2,"name":"Servicios","item":"https:\/\/politicasocial.vinaros.es\/es\/serveis\/"},{"@type":"ListItem","position":3,"name":"Atenci\u00f3n primaria espec\u00edfica","item":"https:\/\/politicasocial.vinaros.es\/es\/serveis\/atencio-primaria-especifica\/"},{"@type":"ListItem","position":4,"name":"Servicio violencia de g\u00e9nero y machista"}]},{"@type":"WebSite","@id":"https:\/\/politicasocial.vinaros.es\/es\/#website","url":"https:\/\/politicasocial.vinaros.es\/es\/","name":"Pol\u00edtica Social - Ajuntament de Vinar\u00f2s","description":"Regidoria de Pol\u00edtica Social","potentialAction":[{"@type":"SearchAction","target":{"@type":"EntryPoint","urlTemplate":"https:\/\/politicasocial.vinaros.es\/es\/?s={search_term_string}"},"query-input":{"@type":"PropertyValueSpecification","valueRequired":true,"valueName":"search_term_string"}}],"inLanguage":"es"}]}},"_links":{"self":[{"href":"https:\/\/politicasocial.vinaros.es\/es\/wp-json\/wp\/v2\/pages\/523","targetHints":{"allow":["GET"]}}],"collection":[{"href":"https:\/\/politicasocial.vinaros.es\/es\/wp-json\/wp\/v2\/pages"}],"about":[{"href":"https:\/\/politicasocial.vinaros.es\/es\/wp-json\/wp\/v2\/types\/page"}],"author":[{"embeddable":true,"href":"https:\/\/politicasocial.vinaros.es\/es\/wp-json\/wp\/v2\/users\/2"}],"replies":[{"embeddable":true,"href":"https:\/\/politicasocial.vinaros.es\/es\/wp-json\/wp\/v2\/comments?post=523"}],"version-history":[{"count":5,"href":"https:\/\/politicasocial.vinaros.es\/es\/wp-json\/wp\/v2\/pages\/523\/revisions"}],"predecessor-version":[{"id":1685,"href":"https:\/\/politicasocial.vinaros.es\/es\/wp-json\/wp\/v2\/pages\/523\/revisions\/1685"}],"up":[{"embeddable":true,"href":"https:\/\/politicasocial.vinaros.es\/es\/wp-json\/wp\/v2\/pages\/510"}],"wp:attachment":[{"href":"https:\/\/politicasocial.vinaros.es\/es\/wp-json\/wp\/v2\/media?parent=523"}],"curies":[{"name":"wp","href":"https:\/\/api.w.org\/{rel}","templated":true}]}}