{"id":529,"date":"2022-11-23T12:45:38","date_gmt":"2022-11-23T11:45:38","guid":{"rendered":"https:\/\/socials.vinaros.es\/upcca\/"},"modified":"2023-03-16T17:15:52","modified_gmt":"2023-03-16T16:15:52","slug":"upcca","status":"publish","type":"page","link":"https:\/\/politicasocial.vinaros.es\/es\/upcca\/","title":{"rendered":"UPCCA"},"content":{"rendered":"\n<h2 class=\"wp-block-heading\">\u00bfQu\u00e9 es?<\/h2>\n\n<p>Es un recurso espec\u00edfico para la prevenci\u00f3n de las adicciones. Desarrolla actuaciones que tienen como objetivo reducir i\/o evitar el abuso de drogas y otras conductas adictyivas, y por tantom, los problemas asociados a estos , as\u00ed como la promoci\u00f3n de h\u00e1bitos saludables y una cultura comunitaria de salud. <\/p>\n\n<h2 class=\"wp-block-heading\">Servicios<\/h2>\n\n<ul class=\"wp-block-list\">\n<li>\u00c1mbito escolar: talleres y charlas formativas e informativas a los alumnos; orientaci\u00f3n y asesoramiento al personal docente en materia de prevenci\u00f3n de conductas adictivas, as\u00ed como la implantaci\u00f3n de programas de prevenci\u00f3n escolar.<\/li>\n\n\n\n<li>\u00c1mbito familiar: talleres y charlas formativas e informativas a padres\/madres con contenido preventivo y atenci\u00f3n individualizada para informar, orientar e intervenir con menores y sus familias.<\/li>\n\n\n\n<li>\u00c1mbito comunitario: actividades de promoci\u00f3n de la salud ( campa\u00f1as de prevenci\u00f3n, actividades de sensibilizaci\u00f3n e informaci\u00f3n, actividades de ocio y tiempo libre&#8230;)dirigidos a la poblaci\u00f3n en general.<\/li>\n<\/ul>\n\n<h2 class=\"wp-block-heading\">\u00bfQui\u00e9n puede acceder?<\/h2>\n\n<p>Es un recurso municipal y gratuito, dirigidoa cualquier persona que resida en el municipio.<\/p>\n\n<h2 class=\"wp-block-heading\">\u00bfC\u00f3mo solicitarlo?<\/h2>\n\n<p>Para solicitar el servicio se puede realizar en la direcci\u00f3n y tel\u00e9fono indicados a continuaci\u00f3n, en Horario de lunes a viernes de 9 a 14h.<\/p>\n\n<p><strong>Concejal\u00eda de Pol\u00edtica Social<\/strong><br\/>Pla\u00e7a Sant Antoni, 19<br\/>12500 Vinar\u00f2s<br\/>Tel: 964450075<br\/>Correo electr\u00f3nico: <a href=\"mailto:igualtat@vinaros.es\">igualtat@vinaros.es<\/a><\/p>\n","protected":false},"excerpt":{"rendered":"<p>\u00bfQu\u00e9 es? Es un recurso espec\u00edfico para la prevenci\u00f3n de las adicciones. Desarrolla actuaciones que tienen como objetivo reducir i\/o evitar el abuso de drogas y otras conductas adictyivas, y por tantom, los problemas asociados a estos , as\u00ed como la promoci\u00f3n de h\u00e1bitos saludables y una cultura comunitaria de salud. Servicios \u00bfQui\u00e9n puede acceder? [&hellip;]<\/p>\n","protected":false},"author":1,"featured_media":0,"parent":0,"menu_order":0,"comment_status":"closed","ping_status":"closed","template":"","meta":{"_acf_changed":false,"inline_featured_image":false,"footnotes":""},"class_list":["post-529","page","type-page","status-publish","hentry"],"acf":[],"yoast_head":"<!-- This site is optimized with the Yoast SEO plugin v27.0 - https:\/\/yoast.com\/product\/yoast-seo-wordpress\/ -->\n<title>UPCCA - Pol\u00edtica Social - Ajuntament de Vinar\u00f2s<\/title>\n<meta name=\"robots\" content=\"index, follow, max-snippet:-1, max-image-preview:large, max-video-preview:-1\" \/>\n<link rel=\"canonical\" href=\"https:\/\/politicasocial.vinaros.es\/es\/upcca\/\" \/>\n<meta property=\"og:locale\" content=\"es_ES\" \/>\n<meta property=\"og:type\" content=\"article\" \/>\n<meta property=\"og:title\" content=\"UPCCA - Pol\u00edtica Social - Ajuntament de Vinar\u00f2s\" \/>\n<meta property=\"og:description\" content=\"\u00bfQu\u00e9 es? Es un recurso espec\u00edfico para la prevenci\u00f3n de las adicciones. Desarrolla actuaciones que tienen como objetivo reducir i\/o evitar el abuso de drogas y otras conductas adictyivas, y por tantom, los problemas asociados a estos , as\u00ed como la promoci\u00f3n de h\u00e1bitos saludables y una cultura comunitaria de salud. Servicios \u00bfQui\u00e9n puede acceder? [&hellip;]\" \/>\n<meta property=\"og:url\" content=\"https:\/\/politicasocial.vinaros.es\/es\/upcca\/\" \/>\n<meta property=\"og:site_name\" content=\"Pol\u00edtica Social - Ajuntament de Vinar\u00f2s\" \/>\n<meta property=\"article:modified_time\" content=\"2023-03-16T16:15:52+00:00\" \/>\n<meta name=\"twitter:card\" content=\"summary_large_image\" \/>\n<meta name=\"twitter:label1\" content=\"Tiempo de lectura\" \/>\n\t<meta name=\"twitter:data1\" content=\"1 minuto\" \/>\n<script type=\"application\/ld+json\" class=\"yoast-schema-graph\">{\"@context\":\"https:\/\/schema.org\",\"@graph\":[{\"@type\":\"WebPage\",\"@id\":\"https:\/\/politicasocial.vinaros.es\/es\/upcca\/\",\"url\":\"https:\/\/politicasocial.vinaros.es\/es\/upcca\/\",\"name\":\"UPCCA - Pol\u00edtica Social - Ajuntament de Vinar\u00f2s\",\"isPartOf\":{\"@id\":\"https:\/\/politicasocial.vinaros.es\/es\/#website\"},\"datePublished\":\"2022-11-23T11:45:38+00:00\",\"dateModified\":\"2023-03-16T16:15:52+00:00\",\"breadcrumb\":{\"@id\":\"https:\/\/politicasocial.vinaros.es\/es\/upcca\/#breadcrumb\"},\"inLanguage\":\"es\",\"potentialAction\":[{\"@type\":\"ReadAction\",\"target\":[\"https:\/\/politicasocial.vinaros.es\/es\/upcca\/\"]}]},{\"@type\":\"BreadcrumbList\",\"@id\":\"https:\/\/politicasocial.vinaros.es\/es\/upcca\/#breadcrumb\",\"itemListElement\":[{\"@type\":\"ListItem\",\"position\":1,\"name\":\"Inicio\",\"item\":\"https:\/\/politicasocial.vinaros.es\/es\/\"},{\"@type\":\"ListItem\",\"position\":2,\"name\":\"UPCCA\"}]},{\"@type\":\"WebSite\",\"@id\":\"https:\/\/politicasocial.vinaros.es\/es\/#website\",\"url\":\"https:\/\/politicasocial.vinaros.es\/es\/\",\"name\":\"Pol\u00edtica Social - Ajuntament de Vinar\u00f2s\",\"description\":\"Regidoria de Pol\u00edtica Social\",\"potentialAction\":[{\"@type\":\"SearchAction\",\"target\":{\"@type\":\"EntryPoint\",\"urlTemplate\":\"https:\/\/politicasocial.vinaros.es\/es\/?s={search_term_string}\"},\"query-input\":{\"@type\":\"PropertyValueSpecification\",\"valueRequired\":true,\"valueName\":\"search_term_string\"}}],\"inLanguage\":\"es\"}]}<\/script>\n<!-- \/ Yoast SEO plugin. -->","yoast_head_json":{"title":"UPCCA - Pol\u00edtica Social - Ajuntament de Vinar\u00f2s","robots":{"index":"index","follow":"follow","max-snippet":"max-snippet:-1","max-image-preview":"max-image-preview:large","max-video-preview":"max-video-preview:-1"},"canonical":"https:\/\/politicasocial.vinaros.es\/es\/upcca\/","og_locale":"es_ES","og_type":"article","og_title":"UPCCA - Pol\u00edtica Social - Ajuntament de Vinar\u00f2s","og_description":"\u00bfQu\u00e9 es? Es un recurso espec\u00edfico para la prevenci\u00f3n de las adicciones. Desarrolla actuaciones que tienen como objetivo reducir i\/o evitar el abuso de drogas y otras conductas adictyivas, y por tantom, los problemas asociados a estos , as\u00ed como la promoci\u00f3n de h\u00e1bitos saludables y una cultura comunitaria de salud. Servicios \u00bfQui\u00e9n puede acceder? [&hellip;]","og_url":"https:\/\/politicasocial.vinaros.es\/es\/upcca\/","og_site_name":"Pol\u00edtica Social - Ajuntament de Vinar\u00f2s","article_modified_time":"2023-03-16T16:15:52+00:00","twitter_card":"summary_large_image","twitter_misc":{"Tiempo de lectura":"1 minuto"},"schema":{"@context":"https:\/\/schema.org","@graph":[{"@type":"WebPage","@id":"https:\/\/politicasocial.vinaros.es\/es\/upcca\/","url":"https:\/\/politicasocial.vinaros.es\/es\/upcca\/","name":"UPCCA - Pol\u00edtica Social - Ajuntament de Vinar\u00f2s","isPartOf":{"@id":"https:\/\/politicasocial.vinaros.es\/es\/#website"},"datePublished":"2022-11-23T11:45:38+00:00","dateModified":"2023-03-16T16:15:52+00:00","breadcrumb":{"@id":"https:\/\/politicasocial.vinaros.es\/es\/upcca\/#breadcrumb"},"inLanguage":"es","potentialAction":[{"@type":"ReadAction","target":["https:\/\/politicasocial.vinaros.es\/es\/upcca\/"]}]},{"@type":"BreadcrumbList","@id":"https:\/\/politicasocial.vinaros.es\/es\/upcca\/#breadcrumb","itemListElement":[{"@type":"ListItem","position":1,"name":"Inicio","item":"https:\/\/politicasocial.vinaros.es\/es\/"},{"@type":"ListItem","position":2,"name":"UPCCA"}]},{"@type":"WebSite","@id":"https:\/\/politicasocial.vinaros.es\/es\/#website","url":"https:\/\/politicasocial.vinaros.es\/es\/","name":"Pol\u00edtica Social - Ajuntament de Vinar\u00f2s","description":"Regidoria de Pol\u00edtica Social","potentialAction":[{"@type":"SearchAction","target":{"@type":"EntryPoint","urlTemplate":"https:\/\/politicasocial.vinaros.es\/es\/?s={search_term_string}"},"query-input":{"@type":"PropertyValueSpecification","valueRequired":true,"valueName":"search_term_string"}}],"inLanguage":"es"}]}},"_links":{"self":[{"href":"https:\/\/politicasocial.vinaros.es\/es\/wp-json\/wp\/v2\/pages\/529","targetHints":{"allow":["GET"]}}],"collection":[{"href":"https:\/\/politicasocial.vinaros.es\/es\/wp-json\/wp\/v2\/pages"}],"about":[{"href":"https:\/\/politicasocial.vinaros.es\/es\/wp-json\/wp\/v2\/types\/page"}],"author":[{"embeddable":true,"href":"https:\/\/politicasocial.vinaros.es\/es\/wp-json\/wp\/v2\/users\/1"}],"replies":[{"embeddable":true,"href":"https:\/\/politicasocial.vinaros.es\/es\/wp-json\/wp\/v2\/comments?post=529"}],"version-history":[{"count":2,"href":"https:\/\/politicasocial.vinaros.es\/es\/wp-json\/wp\/v2\/pages\/529\/revisions"}],"predecessor-version":[{"id":1689,"href":"https:\/\/politicasocial.vinaros.es\/es\/wp-json\/wp\/v2\/pages\/529\/revisions\/1689"}],"wp:attachment":[{"href":"https:\/\/politicasocial.vinaros.es\/es\/wp-json\/wp\/v2\/media?parent=529"}],"curies":[{"name":"wp","href":"https:\/\/api.w.org\/{rel}","templated":true}]}}