{"id":632,"date":"2022-12-19T16:28:46","date_gmt":"2022-12-19T15:28:46","guid":{"rendered":"https:\/\/politicasocial.vinaros.es\/?page_id=632"},"modified":"2023-03-17T14:13:19","modified_gmt":"2023-03-17T13:13:19","slug":"club-de-la-vida","status":"publish","type":"page","link":"https:\/\/politicasocial.vinaros.es\/es\/servicios\/atencion-primaria-basica\/promocion-de-la-autonomia\/club-de-la-vida\/","title":{"rendered":"Club de la vida"},"content":{"rendered":"\n<h2 class=\"wp-block-heading\">\u00bfQu\u00e9 es?<\/h2>\n\n\n\n<p>Actividades de promoci\u00f3n social y convivencia de la gente mayor, con el fin de fomentar la buena salud f\u00edsica y favorecer una buena salud mental frente al proceso de envejecimiento entre la poblaci\u00f3n mayor de Vinaroz, y dinamizar relaciones interpersonales y grupales con el fin de evitar soledad y el desarraigo.<\/p>\n\n\n\n<h2 class=\"wp-block-heading\">Servicios prestados<\/h2>\n\n\n\n<ol class=\"wp-block-list\">\n<li>Taller: taller de estimulaci\u00f3n a la lectura (lectura de cuentos para mayores): Proponemos una revisi\u00f3n de cuentos y lecturas para mayores muy interactivo. Adem\u00e1s, nos gustar\u00eda disponer de espacios para practicar teatro de historias cortas representadas y teatralizadas.  <\/li>\n\n\n\n<li>Taller: \u00abArTerapia\u00bb. (Un recorrido visual por Museos del Mundo donde hablamos y basura un cuadro) Cada d\u00eda vayamos volando por un Museo del Mundo, los m\u00e1s famosos y visitados para dibujar obras de arte y conocer los tesoros con nuestra creatividad. <\/li>\n\n\n\n<li>Taller de Biodansa: (Movimientos de nuestro cuerpo, con m\u00fasicas de siempre) El movimiento del cuerpo con el est\u00edmulo de m\u00fasicas de siempre aportadas por la gente del Club de la Vida. <\/li>\n\n\n\n<li>Taller de Cocina Tradicional. (Tradici\u00f3n y Sabidur\u00eda): Con la intenci\u00f3n de mantener viva nuestra gastronom\u00eda, queremos hacer protagonistas a los mayores. Por eso haremos fotos de sus platos cocinados.  <\/li>\n\n\n\n<li>Taller de estimulaci\u00f3n cognitiva. Ejercicios de palabras, de im\u00e1genes, adivinanzas y otros juegos escritos para tener la mente muy despierta.<\/li>\n\n\n\n<li>Taller Asambleario: Proceso de participaci\u00f3n activa de la gente mayor con sistema democr\u00e1tico de autogesti\u00f3n de actividades.<\/li>\n\n\n\n<li>Taller de Acci\u00f3n Social: Participamos de las iniciativas municipales en campa\u00f1as de feminismo, ecolog\u00eda, salud y intergeneraci\u00f3. Apoyando fechas significativas con el resto de las entidades locales. <\/li>\n<\/ol>\n\n\n\n<p><strong>Otras actividades:<\/strong> Caminatas ( Marcha nordica), Nuevas Tecnologias, Risoterapia y Ciutat Feli\u00e7 (intergeneraciones).<\/p>\n\n\n\n<h2 class=\"wp-block-heading\">\u00bfQui\u00e9n puede acceder?<\/h2>\n\n\n\n<p>Mayores de 65 a\u00f1os.<\/p>\n\n\n\n<h2 class=\"wp-block-heading\">\u00bfC\u00f3mo solicitarlo?<\/h2>\n\n\n\n<p>Lunes, miercoles y vierens de 9 a 12 horas en el Hogar del Jubilado.<\/p>\n\n\n\n<p><strong>Concejal\u00eda de Pol\u00edtica Social<\/strong><br>Correo electr\u00f3nico: <a href=\"mailto:serviciossociales@vinaros.es\">serviciossociales@vinaros.es<\/a><\/p>\n","protected":false},"excerpt":{"rendered":"<p>\u00bfQu\u00e9 es? Actividades de promoci\u00f3n social y convivencia de la gente mayor, con el fin de fomentar la buena salud f\u00edsica y favorecer una buena salud mental frente al proceso de envejecimiento entre la poblaci\u00f3n mayor de Vinaroz, y dinamizar relaciones interpersonales y grupales con el fin de evitar soledad y el desarraigo. Servicios prestados [&hellip;]<\/p>\n","protected":false},"author":1,"featured_media":635,"parent":498,"menu_order":4,"comment_status":"closed","ping_status":"closed","template":"","meta":{"_acf_changed":false,"inline_featured_image":false,"footnotes":""},"class_list":["post-632","page","type-page","status-publish","has-post-thumbnail","hentry"],"acf":[],"yoast_head":"<!-- This site is optimized with the Yoast SEO plugin v27.0 - https:\/\/yoast.com\/product\/yoast-seo-wordpress\/ -->\n<title>Club de la vida - Pol\u00edtica Social - Ajuntament de Vinar\u00f2s<\/title>\n<meta name=\"robots\" content=\"index, follow, max-snippet:-1, max-image-preview:large, max-video-preview:-1\" \/>\n<link rel=\"canonical\" href=\"https:\/\/politicasocial.vinaros.es\/es\/servicios\/atencion-primaria-basica\/promocion-de-la-autonomia\/club-de-la-vida\/\" \/>\n<meta property=\"og:locale\" content=\"es_ES\" \/>\n<meta property=\"og:type\" content=\"article\" \/>\n<meta property=\"og:title\" content=\"Club de la vida - Pol\u00edtica Social - Ajuntament de Vinar\u00f2s\" \/>\n<meta property=\"og:description\" content=\"\u00bfQu\u00e9 es? Actividades de promoci\u00f3n social y convivencia de la gente mayor, con el fin de fomentar la buena salud f\u00edsica y favorecer una buena salud mental frente al proceso de envejecimiento entre la poblaci\u00f3n mayor de Vinaroz, y dinamizar relaciones interpersonales y grupales con el fin de evitar soledad y el desarraigo. Servicios prestados [&hellip;]\" \/>\n<meta property=\"og:url\" content=\"https:\/\/politicasocial.vinaros.es\/es\/servicios\/atencion-primaria-basica\/promocion-de-la-autonomia\/club-de-la-vida\/\" \/>\n<meta property=\"og:site_name\" content=\"Pol\u00edtica Social - Ajuntament de Vinar\u00f2s\" \/>\n<meta property=\"article:modified_time\" content=\"2023-03-17T13:13:19+00:00\" \/>\n<meta property=\"og:image\" content=\"https:\/\/politicasocial.vinaros.es\/wp-content\/uploads\/2022\/12\/Logo-club-de-la-vida.png\" \/>\n\t<meta property=\"og:image:width\" content=\"219\" \/>\n\t<meta property=\"og:image:height\" content=\"222\" \/>\n\t<meta property=\"og:image:type\" content=\"image\/png\" \/>\n<meta name=\"twitter:card\" content=\"summary_large_image\" \/>\n<meta name=\"twitter:label1\" content=\"Tiempo de lectura\" \/>\n\t<meta name=\"twitter:data1\" content=\"2 minutos\" \/>\n<script type=\"application\/ld+json\" class=\"yoast-schema-graph\">{\"@context\":\"https:\/\/schema.org\",\"@graph\":[{\"@type\":\"WebPage\",\"@id\":\"https:\/\/politicasocial.vinaros.es\/es\/servicios\/atencion-primaria-basica\/promocion-de-la-autonomia\/club-de-la-vida\/\",\"url\":\"https:\/\/politicasocial.vinaros.es\/es\/servicios\/atencion-primaria-basica\/promocion-de-la-autonomia\/club-de-la-vida\/\",\"name\":\"Club de la vida - Pol\u00edtica Social - Ajuntament de Vinar\u00f2s\",\"isPartOf\":{\"@id\":\"https:\/\/politicasocial.vinaros.es\/es\/#website\"},\"primaryImageOfPage\":{\"@id\":\"https:\/\/politicasocial.vinaros.es\/es\/servicios\/atencion-primaria-basica\/promocion-de-la-autonomia\/club-de-la-vida\/#primaryimage\"},\"image\":{\"@id\":\"https:\/\/politicasocial.vinaros.es\/es\/servicios\/atencion-primaria-basica\/promocion-de-la-autonomia\/club-de-la-vida\/#primaryimage\"},\"thumbnailUrl\":\"https:\/\/politicasocial.vinaros.es\/wp-content\/uploads\/2022\/12\/Logo-club-de-la-vida.png\",\"datePublished\":\"2022-12-19T15:28:46+00:00\",\"dateModified\":\"2023-03-17T13:13:19+00:00\",\"breadcrumb\":{\"@id\":\"https:\/\/politicasocial.vinaros.es\/es\/servicios\/atencion-primaria-basica\/promocion-de-la-autonomia\/club-de-la-vida\/#breadcrumb\"},\"inLanguage\":\"es\",\"potentialAction\":[{\"@type\":\"ReadAction\",\"target\":[\"https:\/\/politicasocial.vinaros.es\/es\/servicios\/atencion-primaria-basica\/promocion-de-la-autonomia\/club-de-la-vida\/\"]}]},{\"@type\":\"ImageObject\",\"inLanguage\":\"es\",\"@id\":\"https:\/\/politicasocial.vinaros.es\/es\/servicios\/atencion-primaria-basica\/promocion-de-la-autonomia\/club-de-la-vida\/#primaryimage\",\"url\":\"https:\/\/politicasocial.vinaros.es\/wp-content\/uploads\/2022\/12\/Logo-club-de-la-vida.png\",\"contentUrl\":\"https:\/\/politicasocial.vinaros.es\/wp-content\/uploads\/2022\/12\/Logo-club-de-la-vida.png\",\"width\":219,\"height\":222},{\"@type\":\"BreadcrumbList\",\"@id\":\"https:\/\/politicasocial.vinaros.es\/es\/servicios\/atencion-primaria-basica\/promocion-de-la-autonomia\/club-de-la-vida\/#breadcrumb\",\"itemListElement\":[{\"@type\":\"ListItem\",\"position\":1,\"name\":\"Inicio\",\"item\":\"https:\/\/politicasocial.vinaros.es\/es\/\"},{\"@type\":\"ListItem\",\"position\":2,\"name\":\"Servicios\",\"item\":\"https:\/\/politicasocial.vinaros.es\/es\/serveis\/\"},{\"@type\":\"ListItem\",\"position\":3,\"name\":\"Atenci\u00f3n primaria b\u00e1sica\",\"item\":\"https:\/\/politicasocial.vinaros.es\/es\/serveis\/atencio-primaria-basica\/\"},{\"@type\":\"ListItem\",\"position\":4,\"name\":\"Promoci\u00f3n de la autonom\u00eda\",\"item\":\"https:\/\/politicasocial.vinaros.es\/es\/serveis\/atencio-primaria-basica\/promocio-de-lautonomia\/\"},{\"@type\":\"ListItem\",\"position\":5,\"name\":\"Club de la vida\"}]},{\"@type\":\"WebSite\",\"@id\":\"https:\/\/politicasocial.vinaros.es\/es\/#website\",\"url\":\"https:\/\/politicasocial.vinaros.es\/es\/\",\"name\":\"Pol\u00edtica Social - Ajuntament de Vinar\u00f2s\",\"description\":\"Regidoria de Pol\u00edtica Social\",\"potentialAction\":[{\"@type\":\"SearchAction\",\"target\":{\"@type\":\"EntryPoint\",\"urlTemplate\":\"https:\/\/politicasocial.vinaros.es\/es\/?s={search_term_string}\"},\"query-input\":{\"@type\":\"PropertyValueSpecification\",\"valueRequired\":true,\"valueName\":\"search_term_string\"}}],\"inLanguage\":\"es\"}]}<\/script>\n<!-- \/ Yoast SEO plugin. -->","yoast_head_json":{"title":"Club de la vida - Pol\u00edtica Social - Ajuntament de Vinar\u00f2s","robots":{"index":"index","follow":"follow","max-snippet":"max-snippet:-1","max-image-preview":"max-image-preview:large","max-video-preview":"max-video-preview:-1"},"canonical":"https:\/\/politicasocial.vinaros.es\/es\/servicios\/atencion-primaria-basica\/promocion-de-la-autonomia\/club-de-la-vida\/","og_locale":"es_ES","og_type":"article","og_title":"Club de la vida - Pol\u00edtica Social - Ajuntament de Vinar\u00f2s","og_description":"\u00bfQu\u00e9 es? Actividades de promoci\u00f3n social y convivencia de la gente mayor, con el fin de fomentar la buena salud f\u00edsica y favorecer una buena salud mental frente al proceso de envejecimiento entre la poblaci\u00f3n mayor de Vinaroz, y dinamizar relaciones interpersonales y grupales con el fin de evitar soledad y el desarraigo. Servicios prestados [&hellip;]","og_url":"https:\/\/politicasocial.vinaros.es\/es\/servicios\/atencion-primaria-basica\/promocion-de-la-autonomia\/club-de-la-vida\/","og_site_name":"Pol\u00edtica Social - Ajuntament de Vinar\u00f2s","article_modified_time":"2023-03-17T13:13:19+00:00","og_image":[{"width":219,"height":222,"url":"https:\/\/politicasocial.vinaros.es\/wp-content\/uploads\/2022\/12\/Logo-club-de-la-vida.png","type":"image\/png"}],"twitter_card":"summary_large_image","twitter_misc":{"Tiempo de lectura":"2 minutos"},"schema":{"@context":"https:\/\/schema.org","@graph":[{"@type":"WebPage","@id":"https:\/\/politicasocial.vinaros.es\/es\/servicios\/atencion-primaria-basica\/promocion-de-la-autonomia\/club-de-la-vida\/","url":"https:\/\/politicasocial.vinaros.es\/es\/servicios\/atencion-primaria-basica\/promocion-de-la-autonomia\/club-de-la-vida\/","name":"Club de la vida - Pol\u00edtica Social - Ajuntament de Vinar\u00f2s","isPartOf":{"@id":"https:\/\/politicasocial.vinaros.es\/es\/#website"},"primaryImageOfPage":{"@id":"https:\/\/politicasocial.vinaros.es\/es\/servicios\/atencion-primaria-basica\/promocion-de-la-autonomia\/club-de-la-vida\/#primaryimage"},"image":{"@id":"https:\/\/politicasocial.vinaros.es\/es\/servicios\/atencion-primaria-basica\/promocion-de-la-autonomia\/club-de-la-vida\/#primaryimage"},"thumbnailUrl":"https:\/\/politicasocial.vinaros.es\/wp-content\/uploads\/2022\/12\/Logo-club-de-la-vida.png","datePublished":"2022-12-19T15:28:46+00:00","dateModified":"2023-03-17T13:13:19+00:00","breadcrumb":{"@id":"https:\/\/politicasocial.vinaros.es\/es\/servicios\/atencion-primaria-basica\/promocion-de-la-autonomia\/club-de-la-vida\/#breadcrumb"},"inLanguage":"es","potentialAction":[{"@type":"ReadAction","target":["https:\/\/politicasocial.vinaros.es\/es\/servicios\/atencion-primaria-basica\/promocion-de-la-autonomia\/club-de-la-vida\/"]}]},{"@type":"ImageObject","inLanguage":"es","@id":"https:\/\/politicasocial.vinaros.es\/es\/servicios\/atencion-primaria-basica\/promocion-de-la-autonomia\/club-de-la-vida\/#primaryimage","url":"https:\/\/politicasocial.vinaros.es\/wp-content\/uploads\/2022\/12\/Logo-club-de-la-vida.png","contentUrl":"https:\/\/politicasocial.vinaros.es\/wp-content\/uploads\/2022\/12\/Logo-club-de-la-vida.png","width":219,"height":222},{"@type":"BreadcrumbList","@id":"https:\/\/politicasocial.vinaros.es\/es\/servicios\/atencion-primaria-basica\/promocion-de-la-autonomia\/club-de-la-vida\/#breadcrumb","itemListElement":[{"@type":"ListItem","position":1,"name":"Inicio","item":"https:\/\/politicasocial.vinaros.es\/es\/"},{"@type":"ListItem","position":2,"name":"Servicios","item":"https:\/\/politicasocial.vinaros.es\/es\/serveis\/"},{"@type":"ListItem","position":3,"name":"Atenci\u00f3n primaria b\u00e1sica","item":"https:\/\/politicasocial.vinaros.es\/es\/serveis\/atencio-primaria-basica\/"},{"@type":"ListItem","position":4,"name":"Promoci\u00f3n de la autonom\u00eda","item":"https:\/\/politicasocial.vinaros.es\/es\/serveis\/atencio-primaria-basica\/promocio-de-lautonomia\/"},{"@type":"ListItem","position":5,"name":"Club de la vida"}]},{"@type":"WebSite","@id":"https:\/\/politicasocial.vinaros.es\/es\/#website","url":"https:\/\/politicasocial.vinaros.es\/es\/","name":"Pol\u00edtica Social - Ajuntament de Vinar\u00f2s","description":"Regidoria de Pol\u00edtica Social","potentialAction":[{"@type":"SearchAction","target":{"@type":"EntryPoint","urlTemplate":"https:\/\/politicasocial.vinaros.es\/es\/?s={search_term_string}"},"query-input":{"@type":"PropertyValueSpecification","valueRequired":true,"valueName":"search_term_string"}}],"inLanguage":"es"}]}},"_links":{"self":[{"href":"https:\/\/politicasocial.vinaros.es\/es\/wp-json\/wp\/v2\/pages\/632","targetHints":{"allow":["GET"]}}],"collection":[{"href":"https:\/\/politicasocial.vinaros.es\/es\/wp-json\/wp\/v2\/pages"}],"about":[{"href":"https:\/\/politicasocial.vinaros.es\/es\/wp-json\/wp\/v2\/types\/page"}],"author":[{"embeddable":true,"href":"https:\/\/politicasocial.vinaros.es\/es\/wp-json\/wp\/v2\/users\/1"}],"replies":[{"embeddable":true,"href":"https:\/\/politicasocial.vinaros.es\/es\/wp-json\/wp\/v2\/comments?post=632"}],"version-history":[{"count":12,"href":"https:\/\/politicasocial.vinaros.es\/es\/wp-json\/wp\/v2\/pages\/632\/revisions"}],"predecessor-version":[{"id":1765,"href":"https:\/\/politicasocial.vinaros.es\/es\/wp-json\/wp\/v2\/pages\/632\/revisions\/1765"}],"up":[{"embeddable":true,"href":"https:\/\/politicasocial.vinaros.es\/es\/wp-json\/wp\/v2\/pages\/498"}],"wp:featuredmedia":[{"embeddable":true,"href":"https:\/\/politicasocial.vinaros.es\/es\/wp-json\/wp\/v2\/media\/635"}],"wp:attachment":[{"href":"https:\/\/politicasocial.vinaros.es\/es\/wp-json\/wp\/v2\/media?parent=632"}],"curies":[{"name":"wp","href":"https:\/\/api.w.org\/{rel}","templated":true}]}}